{"id":1251,"date":"2025-03-26T15:36:06","date_gmt":"2025-03-26T15:36:06","guid":{"rendered":"https:\/\/arduinoweekextremadura.es\/?page_id=1251"},"modified":"2026-03-19T19:43:13","modified_gmt":"2026-03-19T19:43:13","slug":"logrosan","status":"publish","type":"page","link":"https:\/\/arduinoweekextremadura.es\/index.php\/logrosan\/","title":{"rendered":"Logros\u00e1n"},"content":{"rendered":"<style>.kb-row-layout-id1251_546e65-fa > .kt-row-column-wrap{align-content:start;}:where(.kb-row-layout-id1251_546e65-fa > .kt-row-column-wrap) > .wp-block-kadence-column{justify-content:start;}.kb-row-layout-id1251_546e65-fa > .kt-row-column-wrap{column-gap:var(--global-kb-gap-md, 2rem);row-gap:var(--global-kb-gap-md, 2rem);max-width:var( --global-content-width, 1290px );padding-left:var(--global-content-edge-padding);padding-right:var(--global-content-edge-padding);padding-top:150px;padding-bottom:243px;grid-template-columns:minmax(0, 1fr);}.kb-row-layout-id1251_546e65-fa{background-image:url('https:\/\/arduinoweekextremadura.es\/wp-content\/uploads\/2026\/03\/logrosan3.jpg');background-size:cover;background-position:31% 33%;background-attachment:scroll;background-repeat:no-repeat;}.kb-row-layout-id1251_546e65-fa > .kt-row-layout-overlay{opacity:0.00;background:linear-gradient(112deg, var(--global-palette1) 0%, var(--global-palette2) 100%);mix-blend-mode:multiply;}@media all and (max-width: 1024px), only screen and (min-device-width: 1024px) and (max-device-width: 1366px) and (-webkit-min-device-pixel-ratio: 2) and (hover: none){.kb-row-layout-wrap.wp-block-kadence-rowlayout.kb-row-layout-id1251_546e65-fa{background-image:url('https:\/\/arduinoweekextremadura.es\/wp-content\/uploads\/2022\/03\/centro-universitario.jpg');background-size:auto;background-position:63% 56.99999999999999%;background-attachment:scroll;background-repeat:no-repeat;}}@media all and (max-width: 1024px){.kb-row-layout-id1251_546e65-fa > .kt-row-column-wrap{padding-bottom:243px;grid-template-columns:minmax(0, 1fr);}}@media all and (max-width: 767px){.kb-row-layout-id1251_546e65-fa > .kt-row-column-wrap{padding-bottom:243px;grid-template-columns:minmax(0, 1fr);}.kb-row-layout-wrap.wp-block-kadence-rowlayout.kb-row-layout-id1251_546e65-fa{background-image:url('https:\/\/arduinoweekextremadura.es\/wp-content\/uploads\/2022\/03\/centro-universitario.jpg');background-size:auto;background-position:69% 67%;background-attachment:scroll;background-repeat:repeat-y;}}<\/style><div class=\"kb-row-layout-wrap kb-row-layout-id1251_546e65-fa alignnone kt-row-has-bg wp-block-kadence-rowlayout\"><div class=\"kt-row-layout-overlay kt-row-overlay-gradient\"><\/div><div class=\"kt-row-column-wrap kt-has-1-columns kt-row-layout-equal kt-tab-layout-inherit kt-mobile-layout-row kt-row-valign-top kb-theme-content-width\">\n<style>.kadence-column1251_62ed3b-a9 > .kt-inside-inner-col,.kadence-column1251_62ed3b-a9 > .kt-inside-inner-col:before{border-top-left-radius:0px;border-top-right-radius:0px;border-bottom-right-radius:0px;border-bottom-left-radius:0px;}.kadence-column1251_62ed3b-a9 > .kt-inside-inner-col{column-gap:var(--global-kb-gap-sm, 1rem);}.kadence-column1251_62ed3b-a9 > .kt-inside-inner-col{flex-direction:column;}.kadence-column1251_62ed3b-a9 > .kt-inside-inner-col > .aligncenter{width:100%;}.kadence-column1251_62ed3b-a9 > .kt-inside-inner-col:before{opacity:0.3;}.kadence-column1251_62ed3b-a9{position:relative;}@media all and (max-width: 1024px){.kadence-column1251_62ed3b-a9 > .kt-inside-inner-col{flex-direction:column;justify-content:center;}}@media all and (max-width: 767px){.kadence-column1251_62ed3b-a9 > .kt-inside-inner-col{flex-direction:column;justify-content:center;}}<\/style>\n<div class=\"wp-block-kadence-column kadence-column1251_62ed3b-a9 inner-column-1\"><div class=\"kt-inside-inner-col\"><style>.wp-block-kadence-advancedheading.kt-adv-heading1251_b7b4e7-cf, .wp-block-kadence-advancedheading.kt-adv-heading1251_b7b4e7-cf[data-kb-block=\"kb-adv-heading1251_b7b4e7-cf\"]{font-style:normal;}.wp-block-kadence-advancedheading.kt-adv-heading1251_b7b4e7-cf mark.kt-highlight, .wp-block-kadence-advancedheading.kt-adv-heading1251_b7b4e7-cf[data-kb-block=\"kb-adv-heading1251_b7b4e7-cf\"] mark.kt-highlight{font-style:normal;color:#f76a0c;-webkit-box-decoration-break:clone;box-decoration-break:clone;padding-top:0px;padding-right:0px;padding-bottom:0px;padding-left:0px;}.wp-block-kadence-advancedheading.kt-adv-heading1251_b7b4e7-cf img.kb-inline-image, .wp-block-kadence-advancedheading.kt-adv-heading1251_b7b4e7-cf[data-kb-block=\"kb-adv-heading1251_b7b4e7-cf\"] img.kb-inline-image{width:150px;vertical-align:baseline;}<\/style>\n<p class=\"kt-adv-heading1251_b7b4e7-cf wp-block-kadence-advancedheading has-theme-palette-9-color has-text-color\" data-kb-block=\"kb-adv-heading1251_b7b4e7-cf\"><\/p>\n\n\n<style>.wp-block-kadence-advancedheading.kt-adv-heading1251_e3ab84-bd, .wp-block-kadence-advancedheading.kt-adv-heading1251_e3ab84-bd[data-kb-block=\"kb-adv-heading1251_e3ab84-bd\"]{text-align:left;font-size:41px;line-height:5px;font-style:normal;text-transform:uppercase;text-shadow:1px 1px 1px var(--global-palette2, #2B6CB0);}.wp-block-kadence-advancedheading.kt-adv-heading1251_e3ab84-bd mark.kt-highlight, .wp-block-kadence-advancedheading.kt-adv-heading1251_e3ab84-bd[data-kb-block=\"kb-adv-heading1251_e3ab84-bd\"] mark.kt-highlight{letter-spacing:4.3px;line-height:96px;font-style:normal;color:#f76a0c;-webkit-box-decoration-break:clone;box-decoration-break:clone;padding-top:0px;padding-right:0px;padding-bottom:0px;padding-left:0px;}.wp-block-kadence-advancedheading.kt-adv-heading1251_e3ab84-bd img.kb-inline-image, .wp-block-kadence-advancedheading.kt-adv-heading1251_e3ab84-bd[data-kb-block=\"kb-adv-heading1251_e3ab84-bd\"] img.kb-inline-image{width:150px;vertical-align:baseline;}@media all and (max-width: 1024px){.wp-block-kadence-advancedheading.kt-adv-heading1251_e3ab84-bd, .wp-block-kadence-advancedheading.kt-adv-heading1251_e3ab84-bd[data-kb-block=\"kb-adv-heading1251_e3ab84-bd\"]{text-shadow:1px 1px 1px var(--global-palette2, #2B6CB0);font-size:35px;line-height:59px;text-align:center!important;}}@media all and (max-width: 767px){.wp-block-kadence-advancedheading.kt-adv-heading1251_e3ab84-bd, .wp-block-kadence-advancedheading.kt-adv-heading1251_e3ab84-bd[data-kb-block=\"kb-adv-heading1251_e3ab84-bd\"]{text-shadow:1px 1px 1px var(--global-palette2, #2B6CB0);font-size:29px;line-height:40px;text-align:center!important;}}<\/style>\n<h2 class=\"kt-adv-heading1251_e3ab84-bd wp-block-kadence-advancedheading has-theme-palette-9-color has-text-color\" data-kb-block=\"kb-adv-heading1251_e3ab84-bd\">circular fab LOGROS\u00c1N<\/h2>\n<\/div><\/div>\n\n<\/div><\/div>\n\n<style>.kb-row-layout-id1251_506829-45 > .kt-row-column-wrap{align-content:start;}:where(.kb-row-layout-id1251_506829-45 > .kt-row-column-wrap) > .wp-block-kadence-column{justify-content:start;}.kb-row-layout-id1251_506829-45 > .kt-row-column-wrap{column-gap:var(--global-kb-gap-md, 2rem);row-gap:var(--global-kb-gap-md, 2rem);max-width:var( --global-content-width, 1290px );padding-left:var(--global-content-edge-padding);padding-right:var(--global-content-edge-padding);padding-top:80px;padding-bottom:40px;grid-template-columns:minmax(0, 1fr);}.kb-row-layout-id1251_506829-45 > .kt-row-layout-overlay{opacity:0.30;}@media all and (max-width: 1024px){.kb-row-layout-id1251_506829-45 > .kt-row-column-wrap{grid-template-columns:minmax(0, 1fr);}}@media all and (max-width: 767px){.kb-row-layout-id1251_506829-45 > .kt-row-column-wrap{grid-template-columns:minmax(0, 1fr);}}<\/style><div class=\"kb-row-layout-wrap kb-row-layout-id1251_506829-45 alignnone has-theme-palette8-background-color kt-row-has-bg wp-block-kadence-rowlayout\"><div class=\"kt-row-column-wrap kt-has-1-columns kt-row-layout-equal kt-tab-layout-inherit kt-mobile-layout-row kt-row-valign-top kb-theme-content-width\">\n<style>.kadence-column1251_f28cc0-ae > .kt-inside-inner-col,.kadence-column1251_f28cc0-ae > .kt-inside-inner-col:before{border-top-left-radius:0px;border-top-right-radius:0px;border-bottom-right-radius:0px;border-bottom-left-radius:0px;}.kadence-column1251_f28cc0-ae > .kt-inside-inner-col{column-gap:var(--global-kb-gap-sm, 1rem);}.kadence-column1251_f28cc0-ae > .kt-inside-inner-col{flex-direction:column;}.kadence-column1251_f28cc0-ae > .kt-inside-inner-col > .aligncenter{width:100%;}.kadence-column1251_f28cc0-ae > .kt-inside-inner-col:before{opacity:0.3;}.kadence-column1251_f28cc0-ae{position:relative;}@media all and (max-width: 1024px){.kadence-column1251_f28cc0-ae > .kt-inside-inner-col{flex-direction:column;justify-content:center;}}@media all and (max-width: 767px){.kadence-column1251_f28cc0-ae > .kt-inside-inner-col{flex-direction:column;justify-content:center;}}<\/style>\n<div class=\"wp-block-kadence-column kadence-column1251_f28cc0-ae inner-column-1\"><div class=\"kt-inside-inner-col\"><style>.wp-block-kadence-advancedheading.kt-adv-heading1251_367542-ab, .wp-block-kadence-advancedheading.kt-adv-heading1251_367542-ab[data-kb-block=\"kb-adv-heading1251_367542-ab\"]{text-align:center;font-size:22px;font-style:normal;}.wp-block-kadence-advancedheading.kt-adv-heading1251_367542-ab mark.kt-highlight, .wp-block-kadence-advancedheading.kt-adv-heading1251_367542-ab[data-kb-block=\"kb-adv-heading1251_367542-ab\"] mark.kt-highlight{font-style:normal;color:#f76a0c;-webkit-box-decoration-break:clone;box-decoration-break:clone;padding-top:0px;padding-right:0px;padding-bottom:0px;padding-left:0px;}.wp-block-kadence-advancedheading.kt-adv-heading1251_367542-ab img.kb-inline-image, .wp-block-kadence-advancedheading.kt-adv-heading1251_367542-ab[data-kb-block=\"kb-adv-heading1251_367542-ab\"] img.kb-inline-image{width:150px;vertical-align:baseline;}<\/style>\n<p class=\"kt-adv-heading1251_367542-ab wp-block-kadence-advancedheading has-theme-palette-3-color has-text-color\" data-kb-block=\"kb-adv-heading1251_367542-ab\">Un <strong>Circular FAB<\/strong> es un centro de innovaci\u00f3n territorial que impulsa la digitalizaci\u00f3n, la sostenibilidad y el emprendimiento en entornos rurales, ofreciendo formaci\u00f3n, tecnolog\u00eda y apoyo a empresas y ciudadan\u00eda.<\/p>\n\n\n<style>.wp-block-kadence-advancedheading.kt-adv-heading1251_74450e-12, .wp-block-kadence-advancedheading.kt-adv-heading1251_74450e-12[data-kb-block=\"kb-adv-heading1251_74450e-12\"]{font-style:normal;}.wp-block-kadence-advancedheading.kt-adv-heading1251_74450e-12 mark.kt-highlight, .wp-block-kadence-advancedheading.kt-adv-heading1251_74450e-12[data-kb-block=\"kb-adv-heading1251_74450e-12\"] mark.kt-highlight{font-style:normal;color:#f76a0c;-webkit-box-decoration-break:clone;box-decoration-break:clone;padding-top:0px;padding-right:0px;padding-bottom:0px;padding-left:0px;}.wp-block-kadence-advancedheading.kt-adv-heading1251_74450e-12 img.kb-inline-image, .wp-block-kadence-advancedheading.kt-adv-heading1251_74450e-12[data-kb-block=\"kb-adv-heading1251_74450e-12\"] img.kb-inline-image{width:150px;vertical-align:baseline;}<\/style>\n<h2 class=\"kt-adv-heading1251_74450e-12 wp-block-kadence-advancedheading\" data-kb-block=\"kb-adv-heading1251_74450e-12\">ACTIVIDADES<\/h2>\n<\/div><\/div>\n\n<\/div><\/div>\n\n<style>.kb-row-layout-id1251_90c96b-50 > .kt-row-column-wrap{align-content:start;}:where(.kb-row-layout-id1251_90c96b-50 > .kt-row-column-wrap) > .wp-block-kadence-column{justify-content:start;}.kb-row-layout-id1251_90c96b-50 > .kt-row-column-wrap{column-gap:80px;row-gap:var(--global-kb-gap-md, 2rem);max-width:var( --global-content-width, 1290px );padding-left:var(--global-content-edge-padding);padding-right:var(--global-content-edge-padding);padding-top:78px;padding-bottom:80px;grid-template-columns:minmax(0, calc(45% - ((80px * 1 )\/2)))minmax(0, calc(55% - ((80px * 1 )\/2)));}.kb-row-layout-id1251_90c96b-50 > .kt-row-layout-overlay{opacity:0.30;}@media all and (max-width: 1024px){.kb-row-layout-id1251_90c96b-50 > .kt-row-column-wrap{grid-template-columns:minmax(0, 1fr) minmax(0, 2fr);}}@media all and (max-width: 767px){.kb-row-layout-id1251_90c96b-50 > .kt-row-column-wrap{grid-template-columns:minmax(0, 1fr);}}<\/style><div class=\"kb-row-layout-wrap kb-row-layout-id1251_90c96b-50 alignnone wp-block-kadence-rowlayout\"><div class=\"kt-row-column-wrap kt-has-2-columns kt-row-layout-right-golden kt-tab-layout-inherit kt-mobile-layout-row kt-row-valign-top kt-inner-column-height-full kb-theme-content-width\">\n<style>.kadence-column1251_af3b28-a0 > .kt-inside-inner-col,.kadence-column1251_af3b28-a0 > .kt-inside-inner-col:before{border-top-left-radius:10px;border-top-right-radius:10px;border-bottom-right-radius:10px;border-bottom-left-radius:10px;}.kadence-column1251_af3b28-a0 > .kt-inside-inner-col{column-gap:var(--global-kb-gap-sm, 1rem);}.kadence-column1251_af3b28-a0 > .kt-inside-inner-col{flex-direction:column;}.kadence-column1251_af3b28-a0 > .kt-inside-inner-col > .aligncenter{width:100%;}.kadence-column1251_af3b28-a0 > .kt-inside-inner-col{background-image:url('https:\/\/arduinoweekextremadura.es\/wp-content\/uploads\/2026\/03\/logrosan.jpg');background-size:cover;background-position:43% 49%;background-attachment:scroll;background-repeat:no-repeat;}.kadence-column1251_af3b28-a0 > .kt-inside-inner-col:before{opacity:0.3;}.kadence-column1251_af3b28-a0{position:relative;}@media all and (max-width: 1024px){.kadence-column1251_af3b28-a0 > .kt-inside-inner-col{flex-direction:column;justify-content:center;}}@media all and (max-width: 767px){.kadence-column1251_af3b28-a0 > .kt-inside-inner-col{padding-bottom:300px;flex-direction:column;justify-content:center;}}<\/style>\n<div class=\"wp-block-kadence-column kadence-column1251_af3b28-a0 inner-column-1\"><div class=\"kt-inside-inner-col\"><\/div><\/div>\n\n\n<style>.kadence-column1251_04456e-39 > .kt-inside-inner-col,.kadence-column1251_04456e-39 > .kt-inside-inner-col:before{border-top-left-radius:0px;border-top-right-radius:0px;border-bottom-right-radius:0px;border-bottom-left-radius:0px;}.kadence-column1251_04456e-39 > .kt-inside-inner-col{column-gap:var(--global-kb-gap-sm, 1rem);}.kadence-column1251_04456e-39 > .kt-inside-inner-col{flex-direction:column;}.kadence-column1251_04456e-39 > .kt-inside-inner-col > .aligncenter{width:100%;}.kadence-column1251_04456e-39 > .kt-inside-inner-col:before{opacity:0.3;}.kadence-column1251_04456e-39{position:relative;}.kadence-column1251_04456e-39, .kt-inside-inner-col > .kadence-column1251_04456e-39:not(.specificity){margin-right:100px;}@media all and (max-width: 1024px){.kadence-column1251_04456e-39 > .kt-inside-inner-col{flex-direction:column;justify-content:center;}}@media all and (max-width: 767px){.kadence-column1251_04456e-39 > .kt-inside-inner-col{padding-right:0px;flex-direction:column;justify-content:center;}.kadence-column1251_04456e-39, .kt-inside-inner-col > .kadence-column1251_04456e-39:not(.specificity){margin-right:0px;}}<\/style>\n<div class=\"wp-block-kadence-column kadence-column1251_04456e-39 inner-column-2\"><div class=\"kt-inside-inner-col\"><style>.wp-block-kadence-advancedheading.kt-adv-heading1251_e7143f-74, .wp-block-kadence-advancedheading.kt-adv-heading1251_e7143f-74[data-kb-block=\"kb-adv-heading1251_e7143f-74\"]{font-style:normal;}.wp-block-kadence-advancedheading.kt-adv-heading1251_e7143f-74 mark.kt-highlight, .wp-block-kadence-advancedheading.kt-adv-heading1251_e7143f-74[data-kb-block=\"kb-adv-heading1251_e7143f-74\"] mark.kt-highlight{font-style:normal;color:#f76a0c;-webkit-box-decoration-break:clone;box-decoration-break:clone;padding-top:0px;padding-right:0px;padding-bottom:0px;padding-left:0px;}.wp-block-kadence-advancedheading.kt-adv-heading1251_e7143f-74 img.kb-inline-image, .wp-block-kadence-advancedheading.kt-adv-heading1251_e7143f-74[data-kb-block=\"kb-adv-heading1251_e7143f-74\"] img.kb-inline-image{width:150px;vertical-align:baseline;}@media all and (max-width: 767px){.wp-block-kadence-advancedheading.kt-adv-heading1251_e7143f-74, .wp-block-kadence-advancedheading.kt-adv-heading1251_e7143f-74[data-kb-block=\"kb-adv-heading1251_e7143f-74\"]{padding-right:0px;}}<\/style>\n<h2 class=\"kt-adv-heading1251_e7143f-74 wp-block-kadence-advancedheading has-theme-palette-3-color has-text-color\" data-kb-block=\"kb-adv-heading1251_e7143f-74\">Actividades<\/h2>\n\n\n<style>.wp-block-kadence-advancedheading.kt-adv-heading1251_406f29-5e, .wp-block-kadence-advancedheading.kt-adv-heading1251_406f29-5e[data-kb-block=\"kb-adv-heading1251_406f29-5e\"]{font-style:normal;text-transform:none;}.wp-block-kadence-advancedheading.kt-adv-heading1251_406f29-5e mark.kt-highlight, .wp-block-kadence-advancedheading.kt-adv-heading1251_406f29-5e[data-kb-block=\"kb-adv-heading1251_406f29-5e\"] mark.kt-highlight{font-style:normal;color:#f76a0c;-webkit-box-decoration-break:clone;box-decoration-break:clone;padding-top:0px;padding-right:0px;padding-bottom:0px;padding-left:0px;}.wp-block-kadence-advancedheading.kt-adv-heading1251_406f29-5e img.kb-inline-image, .wp-block-kadence-advancedheading.kt-adv-heading1251_406f29-5e[data-kb-block=\"kb-adv-heading1251_406f29-5e\"] img.kb-inline-image{width:150px;vertical-align:baseline;}<\/style>\n<h5 class=\"kt-adv-heading1251_406f29-5e wp-block-kadence-advancedheading has-theme-palette-1-color has-text-color\" data-kb-block=\"kb-adv-heading1251_406f29-5e\">Dale vida a tu Arduino: motores y servos<\/h5>\n\n\n\n<p>Trabajo pr\u00e1ctico con motores y servomotores. Se aprender\u00e1 a controlarlos mediante programaci\u00f3n e integrarlos en peque\u00f1os prototipos con movimiento.<\/p>\n\n\n\n<pre class=\"wp-block-verse has-theme-palette-3-color has-text-color\"><strong>Fecha:<\/strong> <strong>9 de abril de 2026<\/strong><br><strong>Lugar: Circular FAB de Logros\u00e1n<\/strong><br><strong>Horario: 18:30 a 20:30 h.<\/strong><\/pre>\n\n\n\n<div class=\"wp-block-buttons is-layout-flex wp-block-buttons-is-layout-flex\">\n<div class=\"wp-block-button\"><a class=\"wp-block-button__link wp-element-button\" href=\"https:\/\/logrosan.circularfab.es\/actualidad\/\" target=\"_blank\" rel=\"noreferrer noopener\">\u00a1Inscr\u00edbete aqu\u00ed!<\/a><\/div>\n<\/div>\n<\/div><\/div>\n\n<\/div><\/div>\n\n<style>.kb-google-maps-container1251_84c489-37{height:450px;}<\/style><div class=\"kb-google-maps-container kb-google-maps-container1251_84c489-37  wp-block-kadence-googlemaps\" data-mapid=\"1251_84c48937\"><iframe width=\"100%\" height=\"100%\"\n\t\t\t\t\t\t\tstyle=\"border:0\" loading=\"lazy\"\n\t\t\t\t\t\t\tsrc=\"https:\/\/www.google.com\/maps\/embed\/v1\/place?key=AIzaSyBAM2o7PiQqwk15LC1XRH2e_KJ-jUa7KYk&#038;zoom=14&#038;maptype=satellite&#038;q=Circular+FAB+Logros%C3%A1n\"\n\t\t\t\t\t\t\ttitle=\"Mapa de Google de Circular FAB Logros\u00e1n\"><\/iframe><\/div><script>function kb_google_map1251_84c48937() { let center = { lat: 37.8201, lng: -122.4781}; let map = new google.maps.Map(document.getElementById(\"kb-google-map1251_84c48937\"), {\n\t\t\t\t\t    zoom: 14,\n\t\t\t\t\t    center: center,mapTypeId: \"satellite\",});let marker = new google.maps.Marker({   position: { lat: 37.8201, lng: -122.4781},    map: map,  });}<\/script>\n\n<style>.kb-row-layout-id1251_5f8946-67 > .kt-row-column-wrap{align-content:start;}:where(.kb-row-layout-id1251_5f8946-67 > .kt-row-column-wrap) > .wp-block-kadence-column{justify-content:start;}.kb-row-layout-id1251_5f8946-67 > .kt-row-column-wrap{column-gap:var(--global-kb-gap-md, 2rem);row-gap:var(--global-kb-gap-md, 2rem);max-width:var( --global-content-width, 1290px );padding-left:var(--global-content-edge-padding);padding-right:var(--global-content-edge-padding);padding-top:13px;padding-bottom:59px;grid-template-columns:minmax(0, 1fr);}.kb-row-layout-id1251_5f8946-67 > .kt-row-layout-overlay{opacity:0.30;}@media all and (max-width: 1024px){.kb-row-layout-id1251_5f8946-67 > .kt-row-column-wrap{grid-template-columns:minmax(0, 1fr);}}@media all and (max-width: 767px){.kb-row-layout-id1251_5f8946-67 > .kt-row-column-wrap{grid-template-columns:minmax(0, 1fr);}}.kb-row-layout-id1251_5f8946-67 .ld_course_grid .caption h3 {n    font-size: 22px;n    font-weight: 500;n}nn.kb-row-layout-id1251_5f8946-67 .ld-course-list-items .ld_course_grid .thumbnail.course img {n  border-radius: 20px;n}n.kb-row-layout-id1251_5f8946-67 .ld-course-list-items .ld_course_grid .thumbnail.course {n  border: none;n}n.kb-row-layout-id1251_5f8946-67 .ld-course-list-items .ld_course_grid .thumbnail .caption p,n.kb-row-layout-id1251_5f8946-67 .ld-course-list-items .ld_course_grid .thumbnail.course a.btn-primary {n  text-transform: uppercase;n  font-weight: bold;n  color: var(u002du002dglobal-palette1, #3182CE);n  background: none;n  font-weight: 600;n  font-size: 20px;n  letter-spacing: 1px;n  padding: 0;n  text-align: left;n  font-family: 'Barlow Condensed', sans-serif;n}<\/style><div class=\"kb-row-layout-wrap kb-row-layout-id1251_5f8946-67 alignnone wp-block-kadence-rowlayout\"><div class=\"kt-row-column-wrap kt-has-1-columns kt-row-layout-equal kt-tab-layout-inherit kt-mobile-layout-row kt-row-valign-top kb-theme-content-width\">\n<style>.kadence-column1251_b8c7b4-b9 > .kt-inside-inner-col,.kadence-column1251_b8c7b4-b9 > .kt-inside-inner-col:before{border-top-left-radius:0px;border-top-right-radius:0px;border-bottom-right-radius:0px;border-bottom-left-radius:0px;}.kadence-column1251_b8c7b4-b9 > .kt-inside-inner-col{column-gap:var(--global-kb-gap-sm, 1rem);}.kadence-column1251_b8c7b4-b9 > .kt-inside-inner-col{flex-direction:column;}.kadence-column1251_b8c7b4-b9 > .kt-inside-inner-col > .aligncenter{width:100%;}.kadence-column1251_b8c7b4-b9 > .kt-inside-inner-col:before{opacity:0.3;}.kadence-column1251_b8c7b4-b9{position:relative;}@media all and (max-width: 1024px){.kadence-column1251_b8c7b4-b9 > .kt-inside-inner-col{flex-direction:column;justify-content:center;}}@media all and (max-width: 767px){.kadence-column1251_b8c7b4-b9 > .kt-inside-inner-col{flex-direction:column;justify-content:center;}}<\/style>\n<div class=\"wp-block-kadence-column kadence-column1251_b8c7b4-b9 inner-column-1\"><div class=\"kt-inside-inner-col\"><style>.wp-block-kadence-advancedheading.kt-adv-heading1251_138821-ad, .wp-block-kadence-advancedheading.kt-adv-heading1251_138821-ad[data-kb-block=\"kb-adv-heading1251_138821-ad\"]{text-align:center;font-style:normal;}.wp-block-kadence-advancedheading.kt-adv-heading1251_138821-ad mark.kt-highlight, .wp-block-kadence-advancedheading.kt-adv-heading1251_138821-ad[data-kb-block=\"kb-adv-heading1251_138821-ad\"] mark.kt-highlight{font-style:normal;color:#f76a0c;-webkit-box-decoration-break:clone;box-decoration-break:clone;padding-top:0px;padding-right:0px;padding-bottom:0px;padding-left:0px;}.wp-block-kadence-advancedheading.kt-adv-heading1251_138821-ad img.kb-inline-image, .wp-block-kadence-advancedheading.kt-adv-heading1251_138821-ad[data-kb-block=\"kb-adv-heading1251_138821-ad\"] img.kb-inline-image{width:150px;vertical-align:baseline;}<\/style>\n<h2 class=\"kt-adv-heading1251_138821-ad wp-block-kadence-advancedheading has-theme-palette-4-color has-text-color\" data-kb-block=\"kb-adv-heading1251_138821-ad\">Descubre m\u00e1s actividades del Circular FAB de Logros\u00e1n<\/h2>\n\n\n<style>.wp-block-kadence-advancedheading.kt-adv-heading1251_2b3a4e-4c, .wp-block-kadence-advancedheading.kt-adv-heading1251_2b3a4e-4c[data-kb-block=\"kb-adv-heading1251_2b3a4e-4c\"]{text-align:center;font-style:normal;}.wp-block-kadence-advancedheading.kt-adv-heading1251_2b3a4e-4c mark.kt-highlight, .wp-block-kadence-advancedheading.kt-adv-heading1251_2b3a4e-4c[data-kb-block=\"kb-adv-heading1251_2b3a4e-4c\"] mark.kt-highlight{font-style:normal;color:#f76a0c;-webkit-box-decoration-break:clone;box-decoration-break:clone;padding-top:0px;padding-right:0px;padding-bottom:0px;padding-left:0px;}.wp-block-kadence-advancedheading.kt-adv-heading1251_2b3a4e-4c img.kb-inline-image, .wp-block-kadence-advancedheading.kt-adv-heading1251_2b3a4e-4c[data-kb-block=\"kb-adv-heading1251_2b3a4e-4c\"] img.kb-inline-image{width:150px;vertical-align:baseline;}<\/style>\n<p class=\"kt-adv-heading1251_2b3a4e-4c wp-block-kadence-advancedheading\" data-kb-block=\"kb-adv-heading1251_2b3a4e-4c\">Visita la p\u00e1gina web<\/p>\n\n\n<style>.wp-block-kadence-advancedbtn.kb-btns1251_7d3e62-1f{gap:var(--global-kb-gap-xs, 0.5rem );justify-content:center;align-items:center;}.kt-btns1251_7d3e62-1f .kt-button{font-weight:normal;font-style:normal;}<\/style>\n<div class=\"wp-block-kadence-advancedbtn kb-buttons-wrap kb-btns1251_7d3e62-1f\"><style>ul.menu .wp-block-kadence-advancedbtn .kb-btn1251_9c18e6-d3.kb-button{width:initial;}.wp-block-kadence-advancedbtn .kb-btn1251_9c18e6-d3.kb-button{padding-right:100px;padding-left:100px;}@media all and (max-width: 767px){.wp-block-kadence-advancedbtn .kb-btn1251_9c18e6-d3.kb-button{font-size:15px;}}<\/style><a class=\"kb-button kt-button button kb-btn1251_9c18e6-d3 kt-btn-size-standard kt-btn-width-type-full kb-btn-global-inherit  kt-btn-has-text-true kt-btn-has-svg-false  wp-block-button__link wp-block-kadence-singlebtn\" href=\"https:\/\/logrosan.circularfab.es\/\" target=\"_blank\" rel=\"noreferrer noopener\"><span class=\"kt-btn-inner-text\">P\u00e1gina del Circular FAB de Logros\u00e1n<\/span><\/a><\/div>\n<\/div><\/div>\n\n<\/div><\/div>","protected":false},"excerpt":{"rendered":"<p>circular fab LOGROS\u00c1N Un Circular FAB es un centro de innovaci\u00f3n territorial que impulsa la digitalizaci\u00f3n, la sostenibilidad y el emprendimiento en entornos rurales, ofreciendo formaci\u00f3n, tecnolog\u00eda y apoyo a empresas y ciudadan\u00eda. ACTIVIDADES Actividades Dale vida a tu Arduino: motores y servos Trabajo pr\u00e1ctico con motores y servomotores. Se aprender\u00e1 a controlarlos mediante programaci\u00f3n&#8230;<\/p>\n","protected":false},"author":4,"featured_media":362,"parent":0,"menu_order":0,"comment_status":"closed","ping_status":"closed","template":"","meta":{"_kadence_starter_templates_imported_post":true,"_kad_post_transparent":"","_kad_post_title":"","_kad_post_layout":"","_kad_post_sidebar_id":"","_kad_post_content_style":"","_kad_post_vertical_padding":"","_kad_post_feature":"","_kad_post_feature_position":"","_kad_post_header":false,"_kad_post_footer":false,"_kad_post_classname":"","footnotes":""},"class_list":["post-1251","page","type-page","status-publish","has-post-thumbnail","hentry"],"_links":{"self":[{"href":"https:\/\/arduinoweekextremadura.es\/index.php\/wp-json\/wp\/v2\/pages\/1251","targetHints":{"allow":["GET"]}}],"collection":[{"href":"https:\/\/arduinoweekextremadura.es\/index.php\/wp-json\/wp\/v2\/pages"}],"about":[{"href":"https:\/\/arduinoweekextremadura.es\/index.php\/wp-json\/wp\/v2\/types\/page"}],"author":[{"embeddable":true,"href":"https:\/\/arduinoweekextremadura.es\/index.php\/wp-json\/wp\/v2\/users\/4"}],"replies":[{"embeddable":true,"href":"https:\/\/arduinoweekextremadura.es\/index.php\/wp-json\/wp\/v2\/comments?post=1251"}],"version-history":[{"count":7,"href":"https:\/\/arduinoweekextremadura.es\/index.php\/wp-json\/wp\/v2\/pages\/1251\/revisions"}],"predecessor-version":[{"id":1569,"href":"https:\/\/arduinoweekextremadura.es\/index.php\/wp-json\/wp\/v2\/pages\/1251\/revisions\/1569"}],"wp:featuredmedia":[{"embeddable":true,"href":"https:\/\/arduinoweekextremadura.es\/index.php\/wp-json\/"}],"wp:attachment":[{"href":"https:\/\/arduinoweekextremadura.es\/index.php\/wp-json\/wp\/v2\/media?parent=1251"}],"curies":[{"name":"wp","href":"https:\/\/api.w.org\/{rel}","templated":true}]}}