{"id":1338,"date":"2025-03-31T10:57:11","date_gmt":"2025-03-31T10:57:11","guid":{"rendered":"https:\/\/arduinoweekextremadura.es\/?page_id=1338"},"modified":"2026-03-19T11:50:54","modified_gmt":"2026-03-19T11:50:54","slug":"jarandilla-de-la-vera","status":"publish","type":"page","link":"https:\/\/arduinoweekextremadura.es\/index.php\/jarandilla-de-la-vera\/","title":{"rendered":"Jarandilla de la Vera"},"content":{"rendered":"<style>.kb-row-layout-id1338_2686b0-b9 > .kt-row-column-wrap{align-content:start;}:where(.kb-row-layout-id1338_2686b0-b9 > .kt-row-column-wrap) > .wp-block-kadence-column{justify-content:start;}.kb-row-layout-id1338_2686b0-b9 > .kt-row-column-wrap{column-gap:var(--global-kb-gap-md, 2rem);row-gap:var(--global-kb-gap-md, 2rem);max-width:var( --global-content-width, 1290px );padding-left:var(--global-content-edge-padding);padding-right:var(--global-content-edge-padding);padding-top:150px;padding-bottom:243px;grid-template-columns:minmax(0, 1fr);}.kb-row-layout-id1338_2686b0-b9{background-image:url('https:\/\/arduinoweekextremadura.es\/wp-content\/uploads\/2025\/03\/05_Jaran.jpg');background-size:cover;background-position:42% 24%;background-attachment:scroll;background-repeat:no-repeat;}.kb-row-layout-id1338_2686b0-b9 > .kt-row-layout-overlay{opacity:0.00;background:linear-gradient(112deg, var(--global-palette1) 0%, var(--global-palette2) 100%);mix-blend-mode:multiply;}@media all and (max-width: 1024px), only screen and (min-device-width: 1024px) and (max-device-width: 1366px) and (-webkit-min-device-pixel-ratio: 2) and (hover: none){.kb-row-layout-wrap.wp-block-kadence-rowlayout.kb-row-layout-id1338_2686b0-b9{background-image:url('https:\/\/arduinoweekextremadura.es\/wp-content\/uploads\/2022\/03\/centro-universitario.jpg');background-size:auto;background-position:63% 56.99999999999999%;background-attachment:scroll;background-repeat:no-repeat;}}@media all and (max-width: 1024px){.kb-row-layout-id1338_2686b0-b9 > .kt-row-column-wrap{padding-bottom:243px;grid-template-columns:minmax(0, 1fr);}}@media all and (max-width: 767px){.kb-row-layout-id1338_2686b0-b9 > .kt-row-column-wrap{padding-bottom:243px;grid-template-columns:minmax(0, 1fr);}.kb-row-layout-wrap.wp-block-kadence-rowlayout.kb-row-layout-id1338_2686b0-b9{background-image:url('https:\/\/arduinoweekextremadura.es\/wp-content\/uploads\/2022\/03\/centro-universitario.jpg');background-size:auto;background-position:69% 67%;background-attachment:scroll;background-repeat:repeat-y;}}<\/style><div class=\"kb-row-layout-wrap kb-row-layout-id1338_2686b0-b9 alignnone kt-row-has-bg wp-block-kadence-rowlayout\"><div class=\"kt-row-layout-overlay kt-row-overlay-gradient\"><\/div><div class=\"kt-row-column-wrap kt-has-1-columns kt-row-layout-equal kt-tab-layout-inherit kt-mobile-layout-row kt-row-valign-top kb-theme-content-width\">\n<style>.kadence-column1338_d613a7-2a > .kt-inside-inner-col,.kadence-column1338_d613a7-2a > .kt-inside-inner-col:before{border-top-left-radius:0px;border-top-right-radius:0px;border-bottom-right-radius:0px;border-bottom-left-radius:0px;}.kadence-column1338_d613a7-2a > .kt-inside-inner-col{column-gap:var(--global-kb-gap-sm, 1rem);}.kadence-column1338_d613a7-2a > .kt-inside-inner-col{flex-direction:column;}.kadence-column1338_d613a7-2a > .kt-inside-inner-col > .aligncenter{width:100%;}.kadence-column1338_d613a7-2a > .kt-inside-inner-col:before{opacity:0.3;}.kadence-column1338_d613a7-2a{position:relative;}@media all and (max-width: 1024px){.kadence-column1338_d613a7-2a > .kt-inside-inner-col{flex-direction:column;justify-content:center;}}@media all and (max-width: 767px){.kadence-column1338_d613a7-2a > .kt-inside-inner-col{flex-direction:column;justify-content:center;}}<\/style>\n<div class=\"wp-block-kadence-column kadence-column1338_d613a7-2a inner-column-1\"><div class=\"kt-inside-inner-col\"><style>.wp-block-kadence-advancedheading.kt-adv-heading1338_8a2f44-ec, .wp-block-kadence-advancedheading.kt-adv-heading1338_8a2f44-ec[data-kb-block=\"kb-adv-heading1338_8a2f44-ec\"]{font-style:normal;}.wp-block-kadence-advancedheading.kt-adv-heading1338_8a2f44-ec mark.kt-highlight, .wp-block-kadence-advancedheading.kt-adv-heading1338_8a2f44-ec[data-kb-block=\"kb-adv-heading1338_8a2f44-ec\"] mark.kt-highlight{font-style:normal;color:#f76a0c;-webkit-box-decoration-break:clone;box-decoration-break:clone;padding-top:0px;padding-right:0px;padding-bottom:0px;padding-left:0px;}.wp-block-kadence-advancedheading.kt-adv-heading1338_8a2f44-ec img.kb-inline-image, .wp-block-kadence-advancedheading.kt-adv-heading1338_8a2f44-ec[data-kb-block=\"kb-adv-heading1338_8a2f44-ec\"] img.kb-inline-image{width:150px;vertical-align:baseline;}<\/style>\n<p class=\"kt-adv-heading1338_8a2f44-ec wp-block-kadence-advancedheading has-theme-palette-9-color has-text-color\" data-kb-block=\"kb-adv-heading1338_8a2f44-ec\"><\/p>\n\n\n<style>.wp-block-kadence-advancedheading.kt-adv-heading1338_d0fe3f-ac, .wp-block-kadence-advancedheading.kt-adv-heading1338_d0fe3f-ac[data-kb-block=\"kb-adv-heading1338_d0fe3f-ac\"]{text-align:left;font-size:41px;line-height:5px;font-style:normal;text-transform:uppercase;text-shadow:1px 1px 1px var(--global-palette2, #2B6CB0);}.wp-block-kadence-advancedheading.kt-adv-heading1338_d0fe3f-ac mark.kt-highlight, .wp-block-kadence-advancedheading.kt-adv-heading1338_d0fe3f-ac[data-kb-block=\"kb-adv-heading1338_d0fe3f-ac\"] mark.kt-highlight{letter-spacing:4.3px;line-height:96px;font-style:normal;color:#f76a0c;-webkit-box-decoration-break:clone;box-decoration-break:clone;padding-top:0px;padding-right:0px;padding-bottom:0px;padding-left:0px;}.wp-block-kadence-advancedheading.kt-adv-heading1338_d0fe3f-ac img.kb-inline-image, .wp-block-kadence-advancedheading.kt-adv-heading1338_d0fe3f-ac[data-kb-block=\"kb-adv-heading1338_d0fe3f-ac\"] img.kb-inline-image{width:150px;vertical-align:baseline;}@media all and (max-width: 1024px){.wp-block-kadence-advancedheading.kt-adv-heading1338_d0fe3f-ac, .wp-block-kadence-advancedheading.kt-adv-heading1338_d0fe3f-ac[data-kb-block=\"kb-adv-heading1338_d0fe3f-ac\"]{text-shadow:1px 1px 1px var(--global-palette2, #2B6CB0);font-size:35px;line-height:59px;text-align:center!important;}}@media all and (max-width: 767px){.wp-block-kadence-advancedheading.kt-adv-heading1338_d0fe3f-ac, .wp-block-kadence-advancedheading.kt-adv-heading1338_d0fe3f-ac[data-kb-block=\"kb-adv-heading1338_d0fe3f-ac\"]{text-shadow:1px 1px 1px var(--global-palette2, #2B6CB0);font-size:29px;line-height:40px;text-align:center!important;}}<\/style>\n<h2 class=\"kt-adv-heading1338_d0fe3f-ac wp-block-kadence-advancedheading has-theme-palette-9-color has-text-color\" data-kb-block=\"kb-adv-heading1338_d0fe3f-ac\">circular fab jarandilla de la vera<\/h2>\n<\/div><\/div>\n\n<\/div><\/div>\n\n<style>.kb-row-layout-id1338_f642c5-48 > .kt-row-column-wrap{align-content:start;}:where(.kb-row-layout-id1338_f642c5-48 > .kt-row-column-wrap) > .wp-block-kadence-column{justify-content:start;}.kb-row-layout-id1338_f642c5-48 > .kt-row-column-wrap{column-gap:var(--global-kb-gap-md, 2rem);row-gap:var(--global-kb-gap-md, 2rem);max-width:var( --global-content-width, 1290px );padding-left:var(--global-content-edge-padding);padding-right:var(--global-content-edge-padding);padding-top:80px;padding-bottom:80px;grid-template-columns:minmax(0, 1fr);}.kb-row-layout-id1338_f642c5-48 > .kt-row-layout-overlay{opacity:0.30;}@media all and (max-width: 1024px){.kb-row-layout-id1338_f642c5-48 > .kt-row-column-wrap{grid-template-columns:minmax(0, 1fr);}}@media all and (max-width: 767px){.kb-row-layout-id1338_f642c5-48 > .kt-row-column-wrap{grid-template-columns:minmax(0, 1fr);}}<\/style><div class=\"kb-row-layout-wrap kb-row-layout-id1338_f642c5-48 alignnone has-theme-palette8-background-color kt-row-has-bg wp-block-kadence-rowlayout\"><div class=\"kt-row-column-wrap kt-has-1-columns kt-row-layout-equal kt-tab-layout-inherit kt-mobile-layout-row kt-row-valign-top kb-theme-content-width\">\n<style>.kadence-column1338_baed92-f1 > .kt-inside-inner-col,.kadence-column1338_baed92-f1 > .kt-inside-inner-col:before{border-top-left-radius:0px;border-top-right-radius:0px;border-bottom-right-radius:0px;border-bottom-left-radius:0px;}.kadence-column1338_baed92-f1 > .kt-inside-inner-col{column-gap:var(--global-kb-gap-sm, 1rem);}.kadence-column1338_baed92-f1 > .kt-inside-inner-col{flex-direction:column;}.kadence-column1338_baed92-f1 > .kt-inside-inner-col > .aligncenter{width:100%;}.kadence-column1338_baed92-f1 > .kt-inside-inner-col:before{opacity:0.3;}.kadence-column1338_baed92-f1{position:relative;}@media all and (max-width: 1024px){.kadence-column1338_baed92-f1 > .kt-inside-inner-col{flex-direction:column;justify-content:center;}}@media all and (max-width: 767px){.kadence-column1338_baed92-f1 > .kt-inside-inner-col{flex-direction:column;justify-content:center;}}<\/style>\n<div class=\"wp-block-kadence-column kadence-column1338_baed92-f1 inner-column-1\"><div class=\"kt-inside-inner-col\"><style>.wp-block-kadence-advancedheading.kt-adv-heading1338_749353-31, .wp-block-kadence-advancedheading.kt-adv-heading1338_749353-31[data-kb-block=\"kb-adv-heading1338_749353-31\"]{text-align:center;font-size:22px;font-style:normal;}.wp-block-kadence-advancedheading.kt-adv-heading1338_749353-31 mark.kt-highlight, .wp-block-kadence-advancedheading.kt-adv-heading1338_749353-31[data-kb-block=\"kb-adv-heading1338_749353-31\"] mark.kt-highlight{font-style:normal;color:#f76a0c;-webkit-box-decoration-break:clone;box-decoration-break:clone;padding-top:0px;padding-right:0px;padding-bottom:0px;padding-left:0px;}.wp-block-kadence-advancedheading.kt-adv-heading1338_749353-31 img.kb-inline-image, .wp-block-kadence-advancedheading.kt-adv-heading1338_749353-31[data-kb-block=\"kb-adv-heading1338_749353-31\"] img.kb-inline-image{width:150px;vertical-align:baseline;}<\/style>\n<p class=\"kt-adv-heading1338_749353-31 wp-block-kadence-advancedheading has-theme-palette-3-color has-text-color\" data-kb-block=\"kb-adv-heading1338_749353-31\">Un <strong>Circular FAB<\/strong> es un centro de innovaci\u00f3n territorial que impulsa la digitalizaci\u00f3n, la sostenibilidad y el emprendimiento en entornos rurales, ofreciendo formaci\u00f3n, tecnolog\u00eda y apoyo a empresas y ciudadan\u00eda.<\/p>\n<\/div><\/div>\n\n<\/div><\/div>\n\n<style>.kb-row-layout-id1338_35443e-d5 > .kt-row-column-wrap{align-content:start;}:where(.kb-row-layout-id1338_35443e-d5 > .kt-row-column-wrap) > .wp-block-kadence-column{justify-content:start;}.kb-row-layout-id1338_35443e-d5 > .kt-row-column-wrap{column-gap:80px;row-gap:var(--global-kb-gap-md, 2rem);max-width:var( --global-content-width, 1290px );padding-left:var(--global-content-edge-padding);padding-right:var(--global-content-edge-padding);padding-top:78px;padding-bottom:80px;grid-template-columns:minmax(0, calc(45% - ((80px * 1 )\/2)))minmax(0, calc(55% - ((80px * 1 )\/2)));}.kb-row-layout-id1338_35443e-d5 > .kt-row-layout-overlay{opacity:0.30;}@media all and (max-width: 1024px){.kb-row-layout-id1338_35443e-d5 > .kt-row-column-wrap{grid-template-columns:minmax(0, 1fr) minmax(0, 2fr);}}@media all and (max-width: 767px){.kb-row-layout-id1338_35443e-d5 > .kt-row-column-wrap{grid-template-columns:minmax(0, 1fr);}}<\/style><div class=\"kb-row-layout-wrap kb-row-layout-id1338_35443e-d5 alignnone wp-block-kadence-rowlayout\"><div class=\"kt-row-column-wrap kt-has-2-columns kt-row-layout-right-golden kt-tab-layout-inherit kt-mobile-layout-row kt-row-valign-top kt-inner-column-height-full kb-theme-content-width\">\n<style>.kadence-column1338_8ae6a6-5f > .kt-inside-inner-col,.kadence-column1338_8ae6a6-5f > .kt-inside-inner-col:before{border-top-left-radius:10px;border-top-right-radius:10px;border-bottom-right-radius:10px;border-bottom-left-radius:10px;}.kadence-column1338_8ae6a6-5f > .kt-inside-inner-col{column-gap:var(--global-kb-gap-sm, 1rem);}.kadence-column1338_8ae6a6-5f > .kt-inside-inner-col{flex-direction:column;}.kadence-column1338_8ae6a6-5f > .kt-inside-inner-col > .aligncenter{width:100%;}.kadence-column1338_8ae6a6-5f > .kt-inside-inner-col{background-image:url('https:\/\/arduinoweekextremadura.es\/wp-content\/uploads\/2026\/03\/jarandilla_2.jpg.jpg');background-size:cover;background-position:91% 91%;background-attachment:scroll;background-repeat:no-repeat;}.kadence-column1338_8ae6a6-5f > .kt-inside-inner-col:before{opacity:0.3;}.kadence-column1338_8ae6a6-5f{position:relative;}@media all and (max-width: 1024px){.kadence-column1338_8ae6a6-5f > .kt-inside-inner-col{flex-direction:column;justify-content:center;}}@media all and (max-width: 767px){.kadence-column1338_8ae6a6-5f > .kt-inside-inner-col{padding-bottom:300px;flex-direction:column;justify-content:center;}}<\/style>\n<div class=\"wp-block-kadence-column kadence-column1338_8ae6a6-5f inner-column-1\"><div class=\"kt-inside-inner-col\"><\/div><\/div>\n\n\n<style>.kadence-column1338_d32251-8c > .kt-inside-inner-col,.kadence-column1338_d32251-8c > .kt-inside-inner-col:before{border-top-left-radius:0px;border-top-right-radius:0px;border-bottom-right-radius:0px;border-bottom-left-radius:0px;}.kadence-column1338_d32251-8c > .kt-inside-inner-col{column-gap:var(--global-kb-gap-sm, 1rem);}.kadence-column1338_d32251-8c > .kt-inside-inner-col{flex-direction:column;}.kadence-column1338_d32251-8c > .kt-inside-inner-col > .aligncenter{width:100%;}.kadence-column1338_d32251-8c > .kt-inside-inner-col:before{opacity:0.3;}.kadence-column1338_d32251-8c{position:relative;}.kadence-column1338_d32251-8c, .kt-inside-inner-col > .kadence-column1338_d32251-8c:not(.specificity){margin-right:100px;}@media all and (max-width: 1024px){.kadence-column1338_d32251-8c > .kt-inside-inner-col{flex-direction:column;justify-content:center;}}@media all and (max-width: 767px){.kadence-column1338_d32251-8c > .kt-inside-inner-col{padding-right:0px;flex-direction:column;justify-content:center;}.kadence-column1338_d32251-8c, .kt-inside-inner-col > .kadence-column1338_d32251-8c:not(.specificity){margin-right:0px;}}<\/style>\n<div class=\"wp-block-kadence-column kadence-column1338_d32251-8c inner-column-2\"><div class=\"kt-inside-inner-col\"><style>.wp-block-kadence-advancedheading.kt-adv-heading1338_7d29a5-e6, .wp-block-kadence-advancedheading.kt-adv-heading1338_7d29a5-e6[data-kb-block=\"kb-adv-heading1338_7d29a5-e6\"]{font-style:normal;}.wp-block-kadence-advancedheading.kt-adv-heading1338_7d29a5-e6 mark.kt-highlight, .wp-block-kadence-advancedheading.kt-adv-heading1338_7d29a5-e6[data-kb-block=\"kb-adv-heading1338_7d29a5-e6\"] mark.kt-highlight{font-style:normal;color:#f76a0c;-webkit-box-decoration-break:clone;box-decoration-break:clone;padding-top:0px;padding-right:0px;padding-bottom:0px;padding-left:0px;}.wp-block-kadence-advancedheading.kt-adv-heading1338_7d29a5-e6 img.kb-inline-image, .wp-block-kadence-advancedheading.kt-adv-heading1338_7d29a5-e6[data-kb-block=\"kb-adv-heading1338_7d29a5-e6\"] img.kb-inline-image{width:150px;vertical-align:baseline;}@media all and (max-width: 767px){.wp-block-kadence-advancedheading.kt-adv-heading1338_7d29a5-e6, .wp-block-kadence-advancedheading.kt-adv-heading1338_7d29a5-e6[data-kb-block=\"kb-adv-heading1338_7d29a5-e6\"]{padding-right:0px;}}<\/style>\n<h2 class=\"kt-adv-heading1338_7d29a5-e6 wp-block-kadence-advancedheading has-theme-palette-3-color has-text-color\" data-kb-block=\"kb-adv-heading1338_7d29a5-e6\">Actividades<\/h2>\n\n\n<style>.wp-block-kadence-advancedheading.kt-adv-heading1338_c8b32a-c2, .wp-block-kadence-advancedheading.kt-adv-heading1338_c8b32a-c2[data-kb-block=\"kb-adv-heading1338_c8b32a-c2\"]{font-style:normal;text-transform:none;}.wp-block-kadence-advancedheading.kt-adv-heading1338_c8b32a-c2 mark.kt-highlight, .wp-block-kadence-advancedheading.kt-adv-heading1338_c8b32a-c2[data-kb-block=\"kb-adv-heading1338_c8b32a-c2\"] mark.kt-highlight{font-style:normal;color:#f76a0c;-webkit-box-decoration-break:clone;box-decoration-break:clone;padding-top:0px;padding-right:0px;padding-bottom:0px;padding-left:0px;}.wp-block-kadence-advancedheading.kt-adv-heading1338_c8b32a-c2 img.kb-inline-image, .wp-block-kadence-advancedheading.kt-adv-heading1338_c8b32a-c2[data-kb-block=\"kb-adv-heading1338_c8b32a-c2\"] img.kb-inline-image{width:150px;vertical-align:baseline;}<\/style>\n<h5 class=\"kt-adv-heading1338_c8b32a-c2 wp-block-kadence-advancedheading has-theme-palette-1-color has-text-color\" data-kb-block=\"kb-adv-heading1338_c8b32a-c2\">Motores con segunda vida<\/h5>\n\n\n\n<p>Uso de motores reutilizados combinados con Arduino para darles nuevos usos. Se trabajar\u00e1 el control de movimiento desde un enfoque pr\u00e1ctico.<\/p>\n\n\n\n<pre class=\"wp-block-verse has-theme-palette-3-color has-text-color\"><strong>Fecha:<\/strong> <strong>9 de abril de 2026<\/strong><br><strong>Lugar: Circular FAB de Jarandilla de la Vera<\/strong><br><strong>Horario: 16:30 a 19:00 h.<\/strong><\/pre>\n\n\n\n<div class=\"wp-block-buttons is-layout-flex wp-block-buttons-is-layout-flex\">\n<div class=\"wp-block-button\"><a class=\"wp-block-button__link wp-element-button\" href=\"https:\/\/jarandilla.circularfab.es\/actualidad\/\" target=\"_blank\" rel=\"noreferrer noopener\">\u00a1Inscr\u00edbete aqu\u00ed!<\/a><\/div>\n<\/div>\n<\/div><\/div>\n\n<\/div><\/div>\n\n<style>.kb-google-maps-container1338_27f5e3-ff{height:450px;}<\/style><div class=\"kb-google-maps-container kb-google-maps-container1338_27f5e3-ff  wp-block-kadence-googlemaps\" data-mapid=\"1338_27f5e3ff\"><iframe width=\"100%\" height=\"100%\"\n\t\t\t\t\t\t\tstyle=\"border:0\" loading=\"lazy\"\n\t\t\t\t\t\t\tsrc=\"https:\/\/www.google.com\/maps\/embed\/v1\/place?key=AIzaSyBAM2o7PiQqwk15LC1XRH2e_KJ-jUa7KYk&#038;zoom=13&#038;maptype=roadmap&#038;q=Circular+FAB+de+Jarandilla+de+la+Vera\"\n\t\t\t\t\t\t\ttitle=\"Mapa de Google de Circular FAB de Jarandilla de la Vera\"><\/iframe><\/div><script>function kb_google_map1338_27f5e3ff() { let center = { lat: 37.8201, lng: -122.4781}; let map = new google.maps.Map(document.getElementById(\"kb-google-map1338_27f5e3ff\"), {\n\t\t\t\t\t    zoom: 13,\n\t\t\t\t\t    center: center,});let marker = new google.maps.Marker({   position: { lat: 37.8201, lng: -122.4781},    map: map,  });}<\/script>\n\n<style>.kb-row-layout-id1338_5ea1c5-92 > .kt-row-column-wrap{align-content:start;}:where(.kb-row-layout-id1338_5ea1c5-92 > .kt-row-column-wrap) > .wp-block-kadence-column{justify-content:start;}.kb-row-layout-id1338_5ea1c5-92 > .kt-row-column-wrap{column-gap:var(--global-kb-gap-md, 2rem);row-gap:var(--global-kb-gap-md, 2rem);max-width:var( --global-content-width, 1290px );padding-left:var(--global-content-edge-padding);padding-right:var(--global-content-edge-padding);padding-top:13px;padding-bottom:59px;grid-template-columns:minmax(0, 1fr);}.kb-row-layout-id1338_5ea1c5-92 > .kt-row-layout-overlay{opacity:0.30;}@media all and (max-width: 1024px){.kb-row-layout-id1338_5ea1c5-92 > .kt-row-column-wrap{grid-template-columns:minmax(0, 1fr);}}@media all and (max-width: 767px){.kb-row-layout-id1338_5ea1c5-92 > .kt-row-column-wrap{grid-template-columns:minmax(0, 1fr);}}.kb-row-layout-id1338_5ea1c5-92 .ld_course_grid .caption h3 {n    font-size: 22px;n    font-weight: 500;n}nn.kb-row-layout-id1338_5ea1c5-92 .ld-course-list-items .ld_course_grid .thumbnail.course img {n  border-radius: 20px;n}n.kb-row-layout-id1338_5ea1c5-92 .ld-course-list-items .ld_course_grid .thumbnail.course {n  border: none;n}n.kb-row-layout-id1338_5ea1c5-92 .ld-course-list-items .ld_course_grid .thumbnail .caption p,n.kb-row-layout-id1338_5ea1c5-92 .ld-course-list-items .ld_course_grid .thumbnail.course a.btn-primary {n  text-transform: uppercase;n  font-weight: bold;n  color: var(u002du002dglobal-palette1, #3182CE);n  background: none;n  font-weight: 600;n  font-size: 20px;n  letter-spacing: 1px;n  padding: 0;n  text-align: left;n  font-family: 'Barlow Condensed', sans-serif;n}<\/style><div class=\"kb-row-layout-wrap kb-row-layout-id1338_5ea1c5-92 alignnone wp-block-kadence-rowlayout\"><div class=\"kt-row-column-wrap kt-has-1-columns kt-row-layout-equal kt-tab-layout-inherit kt-mobile-layout-row kt-row-valign-top kb-theme-content-width\">\n<style>.kadence-column1338_d4d21d-ad > .kt-inside-inner-col,.kadence-column1338_d4d21d-ad > .kt-inside-inner-col:before{border-top-left-radius:0px;border-top-right-radius:0px;border-bottom-right-radius:0px;border-bottom-left-radius:0px;}.kadence-column1338_d4d21d-ad > .kt-inside-inner-col{column-gap:var(--global-kb-gap-sm, 1rem);}.kadence-column1338_d4d21d-ad > .kt-inside-inner-col{flex-direction:column;}.kadence-column1338_d4d21d-ad > .kt-inside-inner-col > .aligncenter{width:100%;}.kadence-column1338_d4d21d-ad > .kt-inside-inner-col:before{opacity:0.3;}.kadence-column1338_d4d21d-ad{position:relative;}@media all and (max-width: 1024px){.kadence-column1338_d4d21d-ad > .kt-inside-inner-col{flex-direction:column;justify-content:center;}}@media all and (max-width: 767px){.kadence-column1338_d4d21d-ad > .kt-inside-inner-col{flex-direction:column;justify-content:center;}}<\/style>\n<div class=\"wp-block-kadence-column kadence-column1338_d4d21d-ad inner-column-1\"><div class=\"kt-inside-inner-col\"><style>.wp-block-kadence-advancedheading.kt-adv-heading1338_762ead-4f, .wp-block-kadence-advancedheading.kt-adv-heading1338_762ead-4f[data-kb-block=\"kb-adv-heading1338_762ead-4f\"]{text-align:center;font-style:normal;}.wp-block-kadence-advancedheading.kt-adv-heading1338_762ead-4f mark.kt-highlight, .wp-block-kadence-advancedheading.kt-adv-heading1338_762ead-4f[data-kb-block=\"kb-adv-heading1338_762ead-4f\"] mark.kt-highlight{font-style:normal;color:#f76a0c;-webkit-box-decoration-break:clone;box-decoration-break:clone;padding-top:0px;padding-right:0px;padding-bottom:0px;padding-left:0px;}.wp-block-kadence-advancedheading.kt-adv-heading1338_762ead-4f img.kb-inline-image, .wp-block-kadence-advancedheading.kt-adv-heading1338_762ead-4f[data-kb-block=\"kb-adv-heading1338_762ead-4f\"] img.kb-inline-image{width:150px;vertical-align:baseline;}<\/style>\n<h2 class=\"kt-adv-heading1338_762ead-4f wp-block-kadence-advancedheading has-theme-palette-4-color has-text-color\" data-kb-block=\"kb-adv-heading1338_762ead-4f\">Descubre m\u00e1s actividades del Circular FAB de Jarandilla de la Vera<\/h2>\n\n\n<style>.wp-block-kadence-advancedheading.kt-adv-heading1338_29ef1c-39, .wp-block-kadence-advancedheading.kt-adv-heading1338_29ef1c-39[data-kb-block=\"kb-adv-heading1338_29ef1c-39\"]{text-align:center;font-style:normal;}.wp-block-kadence-advancedheading.kt-adv-heading1338_29ef1c-39 mark.kt-highlight, .wp-block-kadence-advancedheading.kt-adv-heading1338_29ef1c-39[data-kb-block=\"kb-adv-heading1338_29ef1c-39\"] mark.kt-highlight{font-style:normal;color:#f76a0c;-webkit-box-decoration-break:clone;box-decoration-break:clone;padding-top:0px;padding-right:0px;padding-bottom:0px;padding-left:0px;}.wp-block-kadence-advancedheading.kt-adv-heading1338_29ef1c-39 img.kb-inline-image, .wp-block-kadence-advancedheading.kt-adv-heading1338_29ef1c-39[data-kb-block=\"kb-adv-heading1338_29ef1c-39\"] img.kb-inline-image{width:150px;vertical-align:baseline;}<\/style>\n<p class=\"kt-adv-heading1338_29ef1c-39 wp-block-kadence-advancedheading\" data-kb-block=\"kb-adv-heading1338_29ef1c-39\">Visita la p\u00e1gina web<\/p>\n\n\n<style>.wp-block-kadence-advancedbtn.kb-btns1338_168d47-6d{gap:var(--global-kb-gap-xs, 0.5rem );justify-content:center;align-items:center;}.kt-btns1338_168d47-6d .kt-button{font-weight:normal;font-style:normal;}<\/style>\n<div class=\"wp-block-kadence-advancedbtn kb-buttons-wrap kb-btns1338_168d47-6d\"><style>ul.menu .wp-block-kadence-advancedbtn .kb-btn1338_701899-22.kb-button{width:initial;}.wp-block-kadence-advancedbtn .kb-btn1338_701899-22.kb-button{padding-right:100px;padding-left:100px;}@media all and (max-width: 767px){.wp-block-kadence-advancedbtn .kb-btn1338_701899-22.kb-button{font-size:15px;}}<\/style><a class=\"kb-button kt-button button kb-btn1338_701899-22 kt-btn-size-standard kt-btn-width-type-full kb-btn-global-inherit  kt-btn-has-text-true kt-btn-has-svg-false  wp-block-button__link wp-block-kadence-singlebtn\" href=\"https:\/\/jarandilla.circularfab.es\/\"><span class=\"kt-btn-inner-text\">P\u00e1gina del Circular FAB de Jarandilla de la Vera<\/span><\/a><\/div>\n<\/div><\/div>\n\n<\/div><\/div>","protected":false},"excerpt":{"rendered":"<p>circular fab jarandilla de la vera Un Circular FAB es un centro de innovaci\u00f3n territorial que impulsa la digitalizaci\u00f3n, la sostenibilidad y el emprendimiento en entornos rurales, ofreciendo formaci\u00f3n, tecnolog\u00eda y apoyo a empresas y ciudadan\u00eda. Actividades Motores con segunda vida Uso de motores reutilizados combinados con Arduino para darles nuevos usos. Se trabajar\u00e1 el&#8230;<\/p>\n","protected":false},"author":3,"featured_media":362,"parent":0,"menu_order":0,"comment_status":"closed","ping_status":"closed","template":"","meta":{"_kadence_starter_templates_imported_post":true,"_kad_post_transparent":"","_kad_post_title":"","_kad_post_layout":"","_kad_post_sidebar_id":"","_kad_post_content_style":"","_kad_post_vertical_padding":"","_kad_post_feature":"","_kad_post_feature_position":"","_kad_post_header":false,"_kad_post_footer":false,"_kad_post_classname":"","footnotes":""},"class_list":["post-1338","page","type-page","status-publish","has-post-thumbnail","hentry"],"_links":{"self":[{"href":"https:\/\/arduinoweekextremadura.es\/index.php\/wp-json\/wp\/v2\/pages\/1338","targetHints":{"allow":["GET"]}}],"collection":[{"href":"https:\/\/arduinoweekextremadura.es\/index.php\/wp-json\/wp\/v2\/pages"}],"about":[{"href":"https:\/\/arduinoweekextremadura.es\/index.php\/wp-json\/wp\/v2\/types\/page"}],"author":[{"embeddable":true,"href":"https:\/\/arduinoweekextremadura.es\/index.php\/wp-json\/wp\/v2\/users\/3"}],"replies":[{"embeddable":true,"href":"https:\/\/arduinoweekextremadura.es\/index.php\/wp-json\/wp\/v2\/comments?post=1338"}],"version-history":[{"count":4,"href":"https:\/\/arduinoweekextremadura.es\/index.php\/wp-json\/wp\/v2\/pages\/1338\/revisions"}],"predecessor-version":[{"id":1541,"href":"https:\/\/arduinoweekextremadura.es\/index.php\/wp-json\/wp\/v2\/pages\/1338\/revisions\/1541"}],"wp:featuredmedia":[{"embeddable":true,"href":"https:\/\/arduinoweekextremadura.es\/index.php\/wp-json\/"}],"wp:attachment":[{"href":"https:\/\/arduinoweekextremadura.es\/index.php\/wp-json\/wp\/v2\/media?parent=1338"}],"curies":[{"name":"wp","href":"https:\/\/api.w.org\/{rel}","templated":true}]}}