{"id":182,"date":"2022-03-07T11:20:31","date_gmt":"2022-03-07T11:20:31","guid":{"rendered":"https:\/\/arduinoweekextremadura.es\/?page_id=182"},"modified":"2026-03-19T11:59:16","modified_gmt":"2026-03-19T11:59:16","slug":"miajadas","status":"publish","type":"page","link":"https:\/\/arduinoweekextremadura.es\/index.php\/miajadas\/","title":{"rendered":"Miajadas"},"content":{"rendered":"<style>.kb-row-layout-id182_ed3b7c-b1 > .kt-row-column-wrap{align-content:start;}:where(.kb-row-layout-id182_ed3b7c-b1 > .kt-row-column-wrap) > .wp-block-kadence-column{justify-content:start;}.kb-row-layout-id182_ed3b7c-b1 > .kt-row-column-wrap{column-gap:var(--global-kb-gap-md, 2rem);row-gap:var(--global-kb-gap-md, 2rem);max-width:var( --global-content-width, 1290px );padding-left:var(--global-content-edge-padding);padding-right:var(--global-content-edge-padding);padding-top:150px;padding-bottom:243px;grid-template-columns:minmax(0, 1fr);}.kb-row-layout-id182_ed3b7c-b1{background-image:url('https:\/\/arduinoweekextremadura.es\/wp-content\/uploads\/2024\/02\/miajadas.jpg');background-size:cover;background-position:73% 72%;background-attachment:scroll;background-repeat:no-repeat;}.kb-row-layout-id182_ed3b7c-b1 > .kt-row-layout-overlay{opacity:0.00;background:linear-gradient(112deg, var(--global-palette1) 0%, var(--global-palette2) 100%);mix-blend-mode:multiply;}@media all and (max-width: 1024px), only screen and (min-device-width: 1024px) and (max-device-width: 1366px) and (-webkit-min-device-pixel-ratio: 2) and (hover: none){.kb-row-layout-wrap.wp-block-kadence-rowlayout.kb-row-layout-id182_ed3b7c-b1{background-image:url('https:\/\/arduinoweekextremadura.es\/wp-content\/uploads\/2022\/03\/centro-universitario.jpg');background-size:auto;background-position:63% 56.99999999999999%;background-attachment:scroll;background-repeat:no-repeat;}}@media all and (max-width: 1024px){.kb-row-layout-id182_ed3b7c-b1 > .kt-row-column-wrap{padding-bottom:243px;grid-template-columns:minmax(0, 1fr);}}@media all and (max-width: 767px){.kb-row-layout-id182_ed3b7c-b1 > .kt-row-column-wrap{padding-bottom:243px;grid-template-columns:minmax(0, 1fr);}.kb-row-layout-wrap.wp-block-kadence-rowlayout.kb-row-layout-id182_ed3b7c-b1{background-image:url('https:\/\/arduinoweekextremadura.es\/wp-content\/uploads\/2022\/03\/centro-universitario.jpg');background-size:auto;background-position:69% 67%;background-attachment:scroll;background-repeat:repeat-y;}}<\/style><div class=\"kb-row-layout-wrap kb-row-layout-id182_ed3b7c-b1 alignnone kt-row-has-bg wp-block-kadence-rowlayout\"><div class=\"kt-row-layout-overlay kt-row-overlay-gradient\"><\/div><div class=\"kt-row-column-wrap kt-has-1-columns kt-row-layout-equal kt-tab-layout-inherit kt-mobile-layout-row kt-row-valign-top kb-theme-content-width\">\n<style>.kadence-column182_0958bf-25 > .kt-inside-inner-col,.kadence-column182_0958bf-25 > .kt-inside-inner-col:before{border-top-left-radius:0px;border-top-right-radius:0px;border-bottom-right-radius:0px;border-bottom-left-radius:0px;}.kadence-column182_0958bf-25 > .kt-inside-inner-col{column-gap:var(--global-kb-gap-sm, 1rem);}.kadence-column182_0958bf-25 > .kt-inside-inner-col{flex-direction:column;}.kadence-column182_0958bf-25 > .kt-inside-inner-col > .aligncenter{width:100%;}.kadence-column182_0958bf-25 > .kt-inside-inner-col:before{opacity:0.3;}.kadence-column182_0958bf-25{position:relative;}@media all and (max-width: 1024px){.kadence-column182_0958bf-25 > .kt-inside-inner-col{flex-direction:column;justify-content:center;}}@media all and (max-width: 767px){.kadence-column182_0958bf-25 > .kt-inside-inner-col{flex-direction:column;justify-content:center;}}<\/style>\n<div class=\"wp-block-kadence-column kadence-column182_0958bf-25 inner-column-1\"><div class=\"kt-inside-inner-col\"><style>.wp-block-kadence-advancedheading.kt-adv-heading182_7ed1da-29, .wp-block-kadence-advancedheading.kt-adv-heading182_7ed1da-29[data-kb-block=\"kb-adv-heading182_7ed1da-29\"]{font-style:normal;}.wp-block-kadence-advancedheading.kt-adv-heading182_7ed1da-29 mark.kt-highlight, .wp-block-kadence-advancedheading.kt-adv-heading182_7ed1da-29[data-kb-block=\"kb-adv-heading182_7ed1da-29\"] mark.kt-highlight{font-style:normal;color:#f76a0c;-webkit-box-decoration-break:clone;box-decoration-break:clone;padding-top:0px;padding-right:0px;padding-bottom:0px;padding-left:0px;}.wp-block-kadence-advancedheading.kt-adv-heading182_7ed1da-29 img.kb-inline-image, .wp-block-kadence-advancedheading.kt-adv-heading182_7ed1da-29[data-kb-block=\"kb-adv-heading182_7ed1da-29\"] img.kb-inline-image{width:150px;vertical-align:baseline;}<\/style>\n<p class=\"kt-adv-heading182_7ed1da-29 wp-block-kadence-advancedheading has-theme-palette-9-color has-text-color\" data-kb-block=\"kb-adv-heading182_7ed1da-29\"><\/p>\n\n\n<style>.wp-block-kadence-advancedheading.kt-adv-heading182_000d74-a7, .wp-block-kadence-advancedheading.kt-adv-heading182_000d74-a7[data-kb-block=\"kb-adv-heading182_000d74-a7\"]{text-align:left;font-size:41px;line-height:5px;font-style:normal;text-transform:uppercase;text-shadow:1px 1px 1px var(--global-palette2, #2B6CB0);}.wp-block-kadence-advancedheading.kt-adv-heading182_000d74-a7 mark.kt-highlight, .wp-block-kadence-advancedheading.kt-adv-heading182_000d74-a7[data-kb-block=\"kb-adv-heading182_000d74-a7\"] mark.kt-highlight{letter-spacing:4.3px;line-height:96px;font-style:normal;color:#f76a0c;-webkit-box-decoration-break:clone;box-decoration-break:clone;padding-top:0px;padding-right:0px;padding-bottom:0px;padding-left:0px;}.wp-block-kadence-advancedheading.kt-adv-heading182_000d74-a7 img.kb-inline-image, .wp-block-kadence-advancedheading.kt-adv-heading182_000d74-a7[data-kb-block=\"kb-adv-heading182_000d74-a7\"] img.kb-inline-image{width:150px;vertical-align:baseline;}@media all and (max-width: 1024px){.wp-block-kadence-advancedheading.kt-adv-heading182_000d74-a7, .wp-block-kadence-advancedheading.kt-adv-heading182_000d74-a7[data-kb-block=\"kb-adv-heading182_000d74-a7\"]{text-shadow:1px 1px 1px var(--global-palette2, #2B6CB0);font-size:35px;line-height:59px;text-align:center!important;}}@media all and (max-width: 767px){.wp-block-kadence-advancedheading.kt-adv-heading182_000d74-a7, .wp-block-kadence-advancedheading.kt-adv-heading182_000d74-a7[data-kb-block=\"kb-adv-heading182_000d74-a7\"]{text-shadow:1px 1px 1px var(--global-palette2, #2B6CB0);font-size:29px;line-height:40px;text-align:center!important;}}<\/style>\n<h2 class=\"kt-adv-heading182_000d74-a7 wp-block-kadence-advancedheading has-theme-palette-9-color has-text-color\" data-kb-block=\"kb-adv-heading182_000d74-a7\">circular fab miajadas<\/h2>\n<\/div><\/div>\n\n<\/div><\/div>\n\n<style>.kb-row-layout-id182_8e0f38-f4 > .kt-row-column-wrap{align-content:start;}:where(.kb-row-layout-id182_8e0f38-f4 > .kt-row-column-wrap) > .wp-block-kadence-column{justify-content:start;}.kb-row-layout-id182_8e0f38-f4 > .kt-row-column-wrap{column-gap:var(--global-kb-gap-md, 2rem);row-gap:var(--global-kb-gap-md, 2rem);max-width:var( --global-content-width, 1290px );padding-left:var(--global-content-edge-padding);padding-right:var(--global-content-edge-padding);padding-top:80px;padding-bottom:40px;grid-template-columns:minmax(0, 1fr);}.kb-row-layout-id182_8e0f38-f4 > .kt-row-layout-overlay{opacity:0.30;}@media all and (max-width: 1024px){.kb-row-layout-id182_8e0f38-f4 > .kt-row-column-wrap{grid-template-columns:minmax(0, 1fr);}}@media all and (max-width: 767px){.kb-row-layout-id182_8e0f38-f4 > .kt-row-column-wrap{grid-template-columns:minmax(0, 1fr);}}<\/style><div class=\"kb-row-layout-wrap kb-row-layout-id182_8e0f38-f4 alignnone has-theme-palette8-background-color kt-row-has-bg wp-block-kadence-rowlayout\"><div class=\"kt-row-column-wrap kt-has-1-columns kt-row-layout-equal kt-tab-layout-inherit kt-mobile-layout-row kt-row-valign-top kb-theme-content-width\">\n<style>.kadence-column182_282e7d-ab > .kt-inside-inner-col,.kadence-column182_282e7d-ab > .kt-inside-inner-col:before{border-top-left-radius:0px;border-top-right-radius:0px;border-bottom-right-radius:0px;border-bottom-left-radius:0px;}.kadence-column182_282e7d-ab > .kt-inside-inner-col{column-gap:var(--global-kb-gap-sm, 1rem);}.kadence-column182_282e7d-ab > .kt-inside-inner-col{flex-direction:column;}.kadence-column182_282e7d-ab > .kt-inside-inner-col > .aligncenter{width:100%;}.kadence-column182_282e7d-ab > .kt-inside-inner-col:before{opacity:0.3;}.kadence-column182_282e7d-ab{position:relative;}@media all and (max-width: 1024px){.kadence-column182_282e7d-ab > .kt-inside-inner-col{flex-direction:column;justify-content:center;}}@media all and (max-width: 767px){.kadence-column182_282e7d-ab > .kt-inside-inner-col{flex-direction:column;justify-content:center;}}<\/style>\n<div class=\"wp-block-kadence-column kadence-column182_282e7d-ab inner-column-1\"><div class=\"kt-inside-inner-col\"><style>.wp-block-kadence-advancedheading.kt-adv-heading182_566bcd-d6, .wp-block-kadence-advancedheading.kt-adv-heading182_566bcd-d6[data-kb-block=\"kb-adv-heading182_566bcd-d6\"]{text-align:center;font-size:22px;font-style:normal;}.wp-block-kadence-advancedheading.kt-adv-heading182_566bcd-d6 mark.kt-highlight, .wp-block-kadence-advancedheading.kt-adv-heading182_566bcd-d6[data-kb-block=\"kb-adv-heading182_566bcd-d6\"] mark.kt-highlight{font-style:normal;color:#f76a0c;-webkit-box-decoration-break:clone;box-decoration-break:clone;padding-top:0px;padding-right:0px;padding-bottom:0px;padding-left:0px;}.wp-block-kadence-advancedheading.kt-adv-heading182_566bcd-d6 img.kb-inline-image, .wp-block-kadence-advancedheading.kt-adv-heading182_566bcd-d6[data-kb-block=\"kb-adv-heading182_566bcd-d6\"] img.kb-inline-image{width:150px;vertical-align:baseline;}<\/style>\n<p class=\"kt-adv-heading182_566bcd-d6 wp-block-kadence-advancedheading has-theme-palette-3-color has-text-color\" data-kb-block=\"kb-adv-heading182_566bcd-d6\">Un <strong>Circular FAB<\/strong> es un centro de innovaci\u00f3n territorial que impulsa la digitalizaci\u00f3n, la sostenibilidad y el emprendimiento en entornos rurales, ofreciendo formaci\u00f3n, tecnolog\u00eda y apoyo a empresas y ciudadan\u00eda.<\/p>\n\n\n<style>.wp-block-kadence-advancedheading.kt-adv-heading182_1f21e7-31, .wp-block-kadence-advancedheading.kt-adv-heading182_1f21e7-31[data-kb-block=\"kb-adv-heading182_1f21e7-31\"]{font-style:normal;}.wp-block-kadence-advancedheading.kt-adv-heading182_1f21e7-31 mark.kt-highlight, .wp-block-kadence-advancedheading.kt-adv-heading182_1f21e7-31[data-kb-block=\"kb-adv-heading182_1f21e7-31\"] mark.kt-highlight{font-style:normal;color:#f76a0c;-webkit-box-decoration-break:clone;box-decoration-break:clone;padding-top:0px;padding-right:0px;padding-bottom:0px;padding-left:0px;}.wp-block-kadence-advancedheading.kt-adv-heading182_1f21e7-31 img.kb-inline-image, .wp-block-kadence-advancedheading.kt-adv-heading182_1f21e7-31[data-kb-block=\"kb-adv-heading182_1f21e7-31\"] img.kb-inline-image{width:150px;vertical-align:baseline;}<\/style>\n<h2 class=\"kt-adv-heading182_1f21e7-31 wp-block-kadence-advancedheading\" data-kb-block=\"kb-adv-heading182_1f21e7-31\">ACTIVIDADES<\/h2>\n<\/div><\/div>\n\n<\/div><\/div>\n\n<style>.kb-row-layout-id182_807491-b8 > .kt-row-column-wrap{align-content:start;}:where(.kb-row-layout-id182_807491-b8 > .kt-row-column-wrap) > .wp-block-kadence-column{justify-content:start;}.kb-row-layout-id182_807491-b8 > .kt-row-column-wrap{column-gap:80px;row-gap:var(--global-kb-gap-md, 2rem);max-width:var( --global-content-width, 1290px );padding-left:var(--global-content-edge-padding);padding-right:var(--global-content-edge-padding);padding-top:78px;padding-bottom:80px;grid-template-columns:minmax(0, calc(45% - ((80px * 1 )\/2)))minmax(0, calc(55% - ((80px * 1 )\/2)));}.kb-row-layout-id182_807491-b8 > .kt-row-layout-overlay{opacity:0.30;}@media all and (max-width: 1024px){.kb-row-layout-id182_807491-b8 > .kt-row-column-wrap{grid-template-columns:minmax(0, 1fr) minmax(0, 2fr);}}@media all and (max-width: 767px){.kb-row-layout-id182_807491-b8 > .kt-row-column-wrap{grid-template-columns:minmax(0, 1fr);}}<\/style><div class=\"kb-row-layout-wrap kb-row-layout-id182_807491-b8 alignnone wp-block-kadence-rowlayout\"><div class=\"kt-row-column-wrap kt-has-2-columns kt-row-layout-right-golden kt-tab-layout-inherit kt-mobile-layout-row kt-row-valign-top kt-inner-column-height-full kb-theme-content-width\">\n<style>.kadence-column182_ff7a79-48 > .kt-inside-inner-col,.kadence-column182_ff7a79-48 > .kt-inside-inner-col:before{border-top-left-radius:10px;border-top-right-radius:10px;border-bottom-right-radius:10px;border-bottom-left-radius:10px;}.kadence-column182_ff7a79-48 > .kt-inside-inner-col{column-gap:var(--global-kb-gap-sm, 1rem);}.kadence-column182_ff7a79-48 > .kt-inside-inner-col{flex-direction:column;}.kadence-column182_ff7a79-48 > .kt-inside-inner-col > .aligncenter{width:100%;}.kadence-column182_ff7a79-48 > .kt-inside-inner-col{background-image:url('https:\/\/arduinoweekextremadura.es\/wp-content\/uploads\/2026\/03\/miajadas.jpeg');background-size:cover;background-position:40% 56.00000000000001%;background-attachment:scroll;background-repeat:no-repeat;}.kadence-column182_ff7a79-48 > .kt-inside-inner-col:before{opacity:0.3;}.kadence-column182_ff7a79-48{position:relative;}@media all and (max-width: 1024px){.kadence-column182_ff7a79-48 > .kt-inside-inner-col{flex-direction:column;justify-content:center;}}@media all and (max-width: 767px){.kadence-column182_ff7a79-48 > .kt-inside-inner-col{padding-bottom:300px;flex-direction:column;justify-content:center;}}<\/style>\n<div class=\"wp-block-kadence-column kadence-column182_ff7a79-48 inner-column-1\"><div class=\"kt-inside-inner-col\"><\/div><\/div>\n\n\n<style>.kadence-column182_7a63a5-2d > .kt-inside-inner-col,.kadence-column182_7a63a5-2d > .kt-inside-inner-col:before{border-top-left-radius:0px;border-top-right-radius:0px;border-bottom-right-radius:0px;border-bottom-left-radius:0px;}.kadence-column182_7a63a5-2d > .kt-inside-inner-col{column-gap:var(--global-kb-gap-sm, 1rem);}.kadence-column182_7a63a5-2d > .kt-inside-inner-col{flex-direction:column;}.kadence-column182_7a63a5-2d > .kt-inside-inner-col > .aligncenter{width:100%;}.kadence-column182_7a63a5-2d > .kt-inside-inner-col:before{opacity:0.3;}.kadence-column182_7a63a5-2d{position:relative;}.kadence-column182_7a63a5-2d, .kt-inside-inner-col > .kadence-column182_7a63a5-2d:not(.specificity){margin-right:100px;}@media all and (max-width: 1024px){.kadence-column182_7a63a5-2d > .kt-inside-inner-col{flex-direction:column;justify-content:center;}}@media all and (max-width: 767px){.kadence-column182_7a63a5-2d > .kt-inside-inner-col{padding-right:0px;flex-direction:column;justify-content:center;}.kadence-column182_7a63a5-2d, .kt-inside-inner-col > .kadence-column182_7a63a5-2d:not(.specificity){margin-right:0px;}}<\/style>\n<div class=\"wp-block-kadence-column kadence-column182_7a63a5-2d inner-column-2\"><div class=\"kt-inside-inner-col\"><style>.wp-block-kadence-advancedheading.kt-adv-heading182_4b2026-52, .wp-block-kadence-advancedheading.kt-adv-heading182_4b2026-52[data-kb-block=\"kb-adv-heading182_4b2026-52\"]{font-style:normal;}.wp-block-kadence-advancedheading.kt-adv-heading182_4b2026-52 mark.kt-highlight, .wp-block-kadence-advancedheading.kt-adv-heading182_4b2026-52[data-kb-block=\"kb-adv-heading182_4b2026-52\"] mark.kt-highlight{font-style:normal;color:#f76a0c;-webkit-box-decoration-break:clone;box-decoration-break:clone;padding-top:0px;padding-right:0px;padding-bottom:0px;padding-left:0px;}.wp-block-kadence-advancedheading.kt-adv-heading182_4b2026-52 img.kb-inline-image, .wp-block-kadence-advancedheading.kt-adv-heading182_4b2026-52[data-kb-block=\"kb-adv-heading182_4b2026-52\"] img.kb-inline-image{width:150px;vertical-align:baseline;}@media all and (max-width: 767px){.wp-block-kadence-advancedheading.kt-adv-heading182_4b2026-52, .wp-block-kadence-advancedheading.kt-adv-heading182_4b2026-52[data-kb-block=\"kb-adv-heading182_4b2026-52\"]{padding-right:0px;}}<\/style>\n<h2 class=\"kt-adv-heading182_4b2026-52 wp-block-kadence-advancedheading has-theme-palette-3-color has-text-color\" data-kb-block=\"kb-adv-heading182_4b2026-52\">Actividades<\/h2>\n\n\n<style>.wp-block-kadence-advancedheading.kt-adv-heading182_a0c382-fe, .wp-block-kadence-advancedheading.kt-adv-heading182_a0c382-fe[data-kb-block=\"kb-adv-heading182_a0c382-fe\"]{font-style:normal;text-transform:none;}.wp-block-kadence-advancedheading.kt-adv-heading182_a0c382-fe mark.kt-highlight, .wp-block-kadence-advancedheading.kt-adv-heading182_a0c382-fe[data-kb-block=\"kb-adv-heading182_a0c382-fe\"] mark.kt-highlight{font-style:normal;color:#f76a0c;-webkit-box-decoration-break:clone;box-decoration-break:clone;padding-top:0px;padding-right:0px;padding-bottom:0px;padding-left:0px;}.wp-block-kadence-advancedheading.kt-adv-heading182_a0c382-fe img.kb-inline-image, .wp-block-kadence-advancedheading.kt-adv-heading182_a0c382-fe[data-kb-block=\"kb-adv-heading182_a0c382-fe\"] img.kb-inline-image{width:150px;vertical-align:baseline;}<\/style>\n<h5 class=\"kt-adv-heading182_a0c382-fe wp-block-kadence-advancedheading has-theme-palette-1-color has-text-color\" data-kb-block=\"kb-adv-heading182_a0c382-fe\">Riego autom\u00e1tico con Arduino<\/h5>\n\n\n\n<p>Dise\u00f1o de un sistema de riego automatizado usando sensores de humedad. Se abordar\u00e1 el montaje y la programaci\u00f3n para activar el sistema seg\u00fan condiciones reales.<\/p>\n\n\n\n<pre class=\"wp-block-verse has-theme-palette-3-color has-text-color\"><strong>Fecha:<\/strong> <strong>8 y 10 de abril de 2026<\/strong><br><strong>Lugar: Circular FAB de Miajadas<\/strong><br><strong>Horario: 13:00 a 15:00 h.<\/strong><\/pre>\n\n\n\n<div class=\"wp-block-buttons is-layout-flex wp-block-buttons-is-layout-flex\">\n<div class=\"wp-block-button\"><a class=\"wp-block-button__link wp-element-button\">Plazas agotadas<\/a><\/div>\n<\/div>\n<\/div><\/div>\n\n<\/div><\/div>\n\n<style>.kb-google-maps-container182_32fd1f-77{height:450px;}<\/style><div class=\"kb-google-maps-container kb-google-maps-container182_32fd1f-77  wp-block-kadence-googlemaps\" data-mapid=\"182_32fd1f77\"><iframe width=\"100%\" height=\"100%\"\n\t\t\t\t\t\t\tstyle=\"border:0\" loading=\"lazy\"\n\t\t\t\t\t\t\tsrc=\"https:\/\/www.google.com\/maps\/embed\/v1\/place?key=AIzaSyBAM2o7PiQqwk15LC1XRH2e_KJ-jUa7KYk&#038;zoom=14&#038;maptype=satellite&#038;q=Circular+FAB+Miajadas\"\n\t\t\t\t\t\t\ttitle=\"Mapa de Google de Circular FAB Miajadas\"><\/iframe><\/div><script>function kb_google_map182_32fd1f77() { let center = { lat: 37.8201, lng: -122.4781}; let map = new google.maps.Map(document.getElementById(\"kb-google-map182_32fd1f77\"), {\n\t\t\t\t\t    zoom: 14,\n\t\t\t\t\t    center: center,mapTypeId: \"satellite\",});let marker = new google.maps.Marker({   position: { lat: 37.8201, lng: -122.4781},    map: map,  });}<\/script>\n\n<style>.kb-row-layout-id182_1370ce-43 > .kt-row-column-wrap{align-content:start;}:where(.kb-row-layout-id182_1370ce-43 > .kt-row-column-wrap) > .wp-block-kadence-column{justify-content:start;}.kb-row-layout-id182_1370ce-43 > .kt-row-column-wrap{column-gap:var(--global-kb-gap-md, 2rem);row-gap:var(--global-kb-gap-md, 2rem);max-width:var( --global-content-width, 1290px );padding-left:var(--global-content-edge-padding);padding-right:var(--global-content-edge-padding);padding-top:13px;padding-bottom:59px;grid-template-columns:minmax(0, 1fr);}.kb-row-layout-id182_1370ce-43 > .kt-row-layout-overlay{opacity:0.30;}@media all and (max-width: 1024px){.kb-row-layout-id182_1370ce-43 > .kt-row-column-wrap{grid-template-columns:minmax(0, 1fr);}}@media all and (max-width: 767px){.kb-row-layout-id182_1370ce-43 > .kt-row-column-wrap{grid-template-columns:minmax(0, 1fr);}}.kb-row-layout-id182_1370ce-43 .ld_course_grid .caption h3 {    font-size: 22px;    font-weight: 500;}.kb-row-layout-id182_1370ce-43 .ld-course-list-items .ld_course_grid .thumbnail.course img {  border-radius: 20px;}.kb-row-layout-id182_1370ce-43 .ld-course-list-items .ld_course_grid .thumbnail.course {  border: none;}.kb-row-layout-id182_1370ce-43 .ld-course-list-items .ld_course_grid .thumbnail .caption p,.kb-row-layout-id182_1370ce-43 .ld-course-list-items .ld_course_grid .thumbnail.course a.btn-primary {  text-transform: uppercase;  font-weight: bold;  color: var(--global-palette1, #3182CE);  background: none;  font-weight: 600;  font-size: 20px;  letter-spacing: 1px;  padding: 0;  text-align: left;  font-family: 'Barlow Condensed', sans-serif;}<\/style><div class=\"kb-row-layout-wrap kb-row-layout-id182_1370ce-43 alignnone wp-block-kadence-rowlayout\"><div class=\"kt-row-column-wrap kt-has-1-columns kt-row-layout-equal kt-tab-layout-inherit kt-mobile-layout-row kt-row-valign-top kb-theme-content-width\">\n<style>.kadence-column182_855287-f5 > .kt-inside-inner-col,.kadence-column182_855287-f5 > .kt-inside-inner-col:before{border-top-left-radius:0px;border-top-right-radius:0px;border-bottom-right-radius:0px;border-bottom-left-radius:0px;}.kadence-column182_855287-f5 > .kt-inside-inner-col{column-gap:var(--global-kb-gap-sm, 1rem);}.kadence-column182_855287-f5 > .kt-inside-inner-col{flex-direction:column;}.kadence-column182_855287-f5 > .kt-inside-inner-col > .aligncenter{width:100%;}.kadence-column182_855287-f5 > .kt-inside-inner-col:before{opacity:0.3;}.kadence-column182_855287-f5{position:relative;}@media all and (max-width: 1024px){.kadence-column182_855287-f5 > .kt-inside-inner-col{flex-direction:column;justify-content:center;}}@media all and (max-width: 767px){.kadence-column182_855287-f5 > .kt-inside-inner-col{flex-direction:column;justify-content:center;}}<\/style>\n<div class=\"wp-block-kadence-column kadence-column182_855287-f5 inner-column-1\"><div class=\"kt-inside-inner-col\"><style>.wp-block-kadence-advancedheading.kt-adv-heading182_e1498a-f0, .wp-block-kadence-advancedheading.kt-adv-heading182_e1498a-f0[data-kb-block=\"kb-adv-heading182_e1498a-f0\"]{text-align:center;font-style:normal;}.wp-block-kadence-advancedheading.kt-adv-heading182_e1498a-f0 mark.kt-highlight, .wp-block-kadence-advancedheading.kt-adv-heading182_e1498a-f0[data-kb-block=\"kb-adv-heading182_e1498a-f0\"] mark.kt-highlight{font-style:normal;color:#f76a0c;-webkit-box-decoration-break:clone;box-decoration-break:clone;padding-top:0px;padding-right:0px;padding-bottom:0px;padding-left:0px;}.wp-block-kadence-advancedheading.kt-adv-heading182_e1498a-f0 img.kb-inline-image, .wp-block-kadence-advancedheading.kt-adv-heading182_e1498a-f0[data-kb-block=\"kb-adv-heading182_e1498a-f0\"] img.kb-inline-image{width:150px;vertical-align:baseline;}<\/style>\n<h2 class=\"kt-adv-heading182_e1498a-f0 wp-block-kadence-advancedheading has-theme-palette-4-color has-text-color\" data-kb-block=\"kb-adv-heading182_e1498a-f0\">Descubre m\u00e1s actividades del Circular FAB de Miajadas<\/h2>\n\n\n<style>.wp-block-kadence-advancedheading.kt-adv-heading182_e10744-72, .wp-block-kadence-advancedheading.kt-adv-heading182_e10744-72[data-kb-block=\"kb-adv-heading182_e10744-72\"]{text-align:center;font-style:normal;}.wp-block-kadence-advancedheading.kt-adv-heading182_e10744-72 mark.kt-highlight, .wp-block-kadence-advancedheading.kt-adv-heading182_e10744-72[data-kb-block=\"kb-adv-heading182_e10744-72\"] mark.kt-highlight{font-style:normal;color:#f76a0c;-webkit-box-decoration-break:clone;box-decoration-break:clone;padding-top:0px;padding-right:0px;padding-bottom:0px;padding-left:0px;}.wp-block-kadence-advancedheading.kt-adv-heading182_e10744-72 img.kb-inline-image, .wp-block-kadence-advancedheading.kt-adv-heading182_e10744-72[data-kb-block=\"kb-adv-heading182_e10744-72\"] img.kb-inline-image{width:150px;vertical-align:baseline;}<\/style>\n<p class=\"kt-adv-heading182_e10744-72 wp-block-kadence-advancedheading\" data-kb-block=\"kb-adv-heading182_e10744-72\">Visita la p\u00e1gina web<\/p>\n\n\n<style>.wp-block-kadence-advancedbtn.kb-btns182_195761-99{gap:var(--global-kb-gap-xs, 0.5rem );justify-content:center;align-items:center;}.kt-btns182_195761-99 .kt-button{font-weight:normal;font-style:normal;}<\/style>\n<div class=\"wp-block-kadence-advancedbtn kb-buttons-wrap kb-btns182_195761-99\"><style>ul.menu .wp-block-kadence-advancedbtn .kb-btn182_967f78-97.kb-button{width:initial;}.wp-block-kadence-advancedbtn .kb-btn182_967f78-97.kb-button{padding-right:100px;padding-left:100px;}@media all and (max-width: 767px){.wp-block-kadence-advancedbtn .kb-btn182_967f78-97.kb-button{font-size:15px;}}<\/style><a class=\"kb-button kt-button button kb-btn182_967f78-97 kt-btn-size-standard kt-btn-width-type-full kb-btn-global-inherit  kt-btn-has-text-true kt-btn-has-svg-false  wp-block-button__link wp-block-kadence-singlebtn\" href=\"https:\/\/miajadas.circularfab.es\/\" target=\"_blank\" rel=\"noreferrer noopener\"><span class=\"kt-btn-inner-text\">P\u00e1gina del Circular FAB de Miajadas<\/span><\/a><\/div>\n<\/div><\/div>\n\n<\/div><\/div>","protected":false},"excerpt":{"rendered":"<p>circular fab miajadas Un Circular FAB es un centro de innovaci\u00f3n territorial que impulsa la digitalizaci\u00f3n, la sostenibilidad y el emprendimiento en entornos rurales, ofreciendo formaci\u00f3n, tecnolog\u00eda y apoyo a empresas y ciudadan\u00eda. ACTIVIDADES Actividades Riego autom\u00e1tico con Arduino Dise\u00f1o de un sistema de riego automatizado usando sensores de humedad. Se abordar\u00e1 el montaje y&#8230;<\/p>\n","protected":false},"author":3,"featured_media":362,"parent":0,"menu_order":0,"comment_status":"closed","ping_status":"closed","template":"","meta":{"_kadence_starter_templates_imported_post":true,"_kad_post_transparent":"","_kad_post_title":"","_kad_post_layout":"","_kad_post_sidebar_id":"","_kad_post_content_style":"","_kad_post_vertical_padding":"","_kad_post_feature":"","_kad_post_feature_position":"","_kad_post_header":false,"_kad_post_footer":false,"_kad_post_classname":"","footnotes":""},"class_list":["post-182","page","type-page","status-publish","has-post-thumbnail","hentry"],"_links":{"self":[{"href":"https:\/\/arduinoweekextremadura.es\/index.php\/wp-json\/wp\/v2\/pages\/182","targetHints":{"allow":["GET"]}}],"collection":[{"href":"https:\/\/arduinoweekextremadura.es\/index.php\/wp-json\/wp\/v2\/pages"}],"about":[{"href":"https:\/\/arduinoweekextremadura.es\/index.php\/wp-json\/wp\/v2\/types\/page"}],"author":[{"embeddable":true,"href":"https:\/\/arduinoweekextremadura.es\/index.php\/wp-json\/wp\/v2\/users\/3"}],"replies":[{"embeddable":true,"href":"https:\/\/arduinoweekextremadura.es\/index.php\/wp-json\/wp\/v2\/comments?post=182"}],"version-history":[{"count":40,"href":"https:\/\/arduinoweekextremadura.es\/index.php\/wp-json\/wp\/v2\/pages\/182\/revisions"}],"predecessor-version":[{"id":1546,"href":"https:\/\/arduinoweekextremadura.es\/index.php\/wp-json\/wp\/v2\/pages\/182\/revisions\/1546"}],"wp:featuredmedia":[{"embeddable":true,"href":"https:\/\/arduinoweekextremadura.es\/index.php\/wp-json\/"}],"wp:attachment":[{"href":"https:\/\/arduinoweekextremadura.es\/index.php\/wp-json\/wp\/v2\/media?parent=182"}],"curies":[{"name":"wp","href":"https:\/\/api.w.org\/{rel}","templated":true}]}}