{"id":205,"date":"2022-03-07T16:02:16","date_gmt":"2022-03-07T16:02:16","guid":{"rendered":"https:\/\/arduinoweekextremadura.es\/?page_id=205"},"modified":"2026-03-19T19:29:43","modified_gmt":"2026-03-19T19:29:43","slug":"moraleja","status":"publish","type":"page","link":"https:\/\/arduinoweekextremadura.es\/index.php\/moraleja\/","title":{"rendered":"Moraleja"},"content":{"rendered":"<style>.kb-row-layout-id205_bc9c0e-11 > .kt-row-column-wrap{align-content:start;}:where(.kb-row-layout-id205_bc9c0e-11 > .kt-row-column-wrap) > .wp-block-kadence-column{justify-content:start;}.kb-row-layout-id205_bc9c0e-11 > .kt-row-column-wrap{column-gap:var(--global-kb-gap-md, 2rem);row-gap:var(--global-kb-gap-md, 2rem);max-width:var( --global-content-width, 1290px );padding-left:var(--global-content-edge-padding);padding-right:var(--global-content-edge-padding);padding-top:150px;padding-bottom:243px;grid-template-columns:minmax(0, 1fr);}.kb-row-layout-id205_bc9c0e-11{background-image:url('https:\/\/arduinoweekextremadura.es\/wp-content\/uploads\/2022\/03\/imagen_web2.jpeg');background-size:cover;background-position:35% 74%;background-attachment:scroll;background-repeat:no-repeat;}.kb-row-layout-id205_bc9c0e-11 > .kt-row-layout-overlay{opacity:0.00;background:linear-gradient(112deg, var(--global-palette1) 0%, var(--global-palette2) 100%);mix-blend-mode:multiply;}@media all and (max-width: 1024px), only screen and (min-device-width: 1024px) and (max-device-width: 1366px) and (-webkit-min-device-pixel-ratio: 2) and (hover: none){.kb-row-layout-wrap.wp-block-kadence-rowlayout.kb-row-layout-id205_bc9c0e-11{background-image:url('https:\/\/arduinoweekextremadura.es\/wp-content\/uploads\/2022\/03\/centro-universitario.jpg');background-size:auto;background-position:63% 56.99999999999999%;background-attachment:scroll;background-repeat:no-repeat;}}@media all and (max-width: 1024px){.kb-row-layout-id205_bc9c0e-11 > .kt-row-column-wrap{padding-bottom:243px;grid-template-columns:minmax(0, 1fr);}}@media all and (max-width: 767px){.kb-row-layout-id205_bc9c0e-11 > .kt-row-column-wrap{padding-bottom:243px;grid-template-columns:minmax(0, 1fr);}.kb-row-layout-wrap.wp-block-kadence-rowlayout.kb-row-layout-id205_bc9c0e-11{background-image:url('https:\/\/arduinoweekextremadura.es\/wp-content\/uploads\/2022\/03\/centro-universitario.jpg');background-size:auto;background-position:69% 67%;background-attachment:scroll;background-repeat:repeat-y;}}<\/style><div class=\"kb-row-layout-wrap kb-row-layout-id205_bc9c0e-11 alignnone kt-row-has-bg wp-block-kadence-rowlayout\"><div class=\"kt-row-layout-overlay kt-row-overlay-gradient\"><\/div><div class=\"kt-row-column-wrap kt-has-1-columns kt-row-layout-equal kt-tab-layout-inherit kt-mobile-layout-row kt-row-valign-top kb-theme-content-width\">\n<style>.kadence-column205_a62816-fc > .kt-inside-inner-col,.kadence-column205_a62816-fc > .kt-inside-inner-col:before{border-top-left-radius:0px;border-top-right-radius:0px;border-bottom-right-radius:0px;border-bottom-left-radius:0px;}.kadence-column205_a62816-fc > .kt-inside-inner-col{column-gap:var(--global-kb-gap-sm, 1rem);}.kadence-column205_a62816-fc > .kt-inside-inner-col{flex-direction:column;}.kadence-column205_a62816-fc > .kt-inside-inner-col > .aligncenter{width:100%;}.kadence-column205_a62816-fc > .kt-inside-inner-col:before{opacity:0.3;}.kadence-column205_a62816-fc{position:relative;}@media all and (max-width: 1024px){.kadence-column205_a62816-fc > .kt-inside-inner-col{flex-direction:column;justify-content:center;}}@media all and (max-width: 767px){.kadence-column205_a62816-fc > .kt-inside-inner-col{flex-direction:column;justify-content:center;}}<\/style>\n<div class=\"wp-block-kadence-column kadence-column205_a62816-fc inner-column-1\"><div class=\"kt-inside-inner-col\"><style>.wp-block-kadence-advancedheading.kt-adv-heading205_cfd639-ee, .wp-block-kadence-advancedheading.kt-adv-heading205_cfd639-ee[data-kb-block=\"kb-adv-heading205_cfd639-ee\"]{font-style:normal;}.wp-block-kadence-advancedheading.kt-adv-heading205_cfd639-ee mark.kt-highlight, .wp-block-kadence-advancedheading.kt-adv-heading205_cfd639-ee[data-kb-block=\"kb-adv-heading205_cfd639-ee\"] mark.kt-highlight{font-style:normal;color:#f76a0c;-webkit-box-decoration-break:clone;box-decoration-break:clone;padding-top:0px;padding-right:0px;padding-bottom:0px;padding-left:0px;}.wp-block-kadence-advancedheading.kt-adv-heading205_cfd639-ee img.kb-inline-image, .wp-block-kadence-advancedheading.kt-adv-heading205_cfd639-ee[data-kb-block=\"kb-adv-heading205_cfd639-ee\"] img.kb-inline-image{width:150px;vertical-align:baseline;}<\/style>\n<p class=\"kt-adv-heading205_cfd639-ee wp-block-kadence-advancedheading has-theme-palette-9-color has-text-color\" data-kb-block=\"kb-adv-heading205_cfd639-ee\"><\/p>\n\n\n<style>.wp-block-kadence-advancedheading.kt-adv-heading205_4060f5-7c, .wp-block-kadence-advancedheading.kt-adv-heading205_4060f5-7c[data-kb-block=\"kb-adv-heading205_4060f5-7c\"]{text-align:left;font-size:41px;line-height:5px;font-style:normal;text-transform:uppercase;text-shadow:1px 1px 1px var(--global-palette2, #2B6CB0);}.wp-block-kadence-advancedheading.kt-adv-heading205_4060f5-7c mark.kt-highlight, .wp-block-kadence-advancedheading.kt-adv-heading205_4060f5-7c[data-kb-block=\"kb-adv-heading205_4060f5-7c\"] mark.kt-highlight{letter-spacing:4.3px;line-height:96px;font-style:normal;color:#f76a0c;-webkit-box-decoration-break:clone;box-decoration-break:clone;padding-top:0px;padding-right:0px;padding-bottom:0px;padding-left:0px;}.wp-block-kadence-advancedheading.kt-adv-heading205_4060f5-7c img.kb-inline-image, .wp-block-kadence-advancedheading.kt-adv-heading205_4060f5-7c[data-kb-block=\"kb-adv-heading205_4060f5-7c\"] img.kb-inline-image{width:150px;vertical-align:baseline;}@media all and (max-width: 1024px){.wp-block-kadence-advancedheading.kt-adv-heading205_4060f5-7c, .wp-block-kadence-advancedheading.kt-adv-heading205_4060f5-7c[data-kb-block=\"kb-adv-heading205_4060f5-7c\"]{text-shadow:1px 1px 1px var(--global-palette2, #2B6CB0);font-size:35px;line-height:59px;text-align:center!important;}}@media all and (max-width: 767px){.wp-block-kadence-advancedheading.kt-adv-heading205_4060f5-7c, .wp-block-kadence-advancedheading.kt-adv-heading205_4060f5-7c[data-kb-block=\"kb-adv-heading205_4060f5-7c\"]{text-shadow:1px 1px 1px var(--global-palette2, #2B6CB0);font-size:29px;line-height:40px;text-align:center!important;}}<\/style>\n<h2 class=\"kt-adv-heading205_4060f5-7c wp-block-kadence-advancedheading has-theme-palette-9-color has-text-color\" data-kb-block=\"kb-adv-heading205_4060f5-7c\">circular fab moraleja<\/h2>\n<\/div><\/div>\n\n<\/div><\/div>\n\n<style>.kb-row-layout-id205_7d78bf-40 > .kt-row-column-wrap{align-content:start;}:where(.kb-row-layout-id205_7d78bf-40 > .kt-row-column-wrap) > .wp-block-kadence-column{justify-content:start;}.kb-row-layout-id205_7d78bf-40 > .kt-row-column-wrap{column-gap:var(--global-kb-gap-md, 2rem);row-gap:var(--global-kb-gap-md, 2rem);max-width:var( --global-content-width, 1290px );padding-left:var(--global-content-edge-padding);padding-right:var(--global-content-edge-padding);padding-top:80px;padding-bottom:80px;grid-template-columns:minmax(0, 1fr);}.kb-row-layout-id205_7d78bf-40 > .kt-row-layout-overlay{opacity:0.30;}@media all and (max-width: 1024px){.kb-row-layout-id205_7d78bf-40 > .kt-row-column-wrap{grid-template-columns:minmax(0, 1fr);}}@media all and (max-width: 767px){.kb-row-layout-id205_7d78bf-40 > .kt-row-column-wrap{grid-template-columns:minmax(0, 1fr);}}<\/style><div class=\"kb-row-layout-wrap kb-row-layout-id205_7d78bf-40 alignnone has-theme-palette8-background-color kt-row-has-bg wp-block-kadence-rowlayout\"><div class=\"kt-row-column-wrap kt-has-1-columns kt-row-layout-equal kt-tab-layout-inherit kt-mobile-layout-row kt-row-valign-top kb-theme-content-width\">\n<style>.kadence-column205_4cd7d1-8e > .kt-inside-inner-col,.kadence-column205_4cd7d1-8e > .kt-inside-inner-col:before{border-top-left-radius:0px;border-top-right-radius:0px;border-bottom-right-radius:0px;border-bottom-left-radius:0px;}.kadence-column205_4cd7d1-8e > .kt-inside-inner-col{column-gap:var(--global-kb-gap-sm, 1rem);}.kadence-column205_4cd7d1-8e > .kt-inside-inner-col{flex-direction:column;}.kadence-column205_4cd7d1-8e > .kt-inside-inner-col > .aligncenter{width:100%;}.kadence-column205_4cd7d1-8e > .kt-inside-inner-col:before{opacity:0.3;}.kadence-column205_4cd7d1-8e{position:relative;}@media all and (max-width: 1024px){.kadence-column205_4cd7d1-8e > .kt-inside-inner-col{flex-direction:column;justify-content:center;}}@media all and (max-width: 767px){.kadence-column205_4cd7d1-8e > .kt-inside-inner-col{flex-direction:column;justify-content:center;}}<\/style>\n<div class=\"wp-block-kadence-column kadence-column205_4cd7d1-8e inner-column-1\"><div class=\"kt-inside-inner-col\"><style>.wp-block-kadence-advancedheading.kt-adv-heading205_c2a7ba-4c, .wp-block-kadence-advancedheading.kt-adv-heading205_c2a7ba-4c[data-kb-block=\"kb-adv-heading205_c2a7ba-4c\"]{text-align:center;font-size:22px;font-style:normal;}.wp-block-kadence-advancedheading.kt-adv-heading205_c2a7ba-4c mark.kt-highlight, .wp-block-kadence-advancedheading.kt-adv-heading205_c2a7ba-4c[data-kb-block=\"kb-adv-heading205_c2a7ba-4c\"] mark.kt-highlight{font-style:normal;color:#f76a0c;-webkit-box-decoration-break:clone;box-decoration-break:clone;padding-top:0px;padding-right:0px;padding-bottom:0px;padding-left:0px;}.wp-block-kadence-advancedheading.kt-adv-heading205_c2a7ba-4c img.kb-inline-image, .wp-block-kadence-advancedheading.kt-adv-heading205_c2a7ba-4c[data-kb-block=\"kb-adv-heading205_c2a7ba-4c\"] img.kb-inline-image{width:150px;vertical-align:baseline;}<\/style>\n<p class=\"kt-adv-heading205_c2a7ba-4c wp-block-kadence-advancedheading has-theme-palette-3-color has-text-color\" data-kb-block=\"kb-adv-heading205_c2a7ba-4c\">Un <strong>Circular FAB<\/strong> es un centro de innovaci\u00f3n territorial que impulsa la digitalizaci\u00f3n, la sostenibilidad y el emprendimiento en entornos rurales, ofreciendo formaci\u00f3n, tecnolog\u00eda y apoyo a empresas y ciudadan\u00eda.<\/p>\n<\/div><\/div>\n\n<\/div><\/div>\n\n<style>.kb-row-layout-id205_323a59-86 > .kt-row-column-wrap{align-content:start;}:where(.kb-row-layout-id205_323a59-86 > .kt-row-column-wrap) > .wp-block-kadence-column{justify-content:start;}.kb-row-layout-id205_323a59-86 > .kt-row-column-wrap{column-gap:80px;row-gap:var(--global-kb-gap-md, 2rem);max-width:var( --global-content-width, 1290px );padding-left:var(--global-content-edge-padding);padding-right:var(--global-content-edge-padding);padding-top:78px;padding-bottom:80px;grid-template-columns:minmax(0, calc(45% - ((80px * 1 )\/2)))minmax(0, calc(55% - ((80px * 1 )\/2)));}.kb-row-layout-id205_323a59-86 > .kt-row-layout-overlay{opacity:0.30;}@media all and (max-width: 1024px){.kb-row-layout-id205_323a59-86 > .kt-row-column-wrap{grid-template-columns:minmax(0, 1fr) minmax(0, 2fr);}}@media all and (max-width: 767px){.kb-row-layout-id205_323a59-86 > .kt-row-column-wrap{grid-template-columns:minmax(0, 1fr);}}<\/style><div class=\"kb-row-layout-wrap kb-row-layout-id205_323a59-86 alignnone wp-block-kadence-rowlayout\"><div class=\"kt-row-column-wrap kt-has-2-columns kt-row-layout-right-golden kt-tab-layout-inherit kt-mobile-layout-row kt-row-valign-top kt-inner-column-height-full kb-theme-content-width\">\n<style>.kadence-column205_1fbda7-af > .kt-inside-inner-col,.kadence-column205_1fbda7-af > .kt-inside-inner-col:before{border-top-left-radius:10px;border-top-right-radius:10px;border-bottom-right-radius:10px;border-bottom-left-radius:10px;}.kadence-column205_1fbda7-af > .kt-inside-inner-col{column-gap:var(--global-kb-gap-sm, 1rem);}.kadence-column205_1fbda7-af > .kt-inside-inner-col{flex-direction:column;}.kadence-column205_1fbda7-af > .kt-inside-inner-col > .aligncenter{width:100%;}.kadence-column205_1fbda7-af > .kt-inside-inner-col{background-image:url('https:\/\/arduinoweekextremadura.es\/wp-content\/uploads\/2026\/03\/maqueta.jpg');background-size:cover;background-position:43% 49%;background-attachment:scroll;background-repeat:no-repeat;}.kadence-column205_1fbda7-af > .kt-inside-inner-col:before{opacity:0.3;}.kadence-column205_1fbda7-af{position:relative;}@media all and (max-width: 1024px){.kadence-column205_1fbda7-af > .kt-inside-inner-col{flex-direction:column;justify-content:center;}}@media all and (max-width: 767px){.kadence-column205_1fbda7-af > .kt-inside-inner-col{padding-bottom:300px;flex-direction:column;justify-content:center;}}<\/style>\n<div class=\"wp-block-kadence-column kadence-column205_1fbda7-af inner-column-1\"><div class=\"kt-inside-inner-col\"><\/div><\/div>\n\n\n<style>.kadence-column205_38aafb-3d > .kt-inside-inner-col,.kadence-column205_38aafb-3d > .kt-inside-inner-col:before{border-top-left-radius:0px;border-top-right-radius:0px;border-bottom-right-radius:0px;border-bottom-left-radius:0px;}.kadence-column205_38aafb-3d > .kt-inside-inner-col{column-gap:var(--global-kb-gap-sm, 1rem);}.kadence-column205_38aafb-3d > .kt-inside-inner-col{flex-direction:column;}.kadence-column205_38aafb-3d > .kt-inside-inner-col > .aligncenter{width:100%;}.kadence-column205_38aafb-3d > .kt-inside-inner-col:before{opacity:0.3;}.kadence-column205_38aafb-3d{position:relative;}.kadence-column205_38aafb-3d, .kt-inside-inner-col > .kadence-column205_38aafb-3d:not(.specificity){margin-right:100px;}@media all and (max-width: 1024px){.kadence-column205_38aafb-3d > .kt-inside-inner-col{flex-direction:column;justify-content:center;}}@media all and (max-width: 767px){.kadence-column205_38aafb-3d > .kt-inside-inner-col{padding-right:0px;flex-direction:column;justify-content:center;}.kadence-column205_38aafb-3d, .kt-inside-inner-col > .kadence-column205_38aafb-3d:not(.specificity){margin-right:0px;}}<\/style>\n<div class=\"wp-block-kadence-column kadence-column205_38aafb-3d inner-column-2\"><div class=\"kt-inside-inner-col\"><style>.wp-block-kadence-advancedheading.kt-adv-heading205_1bbb46-b1, .wp-block-kadence-advancedheading.kt-adv-heading205_1bbb46-b1[data-kb-block=\"kb-adv-heading205_1bbb46-b1\"]{font-style:normal;}.wp-block-kadence-advancedheading.kt-adv-heading205_1bbb46-b1 mark.kt-highlight, .wp-block-kadence-advancedheading.kt-adv-heading205_1bbb46-b1[data-kb-block=\"kb-adv-heading205_1bbb46-b1\"] mark.kt-highlight{font-style:normal;color:#f76a0c;-webkit-box-decoration-break:clone;box-decoration-break:clone;padding-top:0px;padding-right:0px;padding-bottom:0px;padding-left:0px;}.wp-block-kadence-advancedheading.kt-adv-heading205_1bbb46-b1 img.kb-inline-image, .wp-block-kadence-advancedheading.kt-adv-heading205_1bbb46-b1[data-kb-block=\"kb-adv-heading205_1bbb46-b1\"] img.kb-inline-image{width:150px;vertical-align:baseline;}@media all and (max-width: 767px){.wp-block-kadence-advancedheading.kt-adv-heading205_1bbb46-b1, .wp-block-kadence-advancedheading.kt-adv-heading205_1bbb46-b1[data-kb-block=\"kb-adv-heading205_1bbb46-b1\"]{padding-right:0px;}}<\/style>\n<h2 class=\"kt-adv-heading205_1bbb46-b1 wp-block-kadence-advancedheading has-theme-palette-3-color has-text-color\" data-kb-block=\"kb-adv-heading205_1bbb46-b1\">Actividades<\/h2>\n\n\n<style>.wp-block-kadence-advancedheading.kt-adv-heading205_dc807c-ff, .wp-block-kadence-advancedheading.kt-adv-heading205_dc807c-ff[data-kb-block=\"kb-adv-heading205_dc807c-ff\"]{font-style:normal;text-transform:none;}.wp-block-kadence-advancedheading.kt-adv-heading205_dc807c-ff mark.kt-highlight, .wp-block-kadence-advancedheading.kt-adv-heading205_dc807c-ff[data-kb-block=\"kb-adv-heading205_dc807c-ff\"] mark.kt-highlight{font-style:normal;color:#f76a0c;-webkit-box-decoration-break:clone;box-decoration-break:clone;padding-top:0px;padding-right:0px;padding-bottom:0px;padding-left:0px;}.wp-block-kadence-advancedheading.kt-adv-heading205_dc807c-ff img.kb-inline-image, .wp-block-kadence-advancedheading.kt-adv-heading205_dc807c-ff[data-kb-block=\"kb-adv-heading205_dc807c-ff\"] img.kb-inline-image{width:150px;vertical-align:baseline;}<\/style>\n<h5 class=\"kt-adv-heading205_dc807c-ff wp-block-kadence-advancedheading has-theme-palette-1-color has-text-color\" data-kb-block=\"kb-adv-heading205_dc807c-ff\">Sesi\u00f3n demostrativa: Maqueta IoT con Arduino<\/h5>\n\n\n\n<p>Demostraci\u00f3n de una maqueta con sensores conectados, mostrando c\u00f3mo Arduino permite recoger datos y generar respuestas en un entorno pr\u00e1ctico.<\/p>\n\n\n\n<pre class=\"wp-block-verse has-theme-palette-3-color has-text-color\"><strong>Fecha:<\/strong> <strong>9 y 10 de abril de 2026<\/strong><br><strong>Lugar: Circular FAB de Moraleja<\/strong><br><strong>Horario: 19:30 a 20:30 h. (d\u00eda 9) - 08:30 a 09:30 h. \/\/ 12:00 a 13:00 h. (d\u00eda 10)<\/strong><\/pre>\n\n\n\n<div class=\"wp-block-buttons is-layout-flex wp-block-buttons-is-layout-flex\">\n<div class=\"wp-block-button\"><a class=\"wp-block-button__link wp-element-button\" href=\"https:\/\/moraleja.circularfab.es\/actualidad\/\" target=\"_blank\" rel=\"noreferrer noopener\">\u00a1Inscr\u00edbete aqu\u00ed!<\/a><\/div>\n<\/div>\n<\/div><\/div>\n\n<\/div><\/div>\n\n<style>.kb-google-maps-container205_e863d4-50{height:450px;}<\/style><div class=\"kb-google-maps-container kb-google-maps-container205_e863d4-50  wp-block-kadence-googlemaps\" data-mapid=\"205_e863d450\"><iframe width=\"100%\" height=\"100%\"\n\t\t\t\t\t\t\tstyle=\"border:0\" loading=\"lazy\"\n\t\t\t\t\t\t\tsrc=\"https:\/\/www.google.com\/maps\/embed\/v1\/place?key=AIzaSyBAM2o7PiQqwk15LC1XRH2e_KJ-jUa7KYk&#038;zoom=14&#038;maptype=satellite&#038;q=Circular+FAB+Moraleja\"\n\t\t\t\t\t\t\ttitle=\"Mapa de Google de Circular FAB Moraleja\"><\/iframe><\/div><script>function kb_google_map205_e863d450() { let center = { lat: 37.8201, lng: -122.4781}; let map = new google.maps.Map(document.getElementById(\"kb-google-map205_e863d450\"), {\n\t\t\t\t\t    zoom: 14,\n\t\t\t\t\t    center: center,mapTypeId: \"satellite\",});let marker = new google.maps.Marker({   position: { lat: 37.8201, lng: -122.4781},    map: map,  });}<\/script>\n\n<style>.kb-row-layout-id205_2757f5-39 > .kt-row-column-wrap{align-content:start;}:where(.kb-row-layout-id205_2757f5-39 > .kt-row-column-wrap) > .wp-block-kadence-column{justify-content:start;}.kb-row-layout-id205_2757f5-39 > .kt-row-column-wrap{column-gap:var(--global-kb-gap-md, 2rem);row-gap:var(--global-kb-gap-md, 2rem);max-width:var( --global-content-width, 1290px );padding-left:var(--global-content-edge-padding);padding-right:var(--global-content-edge-padding);padding-top:13px;padding-bottom:59px;grid-template-columns:minmax(0, 1fr);}.kb-row-layout-id205_2757f5-39 > .kt-row-layout-overlay{opacity:0.30;}@media all and (max-width: 1024px){.kb-row-layout-id205_2757f5-39 > .kt-row-column-wrap{grid-template-columns:minmax(0, 1fr);}}@media all and (max-width: 767px){.kb-row-layout-id205_2757f5-39 > .kt-row-column-wrap{grid-template-columns:minmax(0, 1fr);}}.kb-row-layout-id205_2757f5-39 .ld_course_grid .caption h3 {    font-size: 22px;    font-weight: 500;}.kb-row-layout-id205_2757f5-39 .ld-course-list-items .ld_course_grid .thumbnail.course img {  border-radius: 20px;}.kb-row-layout-id205_2757f5-39 .ld-course-list-items .ld_course_grid .thumbnail.course {  border: none;}.kb-row-layout-id205_2757f5-39 .ld-course-list-items .ld_course_grid .thumbnail .caption p,.kb-row-layout-id205_2757f5-39 .ld-course-list-items .ld_course_grid .thumbnail.course a.btn-primary {  text-transform: uppercase;  font-weight: bold;  color: var(--global-palette1, #3182CE);  background: none;  font-weight: 600;  font-size: 20px;  letter-spacing: 1px;  padding: 0;  text-align: left;  font-family: 'Barlow Condensed', sans-serif;}<\/style><div class=\"kb-row-layout-wrap kb-row-layout-id205_2757f5-39 alignnone wp-block-kadence-rowlayout\"><div class=\"kt-row-column-wrap kt-has-1-columns kt-row-layout-equal kt-tab-layout-inherit kt-mobile-layout-row kt-row-valign-top kb-theme-content-width\">\n<style>.kadence-column205_17e008-91 > .kt-inside-inner-col,.kadence-column205_17e008-91 > .kt-inside-inner-col:before{border-top-left-radius:0px;border-top-right-radius:0px;border-bottom-right-radius:0px;border-bottom-left-radius:0px;}.kadence-column205_17e008-91 > .kt-inside-inner-col{column-gap:var(--global-kb-gap-sm, 1rem);}.kadence-column205_17e008-91 > .kt-inside-inner-col{flex-direction:column;}.kadence-column205_17e008-91 > .kt-inside-inner-col > .aligncenter{width:100%;}.kadence-column205_17e008-91 > .kt-inside-inner-col:before{opacity:0.3;}.kadence-column205_17e008-91{position:relative;}@media all and (max-width: 1024px){.kadence-column205_17e008-91 > .kt-inside-inner-col{flex-direction:column;justify-content:center;}}@media all and (max-width: 767px){.kadence-column205_17e008-91 > .kt-inside-inner-col{flex-direction:column;justify-content:center;}}<\/style>\n<div class=\"wp-block-kadence-column kadence-column205_17e008-91 inner-column-1\"><div class=\"kt-inside-inner-col\"><style>.wp-block-kadence-advancedheading.kt-adv-heading205_17a3c8-2d, .wp-block-kadence-advancedheading.kt-adv-heading205_17a3c8-2d[data-kb-block=\"kb-adv-heading205_17a3c8-2d\"]{text-align:center;font-style:normal;}.wp-block-kadence-advancedheading.kt-adv-heading205_17a3c8-2d mark.kt-highlight, .wp-block-kadence-advancedheading.kt-adv-heading205_17a3c8-2d[data-kb-block=\"kb-adv-heading205_17a3c8-2d\"] mark.kt-highlight{font-style:normal;color:#f76a0c;-webkit-box-decoration-break:clone;box-decoration-break:clone;padding-top:0px;padding-right:0px;padding-bottom:0px;padding-left:0px;}.wp-block-kadence-advancedheading.kt-adv-heading205_17a3c8-2d img.kb-inline-image, .wp-block-kadence-advancedheading.kt-adv-heading205_17a3c8-2d[data-kb-block=\"kb-adv-heading205_17a3c8-2d\"] img.kb-inline-image{width:150px;vertical-align:baseline;}<\/style>\n<h2 class=\"kt-adv-heading205_17a3c8-2d wp-block-kadence-advancedheading has-theme-palette-4-color has-text-color\" data-kb-block=\"kb-adv-heading205_17a3c8-2d\">Descubre m\u00e1s actividades del Circular FAB de Moraleja<\/h2>\n\n\n<style>.wp-block-kadence-advancedheading.kt-adv-heading205_f84613-e4, .wp-block-kadence-advancedheading.kt-adv-heading205_f84613-e4[data-kb-block=\"kb-adv-heading205_f84613-e4\"]{text-align:center;font-style:normal;}.wp-block-kadence-advancedheading.kt-adv-heading205_f84613-e4 mark.kt-highlight, .wp-block-kadence-advancedheading.kt-adv-heading205_f84613-e4[data-kb-block=\"kb-adv-heading205_f84613-e4\"] mark.kt-highlight{font-style:normal;color:#f76a0c;-webkit-box-decoration-break:clone;box-decoration-break:clone;padding-top:0px;padding-right:0px;padding-bottom:0px;padding-left:0px;}.wp-block-kadence-advancedheading.kt-adv-heading205_f84613-e4 img.kb-inline-image, .wp-block-kadence-advancedheading.kt-adv-heading205_f84613-e4[data-kb-block=\"kb-adv-heading205_f84613-e4\"] img.kb-inline-image{width:150px;vertical-align:baseline;}<\/style>\n<p class=\"kt-adv-heading205_f84613-e4 wp-block-kadence-advancedheading\" data-kb-block=\"kb-adv-heading205_f84613-e4\">Visita la p\u00e1gina web<\/p>\n\n\n<style>.wp-block-kadence-advancedbtn.kb-btns205_e3da5c-e9{gap:var(--global-kb-gap-xs, 0.5rem );justify-content:center;align-items:center;}.kt-btns205_e3da5c-e9 .kt-button{font-weight:normal;font-style:normal;}<\/style>\n<div class=\"wp-block-kadence-advancedbtn kb-buttons-wrap kb-btns205_e3da5c-e9\"><style>ul.menu .wp-block-kadence-advancedbtn .kb-btn205_f30bd1-cf.kb-button{width:initial;}.wp-block-kadence-advancedbtn .kb-btn205_f30bd1-cf.kb-button{padding-right:100px;padding-left:100px;}@media all and (max-width: 767px){.wp-block-kadence-advancedbtn .kb-btn205_f30bd1-cf.kb-button{font-size:15px;}}<\/style><a class=\"kb-button kt-button button kb-btn205_f30bd1-cf kt-btn-size-standard kt-btn-width-type-full kb-btn-global-inherit  kt-btn-has-text-true kt-btn-has-svg-false  wp-block-button__link wp-block-kadence-singlebtn\" href=\"https:\/\/moraleja.circularfab.es\/\" target=\"_blank\" rel=\"noreferrer noopener\"><span class=\"kt-btn-inner-text\">P\u00e1gina del Circular FAB de Moraleja<\/span><\/a><\/div>\n<\/div><\/div>\n\n<\/div><\/div>","protected":false},"excerpt":{"rendered":"<p>circular fab moraleja Un Circular FAB es un centro de innovaci\u00f3n territorial que impulsa la digitalizaci\u00f3n, la sostenibilidad y el emprendimiento en entornos rurales, ofreciendo formaci\u00f3n, tecnolog\u00eda y apoyo a empresas y ciudadan\u00eda. Actividades Sesi\u00f3n demostrativa: Maqueta IoT con Arduino Demostraci\u00f3n de una maqueta con sensores conectados, mostrando c\u00f3mo Arduino permite recoger datos y generar&#8230;<\/p>\n","protected":false},"author":3,"featured_media":362,"parent":0,"menu_order":0,"comment_status":"closed","ping_status":"closed","template":"","meta":{"_kadence_starter_templates_imported_post":true,"_kad_post_transparent":"","_kad_post_title":"","_kad_post_layout":"","_kad_post_sidebar_id":"","_kad_post_content_style":"","_kad_post_vertical_padding":"","_kad_post_feature":"","_kad_post_feature_position":"","_kad_post_header":false,"_kad_post_footer":false,"_kad_post_classname":"","footnotes":""},"class_list":["post-205","page","type-page","status-publish","has-post-thumbnail","hentry"],"_links":{"self":[{"href":"https:\/\/arduinoweekextremadura.es\/index.php\/wp-json\/wp\/v2\/pages\/205","targetHints":{"allow":["GET"]}}],"collection":[{"href":"https:\/\/arduinoweekextremadura.es\/index.php\/wp-json\/wp\/v2\/pages"}],"about":[{"href":"https:\/\/arduinoweekextremadura.es\/index.php\/wp-json\/wp\/v2\/types\/page"}],"author":[{"embeddable":true,"href":"https:\/\/arduinoweekextremadura.es\/index.php\/wp-json\/wp\/v2\/users\/3"}],"replies":[{"embeddable":true,"href":"https:\/\/arduinoweekextremadura.es\/index.php\/wp-json\/wp\/v2\/comments?post=205"}],"version-history":[{"count":28,"href":"https:\/\/arduinoweekextremadura.es\/index.php\/wp-json\/wp\/v2\/pages\/205\/revisions"}],"predecessor-version":[{"id":1560,"href":"https:\/\/arduinoweekextremadura.es\/index.php\/wp-json\/wp\/v2\/pages\/205\/revisions\/1560"}],"wp:featuredmedia":[{"embeddable":true,"href":"https:\/\/arduinoweekextremadura.es\/index.php\/wp-json\/"}],"wp:attachment":[{"href":"https:\/\/arduinoweekextremadura.es\/index.php\/wp-json\/wp\/v2\/media?parent=205"}],"curies":[{"name":"wp","href":"https:\/\/api.w.org\/{rel}","templated":true}]}}