{"id":207,"date":"2022-03-07T16:02:26","date_gmt":"2022-03-07T16:02:26","guid":{"rendered":"https:\/\/arduinoweekextremadura.es\/?page_id=207"},"modified":"2026-03-19T19:44:00","modified_gmt":"2026-03-19T19:44:00","slug":"trujillo","status":"publish","type":"page","link":"https:\/\/arduinoweekextremadura.es\/index.php\/trujillo\/","title":{"rendered":"Trujillo"},"content":{"rendered":"<style>.kb-row-layout-id207_3d23ff-ac > .kt-row-column-wrap{align-content:start;}:where(.kb-row-layout-id207_3d23ff-ac > .kt-row-column-wrap) > .wp-block-kadence-column{justify-content:start;}.kb-row-layout-id207_3d23ff-ac > .kt-row-column-wrap{column-gap:var(--global-kb-gap-md, 2rem);row-gap:var(--global-kb-gap-md, 2rem);max-width:var( --global-content-width, 1290px );padding-left:var(--global-content-edge-padding);padding-right:var(--global-content-edge-padding);padding-top:150px;padding-bottom:243px;grid-template-columns:minmax(0, 1fr);}.kb-row-layout-id207_3d23ff-ac{background-image:url('https:\/\/arduinoweekextremadura.es\/wp-content\/uploads\/2024\/02\/trujillo2.jpg');background-size:cover;background-position:42% 24%;background-attachment:scroll;background-repeat:no-repeat;}.kb-row-layout-id207_3d23ff-ac > .kt-row-layout-overlay{opacity:0.00;background:linear-gradient(112deg, var(--global-palette1) 0%, var(--global-palette2) 100%);mix-blend-mode:multiply;}@media all and (max-width: 1024px), only screen and (min-device-width: 1024px) and (max-device-width: 1366px) and (-webkit-min-device-pixel-ratio: 2) and (hover: none){.kb-row-layout-wrap.wp-block-kadence-rowlayout.kb-row-layout-id207_3d23ff-ac{background-image:url('https:\/\/arduinoweekextremadura.es\/wp-content\/uploads\/2022\/03\/centro-universitario.jpg');background-size:auto;background-position:63% 56.99999999999999%;background-attachment:scroll;background-repeat:no-repeat;}}@media all and (max-width: 1024px){.kb-row-layout-id207_3d23ff-ac > .kt-row-column-wrap{padding-bottom:243px;grid-template-columns:minmax(0, 1fr);}}@media all and (max-width: 767px){.kb-row-layout-id207_3d23ff-ac > .kt-row-column-wrap{padding-bottom:243px;grid-template-columns:minmax(0, 1fr);}.kb-row-layout-wrap.wp-block-kadence-rowlayout.kb-row-layout-id207_3d23ff-ac{background-image:url('https:\/\/arduinoweekextremadura.es\/wp-content\/uploads\/2022\/03\/centro-universitario.jpg');background-size:auto;background-position:69% 67%;background-attachment:scroll;background-repeat:repeat-y;}}<\/style><div class=\"kb-row-layout-wrap kb-row-layout-id207_3d23ff-ac alignnone kt-row-has-bg wp-block-kadence-rowlayout\"><div class=\"kt-row-layout-overlay kt-row-overlay-gradient\"><\/div><div class=\"kt-row-column-wrap kt-has-1-columns kt-row-layout-equal kt-tab-layout-inherit kt-mobile-layout-row kt-row-valign-top kb-theme-content-width\">\n<style>.kadence-column207_9464fa-59 > .kt-inside-inner-col,.kadence-column207_9464fa-59 > .kt-inside-inner-col:before{border-top-left-radius:0px;border-top-right-radius:0px;border-bottom-right-radius:0px;border-bottom-left-radius:0px;}.kadence-column207_9464fa-59 > .kt-inside-inner-col{column-gap:var(--global-kb-gap-sm, 1rem);}.kadence-column207_9464fa-59 > .kt-inside-inner-col{flex-direction:column;}.kadence-column207_9464fa-59 > .kt-inside-inner-col > .aligncenter{width:100%;}.kadence-column207_9464fa-59 > .kt-inside-inner-col:before{opacity:0.3;}.kadence-column207_9464fa-59{position:relative;}@media all and (max-width: 1024px){.kadence-column207_9464fa-59 > .kt-inside-inner-col{flex-direction:column;justify-content:center;}}@media all and (max-width: 767px){.kadence-column207_9464fa-59 > .kt-inside-inner-col{flex-direction:column;justify-content:center;}}<\/style>\n<div class=\"wp-block-kadence-column kadence-column207_9464fa-59 inner-column-1\"><div class=\"kt-inside-inner-col\"><style>.wp-block-kadence-advancedheading.kt-adv-heading207_e16d55-98, .wp-block-kadence-advancedheading.kt-adv-heading207_e16d55-98[data-kb-block=\"kb-adv-heading207_e16d55-98\"]{font-style:normal;}.wp-block-kadence-advancedheading.kt-adv-heading207_e16d55-98 mark.kt-highlight, .wp-block-kadence-advancedheading.kt-adv-heading207_e16d55-98[data-kb-block=\"kb-adv-heading207_e16d55-98\"] mark.kt-highlight{font-style:normal;color:#f76a0c;-webkit-box-decoration-break:clone;box-decoration-break:clone;padding-top:0px;padding-right:0px;padding-bottom:0px;padding-left:0px;}.wp-block-kadence-advancedheading.kt-adv-heading207_e16d55-98 img.kb-inline-image, .wp-block-kadence-advancedheading.kt-adv-heading207_e16d55-98[data-kb-block=\"kb-adv-heading207_e16d55-98\"] img.kb-inline-image{width:150px;vertical-align:baseline;}<\/style>\n<p class=\"kt-adv-heading207_e16d55-98 wp-block-kadence-advancedheading has-theme-palette-9-color has-text-color\" data-kb-block=\"kb-adv-heading207_e16d55-98\"><\/p>\n\n\n<style>.wp-block-kadence-advancedheading.kt-adv-heading207_b4c55b-e3, .wp-block-kadence-advancedheading.kt-adv-heading207_b4c55b-e3[data-kb-block=\"kb-adv-heading207_b4c55b-e3\"]{text-align:left;font-size:41px;line-height:5px;font-style:normal;text-transform:uppercase;text-shadow:1px 1px 1px var(--global-palette2, #2B6CB0);}.wp-block-kadence-advancedheading.kt-adv-heading207_b4c55b-e3 mark.kt-highlight, .wp-block-kadence-advancedheading.kt-adv-heading207_b4c55b-e3[data-kb-block=\"kb-adv-heading207_b4c55b-e3\"] mark.kt-highlight{letter-spacing:4.3px;line-height:96px;font-style:normal;color:#f76a0c;-webkit-box-decoration-break:clone;box-decoration-break:clone;padding-top:0px;padding-right:0px;padding-bottom:0px;padding-left:0px;}.wp-block-kadence-advancedheading.kt-adv-heading207_b4c55b-e3 img.kb-inline-image, .wp-block-kadence-advancedheading.kt-adv-heading207_b4c55b-e3[data-kb-block=\"kb-adv-heading207_b4c55b-e3\"] img.kb-inline-image{width:150px;vertical-align:baseline;}@media all and (max-width: 1024px){.wp-block-kadence-advancedheading.kt-adv-heading207_b4c55b-e3, .wp-block-kadence-advancedheading.kt-adv-heading207_b4c55b-e3[data-kb-block=\"kb-adv-heading207_b4c55b-e3\"]{text-shadow:1px 1px 1px var(--global-palette2, #2B6CB0);font-size:35px;line-height:59px;text-align:center!important;}}@media all and (max-width: 767px){.wp-block-kadence-advancedheading.kt-adv-heading207_b4c55b-e3, .wp-block-kadence-advancedheading.kt-adv-heading207_b4c55b-e3[data-kb-block=\"kb-adv-heading207_b4c55b-e3\"]{text-shadow:1px 1px 1px var(--global-palette2, #2B6CB0);font-size:29px;line-height:40px;text-align:center!important;}}<\/style>\n<h2 class=\"kt-adv-heading207_b4c55b-e3 wp-block-kadence-advancedheading has-theme-palette-9-color has-text-color\" data-kb-block=\"kb-adv-heading207_b4c55b-e3\">circular fab trujillo<\/h2>\n<\/div><\/div>\n\n<\/div><\/div>\n\n<style>.kb-row-layout-id207_8854df-b7 > .kt-row-column-wrap{align-content:start;}:where(.kb-row-layout-id207_8854df-b7 > .kt-row-column-wrap) > .wp-block-kadence-column{justify-content:start;}.kb-row-layout-id207_8854df-b7 > .kt-row-column-wrap{column-gap:var(--global-kb-gap-md, 2rem);row-gap:var(--global-kb-gap-md, 2rem);max-width:var( --global-content-width, 1290px );padding-left:var(--global-content-edge-padding);padding-right:var(--global-content-edge-padding);padding-top:80px;padding-bottom:80px;grid-template-columns:minmax(0, 1fr);}.kb-row-layout-id207_8854df-b7 > .kt-row-layout-overlay{opacity:0.30;}@media all and (max-width: 1024px){.kb-row-layout-id207_8854df-b7 > .kt-row-column-wrap{grid-template-columns:minmax(0, 1fr);}}@media all and (max-width: 767px){.kb-row-layout-id207_8854df-b7 > .kt-row-column-wrap{grid-template-columns:minmax(0, 1fr);}}<\/style><div class=\"kb-row-layout-wrap kb-row-layout-id207_8854df-b7 alignnone has-theme-palette8-background-color kt-row-has-bg wp-block-kadence-rowlayout\"><div class=\"kt-row-column-wrap kt-has-1-columns kt-row-layout-equal kt-tab-layout-inherit kt-mobile-layout-row kt-row-valign-top kb-theme-content-width\">\n<style>.kadence-column207_9c89a5-31 > .kt-inside-inner-col,.kadence-column207_9c89a5-31 > .kt-inside-inner-col:before{border-top-left-radius:0px;border-top-right-radius:0px;border-bottom-right-radius:0px;border-bottom-left-radius:0px;}.kadence-column207_9c89a5-31 > .kt-inside-inner-col{column-gap:var(--global-kb-gap-sm, 1rem);}.kadence-column207_9c89a5-31 > .kt-inside-inner-col{flex-direction:column;}.kadence-column207_9c89a5-31 > .kt-inside-inner-col > .aligncenter{width:100%;}.kadence-column207_9c89a5-31 > .kt-inside-inner-col:before{opacity:0.3;}.kadence-column207_9c89a5-31{position:relative;}@media all and (max-width: 1024px){.kadence-column207_9c89a5-31 > .kt-inside-inner-col{flex-direction:column;justify-content:center;}}@media all and (max-width: 767px){.kadence-column207_9c89a5-31 > .kt-inside-inner-col{flex-direction:column;justify-content:center;}}<\/style>\n<div class=\"wp-block-kadence-column kadence-column207_9c89a5-31 inner-column-1\"><div class=\"kt-inside-inner-col\"><style>.wp-block-kadence-advancedheading.kt-adv-heading207_310e94-4f, .wp-block-kadence-advancedheading.kt-adv-heading207_310e94-4f[data-kb-block=\"kb-adv-heading207_310e94-4f\"]{text-align:center;font-size:22px;font-style:normal;}.wp-block-kadence-advancedheading.kt-adv-heading207_310e94-4f mark.kt-highlight, .wp-block-kadence-advancedheading.kt-adv-heading207_310e94-4f[data-kb-block=\"kb-adv-heading207_310e94-4f\"] mark.kt-highlight{font-style:normal;color:#f76a0c;-webkit-box-decoration-break:clone;box-decoration-break:clone;padding-top:0px;padding-right:0px;padding-bottom:0px;padding-left:0px;}.wp-block-kadence-advancedheading.kt-adv-heading207_310e94-4f img.kb-inline-image, .wp-block-kadence-advancedheading.kt-adv-heading207_310e94-4f[data-kb-block=\"kb-adv-heading207_310e94-4f\"] img.kb-inline-image{width:150px;vertical-align:baseline;}<\/style>\n<p class=\"kt-adv-heading207_310e94-4f wp-block-kadence-advancedheading has-theme-palette-3-color has-text-color\" data-kb-block=\"kb-adv-heading207_310e94-4f\">Un <strong>Circular FAB<\/strong> es un centro de innovaci\u00f3n territorial que impulsa la digitalizaci\u00f3n, la sostenibilidad y el emprendimiento en entornos rurales, ofreciendo formaci\u00f3n, tecnolog\u00eda y apoyo a empresas y ciudadan\u00eda.<\/p>\n<\/div><\/div>\n\n<\/div><\/div>\n\n<style>.kb-row-layout-id207_135af2-0d > .kt-row-column-wrap{align-content:start;}:where(.kb-row-layout-id207_135af2-0d > .kt-row-column-wrap) > .wp-block-kadence-column{justify-content:start;}.kb-row-layout-id207_135af2-0d > .kt-row-column-wrap{column-gap:80px;row-gap:var(--global-kb-gap-md, 2rem);max-width:var( --global-content-width, 1290px );padding-left:var(--global-content-edge-padding);padding-right:var(--global-content-edge-padding);padding-top:78px;padding-bottom:80px;grid-template-columns:minmax(0, calc(45% - ((80px * 1 )\/2)))minmax(0, calc(55% - ((80px * 1 )\/2)));}.kb-row-layout-id207_135af2-0d > .kt-row-layout-overlay{opacity:0.30;}@media all and (max-width: 1024px){.kb-row-layout-id207_135af2-0d > .kt-row-column-wrap{grid-template-columns:minmax(0, 1fr) minmax(0, 2fr);}}@media all and (max-width: 767px){.kb-row-layout-id207_135af2-0d > .kt-row-column-wrap{grid-template-columns:minmax(0, 1fr);}}<\/style><div class=\"kb-row-layout-wrap kb-row-layout-id207_135af2-0d alignnone wp-block-kadence-rowlayout\"><div class=\"kt-row-column-wrap kt-has-2-columns kt-row-layout-right-golden kt-tab-layout-inherit kt-mobile-layout-row kt-row-valign-top kt-inner-column-height-full kb-theme-content-width\">\n<style>.kadence-column207_55c763-32 > .kt-inside-inner-col,.kadence-column207_55c763-32 > .kt-inside-inner-col:before{border-top-left-radius:10px;border-top-right-radius:10px;border-bottom-right-radius:10px;border-bottom-left-radius:10px;}.kadence-column207_55c763-32 > .kt-inside-inner-col{column-gap:var(--global-kb-gap-sm, 1rem);}.kadence-column207_55c763-32 > .kt-inside-inner-col{flex-direction:column;}.kadence-column207_55c763-32 > .kt-inside-inner-col > .aligncenter{width:100%;}.kadence-column207_55c763-32 > .kt-inside-inner-col{background-image:url('https:\/\/arduinoweekextremadura.es\/wp-content\/uploads\/2026\/03\/logrosan2.jpg');background-size:cover;background-position:55.00000000000001% 24%;background-attachment:scroll;background-repeat:no-repeat;}.kadence-column207_55c763-32 > .kt-inside-inner-col:before{opacity:0.3;}.kadence-column207_55c763-32{position:relative;}@media all and (max-width: 1024px){.kadence-column207_55c763-32 > .kt-inside-inner-col{flex-direction:column;justify-content:center;}}@media all and (max-width: 767px){.kadence-column207_55c763-32 > .kt-inside-inner-col{padding-bottom:300px;flex-direction:column;justify-content:center;}}<\/style>\n<div class=\"wp-block-kadence-column kadence-column207_55c763-32 inner-column-1\"><div class=\"kt-inside-inner-col\"><\/div><\/div>\n\n\n<style>.kadence-column207_d463b8-c7 > .kt-inside-inner-col,.kadence-column207_d463b8-c7 > .kt-inside-inner-col:before{border-top-left-radius:0px;border-top-right-radius:0px;border-bottom-right-radius:0px;border-bottom-left-radius:0px;}.kadence-column207_d463b8-c7 > .kt-inside-inner-col{column-gap:var(--global-kb-gap-sm, 1rem);}.kadence-column207_d463b8-c7 > .kt-inside-inner-col{flex-direction:column;}.kadence-column207_d463b8-c7 > .kt-inside-inner-col > .aligncenter{width:100%;}.kadence-column207_d463b8-c7 > .kt-inside-inner-col:before{opacity:0.3;}.kadence-column207_d463b8-c7{position:relative;}.kadence-column207_d463b8-c7, .kt-inside-inner-col > .kadence-column207_d463b8-c7:not(.specificity){margin-right:100px;}@media all and (max-width: 1024px){.kadence-column207_d463b8-c7 > .kt-inside-inner-col{flex-direction:column;justify-content:center;}}@media all and (max-width: 767px){.kadence-column207_d463b8-c7 > .kt-inside-inner-col{padding-right:0px;flex-direction:column;justify-content:center;}.kadence-column207_d463b8-c7, .kt-inside-inner-col > .kadence-column207_d463b8-c7:not(.specificity){margin-right:0px;}}<\/style>\n<div class=\"wp-block-kadence-column kadence-column207_d463b8-c7 inner-column-2\"><div class=\"kt-inside-inner-col\"><style>.wp-block-kadence-advancedheading.kt-adv-heading207_f44e67-08, .wp-block-kadence-advancedheading.kt-adv-heading207_f44e67-08[data-kb-block=\"kb-adv-heading207_f44e67-08\"]{font-style:normal;}.wp-block-kadence-advancedheading.kt-adv-heading207_f44e67-08 mark.kt-highlight, .wp-block-kadence-advancedheading.kt-adv-heading207_f44e67-08[data-kb-block=\"kb-adv-heading207_f44e67-08\"] mark.kt-highlight{font-style:normal;color:#f76a0c;-webkit-box-decoration-break:clone;box-decoration-break:clone;padding-top:0px;padding-right:0px;padding-bottom:0px;padding-left:0px;}.wp-block-kadence-advancedheading.kt-adv-heading207_f44e67-08 img.kb-inline-image, .wp-block-kadence-advancedheading.kt-adv-heading207_f44e67-08[data-kb-block=\"kb-adv-heading207_f44e67-08\"] img.kb-inline-image{width:150px;vertical-align:baseline;}@media all and (max-width: 767px){.wp-block-kadence-advancedheading.kt-adv-heading207_f44e67-08, .wp-block-kadence-advancedheading.kt-adv-heading207_f44e67-08[data-kb-block=\"kb-adv-heading207_f44e67-08\"]{padding-right:0px;}}<\/style>\n<h2 class=\"kt-adv-heading207_f44e67-08 wp-block-kadence-advancedheading has-theme-palette-3-color has-text-color\" data-kb-block=\"kb-adv-heading207_f44e67-08\">Actividades<\/h2>\n\n\n<style>.wp-block-kadence-advancedheading.kt-adv-heading207_36ea14-20, .wp-block-kadence-advancedheading.kt-adv-heading207_36ea14-20[data-kb-block=\"kb-adv-heading207_36ea14-20\"]{font-style:normal;text-transform:none;}.wp-block-kadence-advancedheading.kt-adv-heading207_36ea14-20 mark.kt-highlight, .wp-block-kadence-advancedheading.kt-adv-heading207_36ea14-20[data-kb-block=\"kb-adv-heading207_36ea14-20\"] mark.kt-highlight{font-style:normal;color:#f76a0c;-webkit-box-decoration-break:clone;box-decoration-break:clone;padding-top:0px;padding-right:0px;padding-bottom:0px;padding-left:0px;}.wp-block-kadence-advancedheading.kt-adv-heading207_36ea14-20 img.kb-inline-image, .wp-block-kadence-advancedheading.kt-adv-heading207_36ea14-20[data-kb-block=\"kb-adv-heading207_36ea14-20\"] img.kb-inline-image{width:150px;vertical-align:baseline;}<\/style>\n<h5 class=\"kt-adv-heading207_36ea14-20 wp-block-kadence-advancedheading has-theme-palette-1-color has-text-color\" data-kb-block=\"kb-adv-heading207_36ea14-20\">Huerto inteligente con Arduino<\/h5>\n\n\n\n<p>Montaje de un sistema de huerto automatizado con Arduino, utilizando sensores para medir condiciones como la humedad del suelo. Se trabajar\u00e1 la programaci\u00f3n b\u00e1sica para activar el riego de forma autom\u00e1tica.<\/p>\n\n\n\n<pre class=\"wp-block-verse has-theme-palette-3-color has-text-color\"><strong>Fecha:<\/strong> <strong>8 y 9 de abril de 2026<\/strong><br><strong>Lugar: Circular FAB de Trujillo<\/strong><br><strong>Horario: 10:00 a 14:00 h.<\/strong><\/pre>\n\n\n\n<div class=\"wp-block-buttons is-layout-flex wp-block-buttons-is-layout-flex\">\n<div class=\"wp-block-button\"><a class=\"wp-block-button__link wp-element-button\" href=\"https:\/\/trujillo.circularfab.es\/actualidad\/\" target=\"_blank\" rel=\"noreferrer noopener\">\u00a1Inscr\u00edbete aqu\u00ed!<\/a><\/div>\n<\/div>\n<\/div><\/div>\n\n<\/div><\/div>\n\n<style>.kb-google-maps-container207_00599c-84{height:450px;}<\/style><div class=\"kb-google-maps-container kb-google-maps-container207_00599c-84  wp-block-kadence-googlemaps\" data-mapid=\"207_00599c84\"><iframe width=\"100%\" height=\"100%\"\n\t\t\t\t\t\t\tstyle=\"border:0\" loading=\"lazy\"\n\t\t\t\t\t\t\tsrc=\"https:\/\/www.google.com\/maps\/embed\/v1\/place?key=AIzaSyBAM2o7PiQqwk15LC1XRH2e_KJ-jUa7KYk&#038;zoom=14&#038;maptype=satellite&#038;q=Circular+FAB+Trujillo\"\n\t\t\t\t\t\t\ttitle=\"Mapa de Google de Circular FAB Trujillo\"><\/iframe><\/div><script>function kb_google_map207_00599c84() { let center = { lat: 37.8201, lng: -122.4781}; let map = new google.maps.Map(document.getElementById(\"kb-google-map207_00599c84\"), {\n\t\t\t\t\t    zoom: 14,\n\t\t\t\t\t    center: center,mapTypeId: \"satellite\",});let marker = new google.maps.Marker({   position: { lat: 37.8201, lng: -122.4781},    map: map,  });}<\/script>\n\n<style>.kb-row-layout-id207_53e24f-9d > .kt-row-column-wrap{align-content:start;}:where(.kb-row-layout-id207_53e24f-9d > .kt-row-column-wrap) > .wp-block-kadence-column{justify-content:start;}.kb-row-layout-id207_53e24f-9d > .kt-row-column-wrap{column-gap:var(--global-kb-gap-md, 2rem);row-gap:var(--global-kb-gap-md, 2rem);max-width:var( --global-content-width, 1290px );padding-left:var(--global-content-edge-padding);padding-right:var(--global-content-edge-padding);padding-top:13px;padding-bottom:59px;grid-template-columns:minmax(0, 1fr);}.kb-row-layout-id207_53e24f-9d > .kt-row-layout-overlay{opacity:0.30;}@media all and (max-width: 1024px){.kb-row-layout-id207_53e24f-9d > .kt-row-column-wrap{grid-template-columns:minmax(0, 1fr);}}@media all and (max-width: 767px){.kb-row-layout-id207_53e24f-9d > .kt-row-column-wrap{grid-template-columns:minmax(0, 1fr);}}.kb-row-layout-id207_53e24f-9d .ld_course_grid .caption h3 {    font-size: 22px;    font-weight: 500;}.kb-row-layout-id207_53e24f-9d .ld-course-list-items .ld_course_grid .thumbnail.course img {  border-radius: 20px;}.kb-row-layout-id207_53e24f-9d .ld-course-list-items .ld_course_grid .thumbnail.course {  border: none;}.kb-row-layout-id207_53e24f-9d .ld-course-list-items .ld_course_grid .thumbnail .caption p,.kb-row-layout-id207_53e24f-9d .ld-course-list-items .ld_course_grid .thumbnail.course a.btn-primary {  text-transform: uppercase;  font-weight: bold;  color: var(--global-palette1, #3182CE);  background: none;  font-weight: 600;  font-size: 20px;  letter-spacing: 1px;  padding: 0;  text-align: left;  font-family: 'Barlow Condensed', sans-serif;}<\/style><div class=\"kb-row-layout-wrap kb-row-layout-id207_53e24f-9d alignnone wp-block-kadence-rowlayout\"><div class=\"kt-row-column-wrap kt-has-1-columns kt-row-layout-equal kt-tab-layout-inherit kt-mobile-layout-row kt-row-valign-top kb-theme-content-width\">\n<style>.kadence-column207_73f1cd-70 > .kt-inside-inner-col,.kadence-column207_73f1cd-70 > .kt-inside-inner-col:before{border-top-left-radius:0px;border-top-right-radius:0px;border-bottom-right-radius:0px;border-bottom-left-radius:0px;}.kadence-column207_73f1cd-70 > .kt-inside-inner-col{column-gap:var(--global-kb-gap-sm, 1rem);}.kadence-column207_73f1cd-70 > .kt-inside-inner-col{flex-direction:column;}.kadence-column207_73f1cd-70 > .kt-inside-inner-col > .aligncenter{width:100%;}.kadence-column207_73f1cd-70 > .kt-inside-inner-col:before{opacity:0.3;}.kadence-column207_73f1cd-70{position:relative;}@media all and (max-width: 1024px){.kadence-column207_73f1cd-70 > .kt-inside-inner-col{flex-direction:column;justify-content:center;}}@media all and (max-width: 767px){.kadence-column207_73f1cd-70 > .kt-inside-inner-col{flex-direction:column;justify-content:center;}}<\/style>\n<div class=\"wp-block-kadence-column kadence-column207_73f1cd-70 inner-column-1\"><div class=\"kt-inside-inner-col\"><style>.wp-block-kadence-advancedheading.kt-adv-heading207_a4ae6a-11, .wp-block-kadence-advancedheading.kt-adv-heading207_a4ae6a-11[data-kb-block=\"kb-adv-heading207_a4ae6a-11\"]{text-align:center;font-style:normal;}.wp-block-kadence-advancedheading.kt-adv-heading207_a4ae6a-11 mark.kt-highlight, .wp-block-kadence-advancedheading.kt-adv-heading207_a4ae6a-11[data-kb-block=\"kb-adv-heading207_a4ae6a-11\"] mark.kt-highlight{font-style:normal;color:#f76a0c;-webkit-box-decoration-break:clone;box-decoration-break:clone;padding-top:0px;padding-right:0px;padding-bottom:0px;padding-left:0px;}.wp-block-kadence-advancedheading.kt-adv-heading207_a4ae6a-11 img.kb-inline-image, .wp-block-kadence-advancedheading.kt-adv-heading207_a4ae6a-11[data-kb-block=\"kb-adv-heading207_a4ae6a-11\"] img.kb-inline-image{width:150px;vertical-align:baseline;}<\/style>\n<h2 class=\"kt-adv-heading207_a4ae6a-11 wp-block-kadence-advancedheading has-theme-palette-4-color has-text-color\" data-kb-block=\"kb-adv-heading207_a4ae6a-11\">Descubre m\u00e1s actividades del Circular FAB de Trujillo<\/h2>\n\n\n<style>.wp-block-kadence-advancedheading.kt-adv-heading207_4f0b65-2b, .wp-block-kadence-advancedheading.kt-adv-heading207_4f0b65-2b[data-kb-block=\"kb-adv-heading207_4f0b65-2b\"]{text-align:center;font-style:normal;}.wp-block-kadence-advancedheading.kt-adv-heading207_4f0b65-2b mark.kt-highlight, .wp-block-kadence-advancedheading.kt-adv-heading207_4f0b65-2b[data-kb-block=\"kb-adv-heading207_4f0b65-2b\"] mark.kt-highlight{font-style:normal;color:#f76a0c;-webkit-box-decoration-break:clone;box-decoration-break:clone;padding-top:0px;padding-right:0px;padding-bottom:0px;padding-left:0px;}.wp-block-kadence-advancedheading.kt-adv-heading207_4f0b65-2b img.kb-inline-image, .wp-block-kadence-advancedheading.kt-adv-heading207_4f0b65-2b[data-kb-block=\"kb-adv-heading207_4f0b65-2b\"] img.kb-inline-image{width:150px;vertical-align:baseline;}<\/style>\n<p class=\"kt-adv-heading207_4f0b65-2b wp-block-kadence-advancedheading\" data-kb-block=\"kb-adv-heading207_4f0b65-2b\">Visita la p\u00e1gina web<\/p>\n\n\n<style>.wp-block-kadence-advancedbtn.kb-btns207_7cf181-99{gap:var(--global-kb-gap-xs, 0.5rem );justify-content:center;align-items:center;}.kt-btns207_7cf181-99 .kt-button{font-weight:normal;font-style:normal;}<\/style>\n<div class=\"wp-block-kadence-advancedbtn kb-buttons-wrap kb-btns207_7cf181-99\"><style>ul.menu .wp-block-kadence-advancedbtn .kb-btn207_811392-b0.kb-button{width:initial;}.wp-block-kadence-advancedbtn .kb-btn207_811392-b0.kb-button{padding-right:100px;padding-left:100px;}@media all and (max-width: 767px){.wp-block-kadence-advancedbtn .kb-btn207_811392-b0.kb-button{font-size:15px;}}<\/style><a class=\"kb-button kt-button button kb-btn207_811392-b0 kt-btn-size-standard kt-btn-width-type-full kb-btn-global-inherit  kt-btn-has-text-true kt-btn-has-svg-false  wp-block-button__link wp-block-kadence-singlebtn\" href=\"https:\/\/trujillo.circularfab.es\/\"><span class=\"kt-btn-inner-text\">P\u00e1gina del Circular FAB de Trujillo<\/span><\/a><\/div>\n<\/div><\/div>\n\n<\/div><\/div>","protected":false},"excerpt":{"rendered":"<p>circular fab trujillo Un Circular FAB es un centro de innovaci\u00f3n territorial que impulsa la digitalizaci\u00f3n, la sostenibilidad y el emprendimiento en entornos rurales, ofreciendo formaci\u00f3n, tecnolog\u00eda y apoyo a empresas y ciudadan\u00eda. Actividades Huerto inteligente con Arduino Montaje de un sistema de huerto automatizado con Arduino, utilizando sensores para medir condiciones como la humedad&#8230;<\/p>\n","protected":false},"author":3,"featured_media":362,"parent":0,"menu_order":0,"comment_status":"closed","ping_status":"closed","template":"","meta":{"_kadence_starter_templates_imported_post":true,"_kad_post_transparent":"","_kad_post_title":"","_kad_post_layout":"","_kad_post_sidebar_id":"","_kad_post_content_style":"","_kad_post_vertical_padding":"","_kad_post_feature":"","_kad_post_feature_position":"","_kad_post_header":false,"_kad_post_footer":false,"_kad_post_classname":"","footnotes":""},"class_list":["post-207","page","type-page","status-publish","has-post-thumbnail","hentry"],"_links":{"self":[{"href":"https:\/\/arduinoweekextremadura.es\/index.php\/wp-json\/wp\/v2\/pages\/207","targetHints":{"allow":["GET"]}}],"collection":[{"href":"https:\/\/arduinoweekextremadura.es\/index.php\/wp-json\/wp\/v2\/pages"}],"about":[{"href":"https:\/\/arduinoweekextremadura.es\/index.php\/wp-json\/wp\/v2\/types\/page"}],"author":[{"embeddable":true,"href":"https:\/\/arduinoweekextremadura.es\/index.php\/wp-json\/wp\/v2\/users\/3"}],"replies":[{"embeddable":true,"href":"https:\/\/arduinoweekextremadura.es\/index.php\/wp-json\/wp\/v2\/comments?post=207"}],"version-history":[{"count":27,"href":"https:\/\/arduinoweekextremadura.es\/index.php\/wp-json\/wp\/v2\/pages\/207\/revisions"}],"predecessor-version":[{"id":1570,"href":"https:\/\/arduinoweekextremadura.es\/index.php\/wp-json\/wp\/v2\/pages\/207\/revisions\/1570"}],"wp:featuredmedia":[{"embeddable":true,"href":"https:\/\/arduinoweekextremadura.es\/index.php\/wp-json\/"}],"wp:attachment":[{"href":"https:\/\/arduinoweekextremadura.es\/index.php\/wp-json\/wp\/v2\/media?parent=207"}],"curies":[{"name":"wp","href":"https:\/\/api.w.org\/{rel}","templated":true}]}}