{"id":209,"date":"2022-03-07T16:02:37","date_gmt":"2022-03-07T16:02:37","guid":{"rendered":"https:\/\/arduinoweekextremadura.es\/?page_id=209"},"modified":"2026-03-19T06:00:13","modified_gmt":"2026-03-19T06:00:13","slug":"valencia-de-alcantara","status":"publish","type":"page","link":"https:\/\/arduinoweekextremadura.es\/index.php\/valencia-de-alcantara\/","title":{"rendered":"Valencia de Alc\u00e1ntara"},"content":{"rendered":"<style>.kb-row-layout-id209_53b609-50 > .kt-row-column-wrap{align-content:start;}:where(.kb-row-layout-id209_53b609-50 > .kt-row-column-wrap) > .wp-block-kadence-column{justify-content:start;}.kb-row-layout-id209_53b609-50 > .kt-row-column-wrap{column-gap:var(--global-kb-gap-md, 2rem);row-gap:var(--global-kb-gap-md, 2rem);max-width:var( --global-content-width, 1290px );padding-left:var(--global-content-edge-padding);padding-right:var(--global-content-edge-padding);padding-top:150px;padding-bottom:243px;grid-template-columns:minmax(0, 1fr);}.kb-row-layout-id209_53b609-50{background-image:url('https:\/\/arduinoweekextremadura.es\/wp-content\/uploads\/2024\/02\/valencia.jpeg');background-size:cover;background-position:42% 24%;background-attachment:scroll;background-repeat:no-repeat;}.kb-row-layout-id209_53b609-50 > .kt-row-layout-overlay{opacity:0.00;background:linear-gradient(112deg, var(--global-palette1) 0%, var(--global-palette2) 100%);mix-blend-mode:multiply;}@media all and (max-width: 1024px), only screen and (min-device-width: 1024px) and (max-device-width: 1366px) and (-webkit-min-device-pixel-ratio: 2) and (hover: none){.kb-row-layout-wrap.wp-block-kadence-rowlayout.kb-row-layout-id209_53b609-50{background-image:url('https:\/\/arduinoweekextremadura.es\/wp-content\/uploads\/2022\/03\/centro-universitario.jpg');background-size:auto;background-position:63% 56.99999999999999%;background-attachment:scroll;background-repeat:no-repeat;}}@media all and (max-width: 1024px){.kb-row-layout-id209_53b609-50 > .kt-row-column-wrap{padding-bottom:243px;grid-template-columns:minmax(0, 1fr);}}@media all and (max-width: 767px){.kb-row-layout-id209_53b609-50 > .kt-row-column-wrap{padding-bottom:243px;grid-template-columns:minmax(0, 1fr);}.kb-row-layout-wrap.wp-block-kadence-rowlayout.kb-row-layout-id209_53b609-50{background-image:url('https:\/\/arduinoweekextremadura.es\/wp-content\/uploads\/2022\/03\/centro-universitario.jpg');background-size:auto;background-position:69% 67%;background-attachment:scroll;background-repeat:repeat-y;}}<\/style><div class=\"kb-row-layout-wrap kb-row-layout-id209_53b609-50 alignnone kt-row-has-bg wp-block-kadence-rowlayout\"><div class=\"kt-row-layout-overlay kt-row-overlay-gradient\"><\/div><div class=\"kt-row-column-wrap kt-has-1-columns kt-row-layout-equal kt-tab-layout-inherit kt-mobile-layout-row kt-row-valign-top kb-theme-content-width\">\n<style>.kadence-column209_1691ca-59 > .kt-inside-inner-col,.kadence-column209_1691ca-59 > .kt-inside-inner-col:before{border-top-left-radius:0px;border-top-right-radius:0px;border-bottom-right-radius:0px;border-bottom-left-radius:0px;}.kadence-column209_1691ca-59 > .kt-inside-inner-col{column-gap:var(--global-kb-gap-sm, 1rem);}.kadence-column209_1691ca-59 > .kt-inside-inner-col{flex-direction:column;}.kadence-column209_1691ca-59 > .kt-inside-inner-col > .aligncenter{width:100%;}.kadence-column209_1691ca-59 > .kt-inside-inner-col:before{opacity:0.3;}.kadence-column209_1691ca-59{position:relative;}@media all and (max-width: 1024px){.kadence-column209_1691ca-59 > .kt-inside-inner-col{flex-direction:column;justify-content:center;}}@media all and (max-width: 767px){.kadence-column209_1691ca-59 > .kt-inside-inner-col{flex-direction:column;justify-content:center;}}<\/style>\n<div class=\"wp-block-kadence-column kadence-column209_1691ca-59 inner-column-1\"><div class=\"kt-inside-inner-col\"><style>.wp-block-kadence-advancedheading.kt-adv-heading209_6238b0-3a, .wp-block-kadence-advancedheading.kt-adv-heading209_6238b0-3a[data-kb-block=\"kb-adv-heading209_6238b0-3a\"]{font-style:normal;}.wp-block-kadence-advancedheading.kt-adv-heading209_6238b0-3a mark.kt-highlight, .wp-block-kadence-advancedheading.kt-adv-heading209_6238b0-3a[data-kb-block=\"kb-adv-heading209_6238b0-3a\"] mark.kt-highlight{font-style:normal;color:#f76a0c;-webkit-box-decoration-break:clone;box-decoration-break:clone;padding-top:0px;padding-right:0px;padding-bottom:0px;padding-left:0px;}.wp-block-kadence-advancedheading.kt-adv-heading209_6238b0-3a img.kb-inline-image, .wp-block-kadence-advancedheading.kt-adv-heading209_6238b0-3a[data-kb-block=\"kb-adv-heading209_6238b0-3a\"] img.kb-inline-image{width:150px;vertical-align:baseline;}<\/style>\n<p class=\"kt-adv-heading209_6238b0-3a wp-block-kadence-advancedheading has-theme-palette-9-color has-text-color\" data-kb-block=\"kb-adv-heading209_6238b0-3a\"><\/p>\n\n\n<style>.wp-block-kadence-advancedheading.kt-adv-heading209_370ff7-81, .wp-block-kadence-advancedheading.kt-adv-heading209_370ff7-81[data-kb-block=\"kb-adv-heading209_370ff7-81\"]{text-align:left;font-size:41px;line-height:5px;font-style:normal;text-transform:uppercase;text-shadow:1px 1px 1px var(--global-palette2, #2B6CB0);}.wp-block-kadence-advancedheading.kt-adv-heading209_370ff7-81 mark.kt-highlight, .wp-block-kadence-advancedheading.kt-adv-heading209_370ff7-81[data-kb-block=\"kb-adv-heading209_370ff7-81\"] mark.kt-highlight{letter-spacing:4.3px;line-height:96px;font-style:normal;color:#f76a0c;-webkit-box-decoration-break:clone;box-decoration-break:clone;padding-top:0px;padding-right:0px;padding-bottom:0px;padding-left:0px;}.wp-block-kadence-advancedheading.kt-adv-heading209_370ff7-81 img.kb-inline-image, .wp-block-kadence-advancedheading.kt-adv-heading209_370ff7-81[data-kb-block=\"kb-adv-heading209_370ff7-81\"] img.kb-inline-image{width:150px;vertical-align:baseline;}@media all and (max-width: 1024px){.wp-block-kadence-advancedheading.kt-adv-heading209_370ff7-81, .wp-block-kadence-advancedheading.kt-adv-heading209_370ff7-81[data-kb-block=\"kb-adv-heading209_370ff7-81\"]{text-shadow:1px 1px 1px var(--global-palette2, #2B6CB0);font-size:35px;line-height:59px;text-align:center!important;}}@media all and (max-width: 767px){.wp-block-kadence-advancedheading.kt-adv-heading209_370ff7-81, .wp-block-kadence-advancedheading.kt-adv-heading209_370ff7-81[data-kb-block=\"kb-adv-heading209_370ff7-81\"]{text-shadow:1px 1px 1px var(--global-palette2, #2B6CB0);font-size:29px;line-height:40px;text-align:center!important;}}<\/style>\n<h2 class=\"kt-adv-heading209_370ff7-81 wp-block-kadence-advancedheading has-theme-palette-9-color has-text-color\" data-kb-block=\"kb-adv-heading209_370ff7-81\">circular fab Valencia de Alc\u00e1ntara<\/h2>\n<\/div><\/div>\n\n<\/div><\/div>\n\n<style>.kb-row-layout-id209_0e3a7b-0c > .kt-row-column-wrap{align-content:start;}:where(.kb-row-layout-id209_0e3a7b-0c > .kt-row-column-wrap) > .wp-block-kadence-column{justify-content:start;}.kb-row-layout-id209_0e3a7b-0c > .kt-row-column-wrap{column-gap:var(--global-kb-gap-md, 2rem);row-gap:var(--global-kb-gap-md, 2rem);max-width:var( --global-content-width, 1290px );padding-left:var(--global-content-edge-padding);padding-right:var(--global-content-edge-padding);padding-top:80px;padding-bottom:80px;grid-template-columns:minmax(0, 1fr);}.kb-row-layout-id209_0e3a7b-0c > .kt-row-layout-overlay{opacity:0.30;}@media all and (max-width: 1024px){.kb-row-layout-id209_0e3a7b-0c > .kt-row-column-wrap{grid-template-columns:minmax(0, 1fr);}}@media all and (max-width: 767px){.kb-row-layout-id209_0e3a7b-0c > .kt-row-column-wrap{grid-template-columns:minmax(0, 1fr);}}<\/style><div class=\"kb-row-layout-wrap kb-row-layout-id209_0e3a7b-0c alignnone has-theme-palette8-background-color kt-row-has-bg wp-block-kadence-rowlayout\"><div class=\"kt-row-column-wrap kt-has-1-columns kt-row-layout-equal kt-tab-layout-inherit kt-mobile-layout-row kt-row-valign-top kb-theme-content-width\">\n<style>.kadence-column209_7196a5-d0 > .kt-inside-inner-col,.kadence-column209_7196a5-d0 > .kt-inside-inner-col:before{border-top-left-radius:0px;border-top-right-radius:0px;border-bottom-right-radius:0px;border-bottom-left-radius:0px;}.kadence-column209_7196a5-d0 > .kt-inside-inner-col{column-gap:var(--global-kb-gap-sm, 1rem);}.kadence-column209_7196a5-d0 > .kt-inside-inner-col{flex-direction:column;}.kadence-column209_7196a5-d0 > .kt-inside-inner-col > .aligncenter{width:100%;}.kadence-column209_7196a5-d0 > .kt-inside-inner-col:before{opacity:0.3;}.kadence-column209_7196a5-d0{position:relative;}@media all and (max-width: 1024px){.kadence-column209_7196a5-d0 > .kt-inside-inner-col{flex-direction:column;justify-content:center;}}@media all and (max-width: 767px){.kadence-column209_7196a5-d0 > .kt-inside-inner-col{flex-direction:column;justify-content:center;}}<\/style>\n<div class=\"wp-block-kadence-column kadence-column209_7196a5-d0 inner-column-1\"><div class=\"kt-inside-inner-col\"><style>.wp-block-kadence-advancedheading.kt-adv-heading209_d52401-74, .wp-block-kadence-advancedheading.kt-adv-heading209_d52401-74[data-kb-block=\"kb-adv-heading209_d52401-74\"]{text-align:center;font-size:22px;font-style:normal;}.wp-block-kadence-advancedheading.kt-adv-heading209_d52401-74 mark.kt-highlight, .wp-block-kadence-advancedheading.kt-adv-heading209_d52401-74[data-kb-block=\"kb-adv-heading209_d52401-74\"] mark.kt-highlight{font-style:normal;color:#f76a0c;-webkit-box-decoration-break:clone;box-decoration-break:clone;padding-top:0px;padding-right:0px;padding-bottom:0px;padding-left:0px;}.wp-block-kadence-advancedheading.kt-adv-heading209_d52401-74 img.kb-inline-image, .wp-block-kadence-advancedheading.kt-adv-heading209_d52401-74[data-kb-block=\"kb-adv-heading209_d52401-74\"] img.kb-inline-image{width:150px;vertical-align:baseline;}<\/style>\n<p class=\"kt-adv-heading209_d52401-74 wp-block-kadence-advancedheading has-theme-palette-3-color has-text-color\" data-kb-block=\"kb-adv-heading209_d52401-74\">Un <strong>Circular FAB<\/strong> es un centro de innovaci\u00f3n territorial que impulsa la digitalizaci\u00f3n, la sostenibilidad y el emprendimiento en entornos rurales, ofreciendo formaci\u00f3n, tecnolog\u00eda y apoyo a empresas y ciudadan\u00eda.<\/p>\n<\/div><\/div>\n\n<\/div><\/div>\n\n<style>.kb-row-layout-id209_de5123-79 > .kt-row-column-wrap{align-content:start;}:where(.kb-row-layout-id209_de5123-79 > .kt-row-column-wrap) > .wp-block-kadence-column{justify-content:start;}.kb-row-layout-id209_de5123-79 > .kt-row-column-wrap{column-gap:80px;row-gap:var(--global-kb-gap-md, 2rem);max-width:var( --global-content-width, 1290px );padding-left:var(--global-content-edge-padding);padding-right:var(--global-content-edge-padding);padding-top:20px;padding-bottom:20px;grid-template-columns:minmax(0, calc(50% - ((80px * 1 )\/2)))minmax(0, calc(50% - ((80px * 1 )\/2)));}.kb-row-layout-id209_de5123-79 > .kt-row-layout-overlay{opacity:0.30;}@media all and (max-width: 1024px){.kb-row-layout-id209_de5123-79 > .kt-row-column-wrap{grid-template-columns:minmax(0, 2fr) minmax(0, 1fr);}}@media all and (max-width: 767px){.kb-row-layout-id209_de5123-79 > .kt-row-column-wrap{grid-template-columns:minmax(0, 1fr);}.kb-row-layout-id209_de5123-79 > .kt-row-column-wrap > .wp-block-kadence-column:nth-child(1 of *:not(style)){order:2;}.kb-row-layout-id209_de5123-79 > .kt-row-column-wrap > .wp-block-kadence-column:nth-child(2 of *:not(style)){order:1;}.kb-row-layout-id209_de5123-79 > .kt-row-column-wrap > .wp-block-kadence-column:nth-child(3 of *:not(style)){order:12;}.kb-row-layout-id209_de5123-79 > .kt-row-column-wrap > .wp-block-kadence-column:nth-child(4 of *:not(style)){order:11;}.kb-row-layout-id209_de5123-79 > .kt-row-column-wrap > .wp-block-kadence-column:nth-child(5 of *:not(style)){order:22;}.kb-row-layout-id209_de5123-79 > .kt-row-column-wrap > .wp-block-kadence-column:nth-child(6 of *:not(style)){order:21;}.kb-row-layout-id209_de5123-79 > .kt-row-column-wrap > .wp-block-kadence-column:nth-child(7 of *:not(style)){order:32;}.kb-row-layout-id209_de5123-79 > .kt-row-column-wrap > .wp-block-kadence-column:nth-child(8 of *:not(style)){order:31;}}<\/style><div class=\"kb-row-layout-wrap kb-row-layout-id209_de5123-79 alignnone wp-block-kadence-rowlayout\"><div class=\"kt-row-column-wrap kt-has-2-columns kt-row-layout-left-golden kt-tab-layout-inherit kt-mobile-layout-row kt-row-valign-top kt-inner-column-height-full kb-theme-content-width\">\n<style>.kadence-column209_cf7cba-37 > .kt-inside-inner-col,.kadence-column209_cf7cba-37 > .kt-inside-inner-col:before{border-top-left-radius:0px;border-top-right-radius:0px;border-bottom-right-radius:0px;border-bottom-left-radius:0px;}.kadence-column209_cf7cba-37 > .kt-inside-inner-col{column-gap:var(--global-kb-gap-sm, 1rem);}.kadence-column209_cf7cba-37 > .kt-inside-inner-col{flex-direction:column;}.kadence-column209_cf7cba-37 > .kt-inside-inner-col > .aligncenter{width:100%;}.kadence-column209_cf7cba-37 > .kt-inside-inner-col:before{opacity:0.3;}.kadence-column209_cf7cba-37{position:relative;}@media all and (max-width: 1024px){.kadence-column209_cf7cba-37 > .kt-inside-inner-col{flex-direction:column;justify-content:center;}}@media all and (max-width: 767px){.kadence-column209_cf7cba-37 > .kt-inside-inner-col{flex-direction:column;justify-content:center;}}<\/style>\n<div class=\"wp-block-kadence-column kadence-column209_cf7cba-37 inner-column-1\"><div class=\"kt-inside-inner-col\"><style>.wp-block-kadence-advancedheading.kt-adv-heading209_026b44-cf, .wp-block-kadence-advancedheading.kt-adv-heading209_026b44-cf[data-kb-block=\"kb-adv-heading209_026b44-cf\"]{font-style:normal;text-transform:none;}.wp-block-kadence-advancedheading.kt-adv-heading209_026b44-cf mark.kt-highlight, .wp-block-kadence-advancedheading.kt-adv-heading209_026b44-cf[data-kb-block=\"kb-adv-heading209_026b44-cf\"] mark.kt-highlight{font-style:normal;color:#f76a0c;-webkit-box-decoration-break:clone;box-decoration-break:clone;padding-top:0px;padding-right:0px;padding-bottom:0px;padding-left:0px;}.wp-block-kadence-advancedheading.kt-adv-heading209_026b44-cf img.kb-inline-image, .wp-block-kadence-advancedheading.kt-adv-heading209_026b44-cf[data-kb-block=\"kb-adv-heading209_026b44-cf\"] img.kb-inline-image{width:150px;vertical-align:baseline;}<\/style>\n<h5 class=\"kt-adv-heading209_026b44-cf wp-block-kadence-advancedheading has-theme-palette-1-color has-text-color\" data-kb-block=\"kb-adv-heading209_026b44-cf\">Electr\u00f3nica textil: Intermitentes wearables para ciclistas con Arduino<\/h5>\n\n\n\n<p>Taller pr\u00e1ctico en el que los participantes aprender\u00e1n a integrar electr\u00f3nica en prendas textiles utilizando Arduino LilyPad. A trav\u00e9s del dise\u00f1o de un maillot ciclista inteligente, desarrollar\u00e1n un sistema de intermitentes LED que se activan al detectar el movimiento del ciclista, mejorando su visibilidad y seguridad en la carretera. Durante el proceso, se trabajar\u00e1n conceptos de programaci\u00f3n, sensores y e-textiles, combinando tecnolog\u00eda y dise\u00f1o en un proyecto funcional y creativo.<\/p>\n\n\n\n<pre class=\"wp-block-verse has-theme-palette-3-color has-text-color\"><strong>Fecha: 9 de abril de 2026<\/strong><br><strong>Lugar: Circular FAB de Valencia de Alc\u00e1ntara<\/strong><br><strong>Horario: 09:00 h. a 14:00 h.<\/strong><\/pre>\n\n\n\n<div class=\"wp-block-buttons is-layout-flex wp-block-buttons-is-layout-flex\">\n<div class=\"wp-block-button\"><a class=\"wp-block-button__link wp-element-button\">Plazas agotadas<\/a><\/div>\n<\/div>\n<\/div><\/div>\n\n\n<style>.kadence-column209_d38273-25 > .kt-inside-inner-col,.kadence-column209_d38273-25 > .kt-inside-inner-col:before{border-top-left-radius:10px;border-top-right-radius:10px;border-bottom-right-radius:10px;border-bottom-left-radius:10px;}.kadence-column209_d38273-25 > .kt-inside-inner-col{column-gap:var(--global-kb-gap-sm, 1rem);}.kadence-column209_d38273-25 > .kt-inside-inner-col{flex-direction:column;}.kadence-column209_d38273-25 > .kt-inside-inner-col > .aligncenter{width:100%;}.kadence-column209_d38273-25 > .kt-inside-inner-col{background-image:url('https:\/\/arduinoweekextremadura.es\/wp-content\/uploads\/2026\/03\/taller_valencia.jpg');background-size:cover;background-position:47% 94%;background-attachment:scroll;background-repeat:no-repeat;}.kadence-column209_d38273-25 > .kt-inside-inner-col:before{opacity:0.3;}.kadence-column209_d38273-25{position:relative;}@media all and (max-width: 1024px){.kadence-column209_d38273-25 > .kt-inside-inner-col{flex-direction:column;justify-content:center;}}@media all and (max-width: 767px){.kadence-column209_d38273-25 > .kt-inside-inner-col{padding-bottom:300px;flex-direction:column;justify-content:center;}}<\/style>\n<div class=\"wp-block-kadence-column kadence-column209_d38273-25 inner-column-2\"><div class=\"kt-inside-inner-col\"><\/div><\/div>\n\n<\/div><\/div>\n\n<style>.kb-google-maps-container209_b83b96-cd{height:450px;}<\/style><div class=\"kb-google-maps-container kb-google-maps-container209_b83b96-cd  wp-block-kadence-googlemaps\" data-mapid=\"209_b83b96cd\"><iframe width=\"100%\" height=\"100%\"\n\t\t\t\t\t\t\tstyle=\"border:0\" loading=\"lazy\"\n\t\t\t\t\t\t\tsrc=\"https:\/\/www.google.com\/maps\/embed\/v1\/place?key=AIzaSyBAM2o7PiQqwk15LC1XRH2e_KJ-jUa7KYk&#038;zoom=14&#038;maptype=satellite&#038;q=Circular+FAB+Valencia+de+Alc%C3%A1ntara\"\n\t\t\t\t\t\t\ttitle=\"Mapa de Google de Circular FAB Valencia de Alc\u00e1ntara\"><\/iframe><\/div><script>function kb_google_map209_b83b96cd() { let center = { lat: 37.8201, lng: -122.4781}; let map = new google.maps.Map(document.getElementById(\"kb-google-map209_b83b96cd\"), {\n\t\t\t\t\t    zoom: 14,\n\t\t\t\t\t    center: center,mapTypeId: \"satellite\",});let marker = new google.maps.Marker({   position: { lat: 37.8201, lng: -122.4781},    map: map,  });}<\/script>\n\n<style>.kb-row-layout-id209_808b5a-c2 > .kt-row-column-wrap{align-content:start;}:where(.kb-row-layout-id209_808b5a-c2 > .kt-row-column-wrap) > .wp-block-kadence-column{justify-content:start;}.kb-row-layout-id209_808b5a-c2 > .kt-row-column-wrap{column-gap:var(--global-kb-gap-md, 2rem);row-gap:var(--global-kb-gap-md, 2rem);max-width:var( --global-content-width, 1290px );padding-left:var(--global-content-edge-padding);padding-right:var(--global-content-edge-padding);padding-top:13px;padding-bottom:59px;grid-template-columns:minmax(0, 1fr);}.kb-row-layout-id209_808b5a-c2 > .kt-row-layout-overlay{opacity:0.30;}@media all and (max-width: 1024px){.kb-row-layout-id209_808b5a-c2 > .kt-row-column-wrap{grid-template-columns:minmax(0, 1fr);}}@media all and (max-width: 767px){.kb-row-layout-id209_808b5a-c2 > .kt-row-column-wrap{grid-template-columns:minmax(0, 1fr);}}.kb-row-layout-id209_808b5a-c2 .ld_course_grid .caption h3 {    font-size: 22px;    font-weight: 500;}.kb-row-layout-id209_808b5a-c2 .ld-course-list-items .ld_course_grid .thumbnail.course img {  border-radius: 20px;}.kb-row-layout-id209_808b5a-c2 .ld-course-list-items .ld_course_grid .thumbnail.course {  border: none;}.kb-row-layout-id209_808b5a-c2 .ld-course-list-items .ld_course_grid .thumbnail .caption p,.kb-row-layout-id209_808b5a-c2 .ld-course-list-items .ld_course_grid .thumbnail.course a.btn-primary {  text-transform: uppercase;  font-weight: bold;  color: var(--global-palette1, #3182CE);  background: none;  font-weight: 600;  font-size: 20px;  letter-spacing: 1px;  padding: 0;  text-align: left;  font-family: 'Barlow Condensed', sans-serif;}<\/style><div class=\"kb-row-layout-wrap kb-row-layout-id209_808b5a-c2 alignnone wp-block-kadence-rowlayout\"><div class=\"kt-row-column-wrap kt-has-1-columns kt-row-layout-equal kt-tab-layout-inherit kt-mobile-layout-row kt-row-valign-top kb-theme-content-width\">\n<style>.kadence-column209_1df150-b4 > .kt-inside-inner-col,.kadence-column209_1df150-b4 > .kt-inside-inner-col:before{border-top-left-radius:0px;border-top-right-radius:0px;border-bottom-right-radius:0px;border-bottom-left-radius:0px;}.kadence-column209_1df150-b4 > .kt-inside-inner-col{column-gap:var(--global-kb-gap-sm, 1rem);}.kadence-column209_1df150-b4 > .kt-inside-inner-col{flex-direction:column;}.kadence-column209_1df150-b4 > .kt-inside-inner-col > .aligncenter{width:100%;}.kadence-column209_1df150-b4 > .kt-inside-inner-col:before{opacity:0.3;}.kadence-column209_1df150-b4{position:relative;}@media all and (max-width: 1024px){.kadence-column209_1df150-b4 > .kt-inside-inner-col{flex-direction:column;justify-content:center;}}@media all and (max-width: 767px){.kadence-column209_1df150-b4 > .kt-inside-inner-col{flex-direction:column;justify-content:center;}}<\/style>\n<div class=\"wp-block-kadence-column kadence-column209_1df150-b4 inner-column-1\"><div class=\"kt-inside-inner-col\"><style>.wp-block-kadence-advancedheading.kt-adv-heading209_0e5b95-ee, .wp-block-kadence-advancedheading.kt-adv-heading209_0e5b95-ee[data-kb-block=\"kb-adv-heading209_0e5b95-ee\"]{text-align:center;font-style:normal;}.wp-block-kadence-advancedheading.kt-adv-heading209_0e5b95-ee mark.kt-highlight, .wp-block-kadence-advancedheading.kt-adv-heading209_0e5b95-ee[data-kb-block=\"kb-adv-heading209_0e5b95-ee\"] mark.kt-highlight{font-style:normal;color:#f76a0c;-webkit-box-decoration-break:clone;box-decoration-break:clone;padding-top:0px;padding-right:0px;padding-bottom:0px;padding-left:0px;}.wp-block-kadence-advancedheading.kt-adv-heading209_0e5b95-ee img.kb-inline-image, .wp-block-kadence-advancedheading.kt-adv-heading209_0e5b95-ee[data-kb-block=\"kb-adv-heading209_0e5b95-ee\"] img.kb-inline-image{width:150px;vertical-align:baseline;}<\/style>\n<h2 class=\"kt-adv-heading209_0e5b95-ee wp-block-kadence-advancedheading has-theme-palette-4-color has-text-color\" data-kb-block=\"kb-adv-heading209_0e5b95-ee\">Descubre m\u00e1s actividades del Circular FAB de Valencia de Alc\u00e1ntara<\/h2>\n\n\n<style>.wp-block-kadence-advancedheading.kt-adv-heading209_d54c73-3a, .wp-block-kadence-advancedheading.kt-adv-heading209_d54c73-3a[data-kb-block=\"kb-adv-heading209_d54c73-3a\"]{text-align:center;font-style:normal;}.wp-block-kadence-advancedheading.kt-adv-heading209_d54c73-3a mark.kt-highlight, .wp-block-kadence-advancedheading.kt-adv-heading209_d54c73-3a[data-kb-block=\"kb-adv-heading209_d54c73-3a\"] mark.kt-highlight{font-style:normal;color:#f76a0c;-webkit-box-decoration-break:clone;box-decoration-break:clone;padding-top:0px;padding-right:0px;padding-bottom:0px;padding-left:0px;}.wp-block-kadence-advancedheading.kt-adv-heading209_d54c73-3a img.kb-inline-image, .wp-block-kadence-advancedheading.kt-adv-heading209_d54c73-3a[data-kb-block=\"kb-adv-heading209_d54c73-3a\"] img.kb-inline-image{width:150px;vertical-align:baseline;}<\/style>\n<p class=\"kt-adv-heading209_d54c73-3a wp-block-kadence-advancedheading\" data-kb-block=\"kb-adv-heading209_d54c73-3a\">Visita la p\u00e1gina web<\/p>\n\n\n<style>.wp-block-kadence-advancedbtn.kb-btns209_f4a997-34{gap:var(--global-kb-gap-xs, 0.5rem );justify-content:center;align-items:center;}.kt-btns209_f4a997-34 .kt-button{font-weight:normal;font-style:normal;}<\/style>\n<div class=\"wp-block-kadence-advancedbtn kb-buttons-wrap kb-btns209_f4a997-34\"><style>ul.menu .wp-block-kadence-advancedbtn .kb-btn209_1d0caf-c6.kb-button{width:initial;}.wp-block-kadence-advancedbtn .kb-btn209_1d0caf-c6.kb-button{padding-right:100px;padding-left:100px;}@media all and (max-width: 767px){.wp-block-kadence-advancedbtn .kb-btn209_1d0caf-c6.kb-button{font-size:15px;}}<\/style><a class=\"kb-button kt-button button kb-btn209_1d0caf-c6 kt-btn-size-standard kt-btn-width-type-full kb-btn-global-inherit  kt-btn-has-text-true kt-btn-has-svg-false  wp-block-button__link wp-block-kadence-singlebtn\" href=\"https:\/\/valencia.circularfab.es\/\"><span class=\"kt-btn-inner-text\">P\u00e1gina del Circular FAB de Valencia de Alc\u00e1ntara<\/span><\/a><\/div>\n<\/div><\/div>\n\n<\/div><\/div>","protected":false},"excerpt":{"rendered":"<p>circular fab Valencia de Alc\u00e1ntara Un Circular FAB es un centro de innovaci\u00f3n territorial que impulsa la digitalizaci\u00f3n, la sostenibilidad y el emprendimiento en entornos rurales, ofreciendo formaci\u00f3n, tecnolog\u00eda y apoyo a empresas y ciudadan\u00eda. Electr\u00f3nica textil: Intermitentes wearables para ciclistas con Arduino Taller pr\u00e1ctico en el que los participantes aprender\u00e1n a integrar electr\u00f3nica en&#8230;<\/p>\n","protected":false},"author":3,"featured_media":362,"parent":0,"menu_order":0,"comment_status":"closed","ping_status":"closed","template":"","meta":{"_kadence_starter_templates_imported_post":true,"_kad_post_transparent":"","_kad_post_title":"","_kad_post_layout":"","_kad_post_sidebar_id":"","_kad_post_content_style":"","_kad_post_vertical_padding":"","_kad_post_feature":"","_kad_post_feature_position":"","_kad_post_header":false,"_kad_post_footer":false,"_kad_post_classname":"","footnotes":""},"class_list":["post-209","page","type-page","status-publish","has-post-thumbnail","hentry"],"_links":{"self":[{"href":"https:\/\/arduinoweekextremadura.es\/index.php\/wp-json\/wp\/v2\/pages\/209","targetHints":{"allow":["GET"]}}],"collection":[{"href":"https:\/\/arduinoweekextremadura.es\/index.php\/wp-json\/wp\/v2\/pages"}],"about":[{"href":"https:\/\/arduinoweekextremadura.es\/index.php\/wp-json\/wp\/v2\/types\/page"}],"author":[{"embeddable":true,"href":"https:\/\/arduinoweekextremadura.es\/index.php\/wp-json\/wp\/v2\/users\/3"}],"replies":[{"embeddable":true,"href":"https:\/\/arduinoweekextremadura.es\/index.php\/wp-json\/wp\/v2\/comments?post=209"}],"version-history":[{"count":28,"href":"https:\/\/arduinoweekextremadura.es\/index.php\/wp-json\/wp\/v2\/pages\/209\/revisions"}],"predecessor-version":[{"id":1522,"href":"https:\/\/arduinoweekextremadura.es\/index.php\/wp-json\/wp\/v2\/pages\/209\/revisions\/1522"}],"wp:featuredmedia":[{"embeddable":true,"href":"https:\/\/arduinoweekextremadura.es\/index.php\/wp-json\/"}],"wp:attachment":[{"href":"https:\/\/arduinoweekextremadura.es\/index.php\/wp-json\/wp\/v2\/media?parent=209"}],"curies":[{"name":"wp","href":"https:\/\/api.w.org\/{rel}","templated":true}]}}