{"id":831,"date":"2024-02-21T16:09:16","date_gmt":"2024-02-21T16:09:16","guid":{"rendered":"https:\/\/arduinoweekextremadura.es\/?page_id=831"},"modified":"2026-03-19T18:55:07","modified_gmt":"2026-03-19T18:55:07","slug":"malpartida-de-plasencia","status":"publish","type":"page","link":"https:\/\/arduinoweekextremadura.es\/index.php\/malpartida-de-plasencia\/","title":{"rendered":"Malpartida de Plasencia"},"content":{"rendered":"<style>.kb-row-layout-id831_a072d8-3a > .kt-row-column-wrap{align-content:start;}:where(.kb-row-layout-id831_a072d8-3a > .kt-row-column-wrap) > .wp-block-kadence-column{justify-content:start;}.kb-row-layout-id831_a072d8-3a > .kt-row-column-wrap{column-gap:var(--global-kb-gap-md, 2rem);row-gap:var(--global-kb-gap-md, 2rem);max-width:var( --global-content-width, 1290px );padding-left:var(--global-content-edge-padding);padding-right:var(--global-content-edge-padding);padding-top:150px;padding-bottom:243px;grid-template-columns:minmax(0, 1fr);}.kb-row-layout-id831_a072d8-3a{background-image:url('https:\/\/arduinoweekextremadura.es\/wp-content\/uploads\/2024\/02\/395212596_172929569211990_2043666305691788157_n.jpg');background-size:cover;background-position:56.99999999999999% 75%;background-attachment:scroll;background-repeat:no-repeat;}.kb-row-layout-id831_a072d8-3a > .kt-row-layout-overlay{opacity:0.00;background:linear-gradient(112deg, var(--global-palette1) 0%, var(--global-palette2) 100%);mix-blend-mode:multiply;}@media all and (max-width: 1024px), only screen and (min-device-width: 1024px) and (max-device-width: 1366px) and (-webkit-min-device-pixel-ratio: 2) and (hover: none){.kb-row-layout-wrap.wp-block-kadence-rowlayout.kb-row-layout-id831_a072d8-3a{background-image:url('https:\/\/arduinoweekextremadura.es\/wp-content\/uploads\/2022\/03\/centro-universitario.jpg');background-size:auto;background-position:63% 56.99999999999999%;background-attachment:scroll;background-repeat:no-repeat;}}@media all and (max-width: 1024px){.kb-row-layout-id831_a072d8-3a > .kt-row-column-wrap{padding-bottom:243px;grid-template-columns:minmax(0, 1fr);}}@media all and (max-width: 767px){.kb-row-layout-id831_a072d8-3a > .kt-row-column-wrap{padding-bottom:243px;grid-template-columns:minmax(0, 1fr);}.kb-row-layout-wrap.wp-block-kadence-rowlayout.kb-row-layout-id831_a072d8-3a{background-image:url('https:\/\/arduinoweekextremadura.es\/wp-content\/uploads\/2022\/03\/centro-universitario.jpg');background-size:auto;background-position:69% 67%;background-attachment:scroll;background-repeat:repeat-y;}}<\/style><div class=\"kb-row-layout-wrap kb-row-layout-id831_a072d8-3a alignnone kt-row-has-bg wp-block-kadence-rowlayout\"><div class=\"kt-row-layout-overlay kt-row-overlay-gradient\"><\/div><div class=\"kt-row-column-wrap kt-has-1-columns kt-row-layout-equal kt-tab-layout-inherit kt-mobile-layout-row kt-row-valign-top kb-theme-content-width\">\n<style>.kadence-column831_15dc2e-bc > .kt-inside-inner-col,.kadence-column831_15dc2e-bc > .kt-inside-inner-col:before{border-top-left-radius:0px;border-top-right-radius:0px;border-bottom-right-radius:0px;border-bottom-left-radius:0px;}.kadence-column831_15dc2e-bc > .kt-inside-inner-col{column-gap:var(--global-kb-gap-sm, 1rem);}.kadence-column831_15dc2e-bc > .kt-inside-inner-col{flex-direction:column;}.kadence-column831_15dc2e-bc > .kt-inside-inner-col > .aligncenter{width:100%;}.kadence-column831_15dc2e-bc > .kt-inside-inner-col:before{opacity:0.3;}.kadence-column831_15dc2e-bc{position:relative;}@media all and (max-width: 1024px){.kadence-column831_15dc2e-bc > .kt-inside-inner-col{flex-direction:column;justify-content:center;}}@media all and (max-width: 767px){.kadence-column831_15dc2e-bc > .kt-inside-inner-col{flex-direction:column;justify-content:center;}}<\/style>\n<div class=\"wp-block-kadence-column kadence-column831_15dc2e-bc inner-column-1\"><div class=\"kt-inside-inner-col\"><style>.wp-block-kadence-advancedheading.kt-adv-heading831_518876-98, .wp-block-kadence-advancedheading.kt-adv-heading831_518876-98[data-kb-block=\"kb-adv-heading831_518876-98\"]{font-style:normal;}.wp-block-kadence-advancedheading.kt-adv-heading831_518876-98 mark.kt-highlight, .wp-block-kadence-advancedheading.kt-adv-heading831_518876-98[data-kb-block=\"kb-adv-heading831_518876-98\"] mark.kt-highlight{font-style:normal;color:#f76a0c;-webkit-box-decoration-break:clone;box-decoration-break:clone;padding-top:0px;padding-right:0px;padding-bottom:0px;padding-left:0px;}.wp-block-kadence-advancedheading.kt-adv-heading831_518876-98 img.kb-inline-image, .wp-block-kadence-advancedheading.kt-adv-heading831_518876-98[data-kb-block=\"kb-adv-heading831_518876-98\"] img.kb-inline-image{width:150px;vertical-align:baseline;}<\/style>\n<p class=\"kt-adv-heading831_518876-98 wp-block-kadence-advancedheading has-theme-palette-9-color has-text-color\" data-kb-block=\"kb-adv-heading831_518876-98\"><\/p>\n\n\n<style>.wp-block-kadence-advancedheading.kt-adv-heading831_84ed04-2a, .wp-block-kadence-advancedheading.kt-adv-heading831_84ed04-2a[data-kb-block=\"kb-adv-heading831_84ed04-2a\"]{text-align:left;font-size:41px;line-height:5px;font-style:normal;text-transform:uppercase;text-shadow:1px 1px 1px var(--global-palette2, #2B6CB0);}.wp-block-kadence-advancedheading.kt-adv-heading831_84ed04-2a mark.kt-highlight, .wp-block-kadence-advancedheading.kt-adv-heading831_84ed04-2a[data-kb-block=\"kb-adv-heading831_84ed04-2a\"] mark.kt-highlight{letter-spacing:4.3px;line-height:96px;font-style:normal;color:#f76a0c;-webkit-box-decoration-break:clone;box-decoration-break:clone;padding-top:0px;padding-right:0px;padding-bottom:0px;padding-left:0px;}.wp-block-kadence-advancedheading.kt-adv-heading831_84ed04-2a img.kb-inline-image, .wp-block-kadence-advancedheading.kt-adv-heading831_84ed04-2a[data-kb-block=\"kb-adv-heading831_84ed04-2a\"] img.kb-inline-image{width:150px;vertical-align:baseline;}@media all and (max-width: 1024px){.wp-block-kadence-advancedheading.kt-adv-heading831_84ed04-2a, .wp-block-kadence-advancedheading.kt-adv-heading831_84ed04-2a[data-kb-block=\"kb-adv-heading831_84ed04-2a\"]{text-shadow:1px 1px 1px var(--global-palette2, #2B6CB0);font-size:35px;line-height:59px;text-align:center!important;}}@media all and (max-width: 767px){.wp-block-kadence-advancedheading.kt-adv-heading831_84ed04-2a, .wp-block-kadence-advancedheading.kt-adv-heading831_84ed04-2a[data-kb-block=\"kb-adv-heading831_84ed04-2a\"]{text-shadow:1px 1px 1px var(--global-palette2, #2B6CB0);font-size:29px;line-height:40px;text-align:center!important;}}<\/style>\n<h2 class=\"kt-adv-heading831_84ed04-2a wp-block-kadence-advancedheading has-theme-palette-9-color has-text-color\" data-kb-block=\"kb-adv-heading831_84ed04-2a\">Malpartida de Plasencia<\/h2>\n<\/div><\/div>\n\n<\/div><\/div>\n\n<style>.kb-row-layout-id831_c75031-dd > .kt-row-column-wrap{align-content:start;}:where(.kb-row-layout-id831_c75031-dd > .kt-row-column-wrap) > .wp-block-kadence-column{justify-content:start;}.kb-row-layout-id831_c75031-dd > .kt-row-column-wrap{column-gap:var(--global-kb-gap-md, 2rem);row-gap:var(--global-kb-gap-md, 2rem);max-width:var( --global-content-width, 1290px );padding-left:var(--global-content-edge-padding);padding-right:var(--global-content-edge-padding);padding-top:80px;padding-bottom:80px;grid-template-columns:minmax(0, 1fr);}.kb-row-layout-id831_c75031-dd > .kt-row-layout-overlay{opacity:0.30;}@media all and (max-width: 1024px){.kb-row-layout-id831_c75031-dd > .kt-row-column-wrap{grid-template-columns:minmax(0, 1fr);}}@media all and (max-width: 767px){.kb-row-layout-id831_c75031-dd > .kt-row-column-wrap{grid-template-columns:minmax(0, 1fr);}}<\/style><div class=\"kb-row-layout-wrap kb-row-layout-id831_c75031-dd alignnone has-theme-palette8-background-color kt-row-has-bg wp-block-kadence-rowlayout\"><div class=\"kt-row-column-wrap kt-has-1-columns kt-row-layout-equal kt-tab-layout-inherit kt-mobile-layout-row kt-row-valign-top kb-theme-content-width\">\n<style>.kadence-column831_17fc5c-3f > .kt-inside-inner-col,.kadence-column831_17fc5c-3f > .kt-inside-inner-col:before{border-top-left-radius:0px;border-top-right-radius:0px;border-bottom-right-radius:0px;border-bottom-left-radius:0px;}.kadence-column831_17fc5c-3f > .kt-inside-inner-col{column-gap:var(--global-kb-gap-sm, 1rem);}.kadence-column831_17fc5c-3f > .kt-inside-inner-col{flex-direction:column;}.kadence-column831_17fc5c-3f > .kt-inside-inner-col > .aligncenter{width:100%;}.kadence-column831_17fc5c-3f > .kt-inside-inner-col:before{opacity:0.3;}.kadence-column831_17fc5c-3f{position:relative;}@media all and (max-width: 1024px){.kadence-column831_17fc5c-3f > .kt-inside-inner-col{flex-direction:column;justify-content:center;}}@media all and (max-width: 767px){.kadence-column831_17fc5c-3f > .kt-inside-inner-col{flex-direction:column;justify-content:center;}}<\/style>\n<div class=\"wp-block-kadence-column kadence-column831_17fc5c-3f inner-column-1\"><div class=\"kt-inside-inner-col\"><style>.wp-block-kadence-advancedheading.kt-adv-heading831_d2b68d-78, .wp-block-kadence-advancedheading.kt-adv-heading831_d2b68d-78[data-kb-block=\"kb-adv-heading831_d2b68d-78\"]{text-align:center;font-size:22px;font-style:normal;}.wp-block-kadence-advancedheading.kt-adv-heading831_d2b68d-78 mark.kt-highlight, .wp-block-kadence-advancedheading.kt-adv-heading831_d2b68d-78[data-kb-block=\"kb-adv-heading831_d2b68d-78\"] mark.kt-highlight{font-style:normal;color:#f76a0c;-webkit-box-decoration-break:clone;box-decoration-break:clone;padding-top:0px;padding-right:0px;padding-bottom:0px;padding-left:0px;}.wp-block-kadence-advancedheading.kt-adv-heading831_d2b68d-78 img.kb-inline-image, .wp-block-kadence-advancedheading.kt-adv-heading831_d2b68d-78[data-kb-block=\"kb-adv-heading831_d2b68d-78\"] img.kb-inline-image{width:150px;vertical-align:baseline;}<\/style>\n<p class=\"kt-adv-heading831_d2b68d-78 wp-block-kadence-advancedheading has-theme-palette-3-color has-text-color\" data-kb-block=\"kb-adv-heading831_d2b68d-78\">Un <strong>Circular FAB<\/strong> es un centro de innovaci\u00f3n territorial que impulsa la digitalizaci\u00f3n, la sostenibilidad y el emprendimiento en entornos rurales, ofreciendo formaci\u00f3n, tecnolog\u00eda y apoyo a empresas y ciudadan\u00eda.<\/p>\n<\/div><\/div>\n\n<\/div><\/div>\n\n<style>.kb-row-layout-id831_a66b95-00 > .kt-row-column-wrap{align-content:start;}:where(.kb-row-layout-id831_a66b95-00 > .kt-row-column-wrap) > .wp-block-kadence-column{justify-content:start;}.kb-row-layout-id831_a66b95-00 > .kt-row-column-wrap{column-gap:80px;row-gap:var(--global-kb-gap-md, 2rem);max-width:var( --global-content-width, 1290px );padding-left:var(--global-content-edge-padding);padding-right:var(--global-content-edge-padding);padding-top:78px;padding-bottom:80px;grid-template-columns:minmax(0, calc(45% - ((80px * 1 )\/2)))minmax(0, calc(55% - ((80px * 1 )\/2)));}.kb-row-layout-id831_a66b95-00 > .kt-row-layout-overlay{opacity:0.30;}@media all and (max-width: 1024px){.kb-row-layout-id831_a66b95-00 > .kt-row-column-wrap{grid-template-columns:minmax(0, 1fr) minmax(0, 2fr);}}@media all and (max-width: 767px){.kb-row-layout-id831_a66b95-00 > .kt-row-column-wrap{grid-template-columns:minmax(0, 1fr);}}<\/style><div class=\"kb-row-layout-wrap kb-row-layout-id831_a66b95-00 alignnone wp-block-kadence-rowlayout\"><div class=\"kt-row-column-wrap kt-has-2-columns kt-row-layout-right-golden kt-tab-layout-inherit kt-mobile-layout-row kt-row-valign-top kt-inner-column-height-full kb-theme-content-width\">\n<style>.kadence-column831_ce325e-70 > .kt-inside-inner-col,.kadence-column831_ce325e-70 > .kt-inside-inner-col:before{border-top-left-radius:10px;border-top-right-radius:10px;border-bottom-right-radius:10px;border-bottom-left-radius:10px;}.kadence-column831_ce325e-70 > .kt-inside-inner-col{column-gap:var(--global-kb-gap-sm, 1rem);}.kadence-column831_ce325e-70 > .kt-inside-inner-col{flex-direction:column;}.kadence-column831_ce325e-70 > .kt-inside-inner-col > .aligncenter{width:100%;}.kadence-column831_ce325e-70 > .kt-inside-inner-col{background-image:url('https:\/\/arduinoweekextremadura.es\/wp-content\/uploads\/2026\/03\/malpartida_2-scaled.jpg');background-size:cover;background-position:87% 43%;background-attachment:scroll;background-repeat:no-repeat;}.kadence-column831_ce325e-70 > .kt-inside-inner-col:before{opacity:0.3;}.kadence-column831_ce325e-70{position:relative;}@media all and (max-width: 1024px){.kadence-column831_ce325e-70 > .kt-inside-inner-col{flex-direction:column;justify-content:center;}}@media all and (max-width: 767px){.kadence-column831_ce325e-70 > .kt-inside-inner-col{padding-bottom:300px;flex-direction:column;justify-content:center;}}<\/style>\n<div class=\"wp-block-kadence-column kadence-column831_ce325e-70 inner-column-1\"><div class=\"kt-inside-inner-col\"><\/div><\/div>\n\n\n<style>.kadence-column831_42b70b-59 > .kt-inside-inner-col,.kadence-column831_42b70b-59 > .kt-inside-inner-col:before{border-top-left-radius:0px;border-top-right-radius:0px;border-bottom-right-radius:0px;border-bottom-left-radius:0px;}.kadence-column831_42b70b-59 > .kt-inside-inner-col{column-gap:var(--global-kb-gap-sm, 1rem);}.kadence-column831_42b70b-59 > .kt-inside-inner-col{flex-direction:column;}.kadence-column831_42b70b-59 > .kt-inside-inner-col > .aligncenter{width:100%;}.kadence-column831_42b70b-59 > .kt-inside-inner-col:before{opacity:0.3;}.kadence-column831_42b70b-59{position:relative;}.kadence-column831_42b70b-59, .kt-inside-inner-col > .kadence-column831_42b70b-59:not(.specificity){margin-right:100px;}@media all and (max-width: 1024px){.kadence-column831_42b70b-59 > .kt-inside-inner-col{flex-direction:column;justify-content:center;}}@media all and (max-width: 767px){.kadence-column831_42b70b-59 > .kt-inside-inner-col{padding-right:0px;flex-direction:column;justify-content:center;}.kadence-column831_42b70b-59, .kt-inside-inner-col > .kadence-column831_42b70b-59:not(.specificity){margin-right:0px;}}<\/style>\n<div class=\"wp-block-kadence-column kadence-column831_42b70b-59 inner-column-2\"><div class=\"kt-inside-inner-col\"><style>.wp-block-kadence-advancedheading.kt-adv-heading831_eb6c2b-ec, .wp-block-kadence-advancedheading.kt-adv-heading831_eb6c2b-ec[data-kb-block=\"kb-adv-heading831_eb6c2b-ec\"]{font-style:normal;}.wp-block-kadence-advancedheading.kt-adv-heading831_eb6c2b-ec mark.kt-highlight, .wp-block-kadence-advancedheading.kt-adv-heading831_eb6c2b-ec[data-kb-block=\"kb-adv-heading831_eb6c2b-ec\"] mark.kt-highlight{font-style:normal;color:#f76a0c;-webkit-box-decoration-break:clone;box-decoration-break:clone;padding-top:0px;padding-right:0px;padding-bottom:0px;padding-left:0px;}.wp-block-kadence-advancedheading.kt-adv-heading831_eb6c2b-ec img.kb-inline-image, .wp-block-kadence-advancedheading.kt-adv-heading831_eb6c2b-ec[data-kb-block=\"kb-adv-heading831_eb6c2b-ec\"] img.kb-inline-image{width:150px;vertical-align:baseline;}@media all and (max-width: 767px){.wp-block-kadence-advancedheading.kt-adv-heading831_eb6c2b-ec, .wp-block-kadence-advancedheading.kt-adv-heading831_eb6c2b-ec[data-kb-block=\"kb-adv-heading831_eb6c2b-ec\"]{padding-right:0px;}}<\/style>\n<h2 class=\"kt-adv-heading831_eb6c2b-ec wp-block-kadence-advancedheading has-theme-palette-3-color has-text-color\" data-kb-block=\"kb-adv-heading831_eb6c2b-ec\">Actividades<\/h2>\n\n\n<style>.wp-block-kadence-advancedheading.kt-adv-heading831_40d0ec-40, .wp-block-kadence-advancedheading.kt-adv-heading831_40d0ec-40[data-kb-block=\"kb-adv-heading831_40d0ec-40\"]{font-style:normal;text-transform:none;}.wp-block-kadence-advancedheading.kt-adv-heading831_40d0ec-40 mark.kt-highlight, .wp-block-kadence-advancedheading.kt-adv-heading831_40d0ec-40[data-kb-block=\"kb-adv-heading831_40d0ec-40\"] mark.kt-highlight{font-style:normal;color:#f76a0c;-webkit-box-decoration-break:clone;box-decoration-break:clone;padding-top:0px;padding-right:0px;padding-bottom:0px;padding-left:0px;}.wp-block-kadence-advancedheading.kt-adv-heading831_40d0ec-40 img.kb-inline-image, .wp-block-kadence-advancedheading.kt-adv-heading831_40d0ec-40[data-kb-block=\"kb-adv-heading831_40d0ec-40\"] img.kb-inline-image{width:150px;vertical-align:baseline;}<\/style>\n<h5 class=\"kt-adv-heading831_40d0ec-40 wp-block-kadence-advancedheading has-theme-palette-1-color has-text-color\" data-kb-block=\"kb-adv-heading831_40d0ec-40\">Introducci\u00f3n a la rob\u00f3tica con programaci\u00f3n por bloques<\/h5>\n\n\n\n<p>Sesi\u00f3n de introducci\u00f3n centrada en el montaje de circuitos b\u00e1sicos y programaci\u00f3n sencilla para familiarizarse con el entorno Arduino aplicado a la rob\u00f3tica. Acci\u00f3n formativa dirigida a alumnado del IESO Quercus (Malpartida de Plasencia).<\/p>\n\n\n\n<pre class=\"wp-block-verse has-theme-palette-3-color has-text-color\"><strong>Fecha:<\/strong> <strong>8 y 9 de abril de 2026<\/strong><br><strong>Lugar: Circular FAB de Malpartida de Plasencia<\/strong><br><strong>Horario: 10:30 a 11:30 h.<\/strong> <strong>(d\u00eda 8) - 13:30 a 14:30 h. (d\u00eda 9)<\/strong><\/pre>\n\n\n\n<div class=\"wp-block-buttons is-layout-flex wp-block-buttons-is-layout-flex\">\n<div class=\"wp-block-button\"><a class=\"wp-block-button__link wp-element-button\">Plazas agotadas<\/a><\/div>\n<\/div>\n<\/div><\/div>\n\n<\/div><\/div>\n\n<style>.kb-google-maps-container831_379746-43{height:450px;}<\/style><div class=\"kb-google-maps-container kb-google-maps-container831_379746-43  wp-block-kadence-googlemaps\" data-mapid=\"831_37974643\"><iframe width=\"100%\" height=\"100%\"\n\t\t\t\t\t\t\tstyle=\"border:0\" loading=\"lazy\"\n\t\t\t\t\t\t\tsrc=\"https:\/\/www.google.com\/maps\/embed\/v1\/place?key=AIzaSyBAM2o7PiQqwk15LC1XRH2e_KJ-jUa7KYk&#038;zoom=14&#038;maptype=satellite&#038;q=Circular+FAB+Malpartida+de+Plasencia\"\n\t\t\t\t\t\t\ttitle=\"Mapa de Google de Circular FAB Malpartida de Plasencia\"><\/iframe><\/div><script>function kb_google_map831_37974643() { let center = { lat: 37.8201, lng: -122.4781}; let map = new google.maps.Map(document.getElementById(\"kb-google-map831_37974643\"), {\n\t\t\t\t\t    zoom: 14,\n\t\t\t\t\t    center: center,mapTypeId: \"satellite\",});let marker = new google.maps.Marker({   position: { lat: 37.8201, lng: -122.4781},    map: map,  });}<\/script>\n\n<style>.kb-row-layout-id831_a3291b-98 > .kt-row-column-wrap{align-content:start;}:where(.kb-row-layout-id831_a3291b-98 > .kt-row-column-wrap) > .wp-block-kadence-column{justify-content:start;}.kb-row-layout-id831_a3291b-98 > .kt-row-column-wrap{column-gap:var(--global-kb-gap-md, 2rem);row-gap:var(--global-kb-gap-md, 2rem);max-width:var( --global-content-width, 1290px );padding-left:var(--global-content-edge-padding);padding-right:var(--global-content-edge-padding);padding-top:13px;padding-bottom:59px;grid-template-columns:minmax(0, 1fr);}.kb-row-layout-id831_a3291b-98 > .kt-row-layout-overlay{opacity:0.30;}@media all and (max-width: 1024px){.kb-row-layout-id831_a3291b-98 > .kt-row-column-wrap{grid-template-columns:minmax(0, 1fr);}}@media all and (max-width: 767px){.kb-row-layout-id831_a3291b-98 > .kt-row-column-wrap{grid-template-columns:minmax(0, 1fr);}}.kb-row-layout-id831_a3291b-98 .ld_course_grid .caption h3 {n    font-size: 22px;n    font-weight: 500;n}nn.kb-row-layout-id831_a3291b-98 .ld-course-list-items .ld_course_grid .thumbnail.course img {n  border-radius: 20px;n}n.kb-row-layout-id831_a3291b-98 .ld-course-list-items .ld_course_grid .thumbnail.course {n  border: none;n}n.kb-row-layout-id831_a3291b-98 .ld-course-list-items .ld_course_grid .thumbnail .caption p,n.kb-row-layout-id831_a3291b-98 .ld-course-list-items .ld_course_grid .thumbnail.course a.btn-primary {n  text-transform: uppercase;n  font-weight: bold;n  color: var(u002du002dglobal-palette1, #3182CE);n  background: none;n  font-weight: 600;n  font-size: 20px;n  letter-spacing: 1px;n  padding: 0;n  text-align: left;n  font-family: 'Barlow Condensed', sans-serif;n}<\/style><div class=\"kb-row-layout-wrap kb-row-layout-id831_a3291b-98 alignnone wp-block-kadence-rowlayout\"><div class=\"kt-row-column-wrap kt-has-1-columns kt-row-layout-equal kt-tab-layout-inherit kt-mobile-layout-row kt-row-valign-top kb-theme-content-width\">\n<style>.kadence-column831_9f8b63-60 > .kt-inside-inner-col,.kadence-column831_9f8b63-60 > .kt-inside-inner-col:before{border-top-left-radius:0px;border-top-right-radius:0px;border-bottom-right-radius:0px;border-bottom-left-radius:0px;}.kadence-column831_9f8b63-60 > .kt-inside-inner-col{column-gap:var(--global-kb-gap-sm, 1rem);}.kadence-column831_9f8b63-60 > .kt-inside-inner-col{flex-direction:column;}.kadence-column831_9f8b63-60 > .kt-inside-inner-col > .aligncenter{width:100%;}.kadence-column831_9f8b63-60 > .kt-inside-inner-col:before{opacity:0.3;}.kadence-column831_9f8b63-60{position:relative;}@media all and (max-width: 1024px){.kadence-column831_9f8b63-60 > .kt-inside-inner-col{flex-direction:column;justify-content:center;}}@media all and (max-width: 767px){.kadence-column831_9f8b63-60 > .kt-inside-inner-col{flex-direction:column;justify-content:center;}}<\/style>\n<div class=\"wp-block-kadence-column kadence-column831_9f8b63-60 inner-column-1\"><div class=\"kt-inside-inner-col\"><style>.wp-block-kadence-advancedheading.kt-adv-heading831_118236-9e, .wp-block-kadence-advancedheading.kt-adv-heading831_118236-9e[data-kb-block=\"kb-adv-heading831_118236-9e\"]{text-align:center;font-style:normal;}.wp-block-kadence-advancedheading.kt-adv-heading831_118236-9e mark.kt-highlight, .wp-block-kadence-advancedheading.kt-adv-heading831_118236-9e[data-kb-block=\"kb-adv-heading831_118236-9e\"] mark.kt-highlight{font-style:normal;color:#f76a0c;-webkit-box-decoration-break:clone;box-decoration-break:clone;padding-top:0px;padding-right:0px;padding-bottom:0px;padding-left:0px;}.wp-block-kadence-advancedheading.kt-adv-heading831_118236-9e img.kb-inline-image, .wp-block-kadence-advancedheading.kt-adv-heading831_118236-9e[data-kb-block=\"kb-adv-heading831_118236-9e\"] img.kb-inline-image{width:150px;vertical-align:baseline;}<\/style>\n<h2 class=\"kt-adv-heading831_118236-9e wp-block-kadence-advancedheading has-theme-palette-4-color has-text-color\" data-kb-block=\"kb-adv-heading831_118236-9e\">Descubre m\u00e1s actividades del Circular FAB de Malpartida de Plasencia<\/h2>\n\n\n<style>.wp-block-kadence-advancedheading.kt-adv-heading831_3c6f8a-3d, .wp-block-kadence-advancedheading.kt-adv-heading831_3c6f8a-3d[data-kb-block=\"kb-adv-heading831_3c6f8a-3d\"]{text-align:center;font-style:normal;}.wp-block-kadence-advancedheading.kt-adv-heading831_3c6f8a-3d mark.kt-highlight, .wp-block-kadence-advancedheading.kt-adv-heading831_3c6f8a-3d[data-kb-block=\"kb-adv-heading831_3c6f8a-3d\"] mark.kt-highlight{font-style:normal;color:#f76a0c;-webkit-box-decoration-break:clone;box-decoration-break:clone;padding-top:0px;padding-right:0px;padding-bottom:0px;padding-left:0px;}.wp-block-kadence-advancedheading.kt-adv-heading831_3c6f8a-3d img.kb-inline-image, .wp-block-kadence-advancedheading.kt-adv-heading831_3c6f8a-3d[data-kb-block=\"kb-adv-heading831_3c6f8a-3d\"] img.kb-inline-image{width:150px;vertical-align:baseline;}<\/style>\n<p class=\"kt-adv-heading831_3c6f8a-3d wp-block-kadence-advancedheading\" data-kb-block=\"kb-adv-heading831_3c6f8a-3d\">Visita la p\u00e1gina web<\/p>\n\n\n<style>.wp-block-kadence-advancedbtn.kb-btns831_7fe0c7-bf{gap:var(--global-kb-gap-xs, 0.5rem );justify-content:center;align-items:center;}.kt-btns831_7fe0c7-bf .kt-button{font-weight:normal;font-style:normal;}<\/style>\n<div class=\"wp-block-kadence-advancedbtn kb-buttons-wrap kb-btns831_7fe0c7-bf\"><style>ul.menu .wp-block-kadence-advancedbtn .kb-btn831_dd4581-66.kb-button{width:initial;}.wp-block-kadence-advancedbtn .kb-btn831_dd4581-66.kb-button{padding-right:100px;padding-left:100px;}@media all and (max-width: 767px){.wp-block-kadence-advancedbtn .kb-btn831_dd4581-66.kb-button{font-size:15px;}}<\/style><a class=\"kb-button kt-button button kb-btn831_dd4581-66 kt-btn-size-standard kt-btn-width-type-full kb-btn-global-inherit  kt-btn-has-text-true kt-btn-has-svg-false  wp-block-button__link wp-block-kadence-singlebtn\" href=\"https:\/\/malpartida.circularfab.es\/\"><span class=\"kt-btn-inner-text\">P\u00e1gina del Circular FAB de Malpartida de Plasencia<\/span><\/a><\/div>\n<\/div><\/div>\n\n<\/div><\/div>","protected":false},"excerpt":{"rendered":"<p>Malpartida de Plasencia Un Circular FAB es un centro de innovaci\u00f3n territorial que impulsa la digitalizaci\u00f3n, la sostenibilidad y el emprendimiento en entornos rurales, ofreciendo formaci\u00f3n, tecnolog\u00eda y apoyo a empresas y ciudadan\u00eda. Actividades Introducci\u00f3n a la rob\u00f3tica con programaci\u00f3n por bloques Sesi\u00f3n de introducci\u00f3n centrada en el montaje de circuitos b\u00e1sicos y programaci\u00f3n sencilla&#8230;<\/p>\n","protected":false},"author":4,"featured_media":362,"parent":0,"menu_order":0,"comment_status":"closed","ping_status":"closed","template":"","meta":{"_kadence_starter_templates_imported_post":true,"_kad_post_transparent":"","_kad_post_title":"","_kad_post_layout":"","_kad_post_sidebar_id":"","_kad_post_content_style":"","_kad_post_vertical_padding":"","_kad_post_feature":"","_kad_post_feature_position":"","_kad_post_header":false,"_kad_post_footer":false,"_kad_post_classname":"","footnotes":""},"class_list":["post-831","page","type-page","status-publish","has-post-thumbnail","hentry"],"_links":{"self":[{"href":"https:\/\/arduinoweekextremadura.es\/index.php\/wp-json\/wp\/v2\/pages\/831","targetHints":{"allow":["GET"]}}],"collection":[{"href":"https:\/\/arduinoweekextremadura.es\/index.php\/wp-json\/wp\/v2\/pages"}],"about":[{"href":"https:\/\/arduinoweekextremadura.es\/index.php\/wp-json\/wp\/v2\/types\/page"}],"author":[{"embeddable":true,"href":"https:\/\/arduinoweekextremadura.es\/index.php\/wp-json\/wp\/v2\/users\/4"}],"replies":[{"embeddable":true,"href":"https:\/\/arduinoweekextremadura.es\/index.php\/wp-json\/wp\/v2\/comments?post=831"}],"version-history":[{"count":21,"href":"https:\/\/arduinoweekextremadura.es\/index.php\/wp-json\/wp\/v2\/pages\/831\/revisions"}],"predecessor-version":[{"id":1554,"href":"https:\/\/arduinoweekextremadura.es\/index.php\/wp-json\/wp\/v2\/pages\/831\/revisions\/1554"}],"wp:featuredmedia":[{"embeddable":true,"href":"https:\/\/arduinoweekextremadura.es\/index.php\/wp-json\/"}],"wp:attachment":[{"href":"https:\/\/arduinoweekextremadura.es\/index.php\/wp-json\/wp\/v2\/media?parent=831"}],"curies":[{"name":"wp","href":"https:\/\/api.w.org\/{rel}","templated":true}]}}